{"id":29,"date":"2021-05-28T20:50:28","date_gmt":"2021-05-28T20:50:28","guid":{"rendered":"http:\/\/burbiculo.com\/?page_id=29"},"modified":"2025-03-25T20:12:19","modified_gmt":"2025-03-25T20:12:19","slug":"bio","status":"publish","type":"page","link":"https:\/\/burbiculo.com\/en\/","title":{"rendered":"Bio"},"content":{"rendered":"\n<h2 class=\"wp-block-heading alignfull has-orange-color has-text-color\">Burbiculo \/ Florianne Philippe-Beauchamp<\/h2>\n\n\n<div class=\"wp-block-image\">\n<figure class=\"aligncenter size-large\"><img loading=\"lazy\" decoding=\"async\" width=\"1080\" height=\"607\" src=\"http:\/\/burbiculo.com\/wp-content\/uploads\/2021\/06\/187671568_138510281649139_2083594769197056497_n-1-edited.jpg\" alt=\"\" class=\"wp-image-53\" srcset=\"https:\/\/burbiculo.com\/wp-content\/uploads\/2021\/06\/187671568_138510281649139_2083594769197056497_n-1-edited.jpg 1080w, https:\/\/burbiculo.com\/wp-content\/uploads\/2021\/06\/187671568_138510281649139_2083594769197056497_n-1-edited-300x169.jpg 300w, https:\/\/burbiculo.com\/wp-content\/uploads\/2021\/06\/187671568_138510281649139_2083594769197056497_n-1-edited-1024x576.jpg 1024w, https:\/\/burbiculo.com\/wp-content\/uploads\/2021\/06\/187671568_138510281649139_2083594769197056497_n-1-edited-768x432.jpg 768w\" sizes=\"auto, (max-width: 1080px) 100vw, 1080px\" \/><figcaption class=\"wp-element-caption\"><sup><sup>\u201cPublic \/ Private Parts ou L\u2019Origine du monde\u201d by Gerard X Reyes.<\/sup><br><sup>Dancer: Florianne Philippe-Beauchamp. Photographer: Juan David Padilla.<\/sup><\/sup><\/figcaption><\/figure>\n<\/div>\n\n\n<p class=\"has-drop-cap has-red-color has-text-color\">Burbiculo\/Florianne Philippe-Beauchamp (it\/they) is a dancer, performer and somatic sex educator. It evolves in a multidisciplinary artistic environment and its practice is based on the study of the living body, with its transformations and its limits, which implies an interest in the potentialities of sensuality, desire, gender, madness and nightlife. Its work is presented as performances, immersive installations, dance pieces and videos.<\/p>\n\n\n\n<p class=\"has-red-color has-text-color\">Florianne was trained as a classical dancer for 8 years before exploring urban dances, which led it to learn dancehall and deepen its training in Jamaica. Growing up in the nightlife scene in Montreal, and later in Mexico City, had a lasting impact on their identity as a dancer. Their research led them to train as a somatic sex educator at the Institute for the Study of Somatic Sex Education (ISSSE, Victoria, Canada). Its educational work on embodied sensuality has an international outreach.<\/p>\n\n\n\n<p class=\"has-red-color has-text-color\">Florianne has collaborated the Caba\u00f1as Museum, the Ceremonia Festival, the Centro Cultural del Bosque, the Centro Cultural Espa\u00f1a in Mexico, the Centro de la Imagen, the Traici\u00f3n collective, El Arenero and Espacio Sin Nombre (Mexico), the Pervers\/cit\u00e9 festival (Canada), and the University of Fine Arts in M\u00fcnster (Germany). They were artist Zemmoa&#8217;s choreographer and dancer, with whom they danced at the Z\u00f3calo, the Teatro de la Ciudad Esperanza Iris, and the Museo Universidad del Chopo. They worked with choreographer C\u00e9sar Brodermann and his company Aterno, with whom they danced at Conjunto Santander and Danza UNAM, and during Mexico City Art Week. Florianne&#8217;s performance SANGUAZA was nominated for Best Art Work of the Year 2022 by Obras de Arte Comentadas. They received a Canada Council for the Arts grant in 2023.<\/p>\n\n\n\n<p><\/p>\n\n\n\n<p><\/p>\n","protected":false},"excerpt":{"rendered":"<p>Burbiculo \/ Florianne Philippe-Beauchamp Burbiculo\/Florianne Philippe-Beauchamp (it\/they) is a dancer, performer and somatic sex educator. It evolves in a multidisciplinary artistic environment and its practice is based on the study of the living body, with its transformations and its limits, which implies an interest in the potentialities of sensuality, desire, gender, madness and nightlife. Its&hellip; <a class=\"more-link\" href=\"https:\/\/burbiculo.com\/en\/\">Continue reading <span class=\"screen-reader-text\">Bio<\/span><\/a><\/p>\n","protected":false},"author":1,"featured_media":0,"parent":0,"menu_order":0,"comment_status":"closed","ping_status":"closed","template":"","meta":{"footnotes":""},"class_list":["post-29","page","type-page","status-publish","hentry","entry"],"_links":{"self":[{"href":"https:\/\/burbiculo.com\/en\/wp-json\/wp\/v2\/pages\/29","targetHints":{"allow":["GET"]}}],"collection":[{"href":"https:\/\/burbiculo.com\/en\/wp-json\/wp\/v2\/pages"}],"about":[{"href":"https:\/\/burbiculo.com\/en\/wp-json\/wp\/v2\/types\/page"}],"author":[{"embeddable":true,"href":"https:\/\/burbiculo.com\/en\/wp-json\/wp\/v2\/users\/1"}],"replies":[{"embeddable":true,"href":"https:\/\/burbiculo.com\/en\/wp-json\/wp\/v2\/comments?post=29"}],"version-history":[{"count":20,"href":"https:\/\/burbiculo.com\/en\/wp-json\/wp\/v2\/pages\/29\/revisions"}],"predecessor-version":[{"id":2066,"href":"https:\/\/burbiculo.com\/en\/wp-json\/wp\/v2\/pages\/29\/revisions\/2066"}],"wp:attachment":[{"href":"https:\/\/burbiculo.com\/en\/wp-json\/wp\/v2\/media?parent=29"}],"curies":[{"name":"wp","href":"https:\/\/api.w.org\/{rel}","templated":true}]}}