{"id":1032,"date":"2022-04-13T00:12:56","date_gmt":"2022-04-13T00:12:56","guid":{"rendered":"http:\/\/burbiculo.com\/?page_id=1032"},"modified":"2022-04-13T00:14:40","modified_gmt":"2022-04-13T00:14:40","slug":"ce-que-jaurais-voulu-savoir-avant-de-prendre-des-antidepresseurs","status":"publish","type":"page","link":"https:\/\/burbiculo.com\/fr\/trabajo-artistico\/ce-que-jaurais-voulu-savoir-avant-de-prendre-des-antidepresseurs\/","title":{"rendered":"Ce que j&rsquo;aurais voulu savoir avant de prendre des antid\u00e9presseurs"},"content":{"rendered":"\n<div data-wp-interactive=\"core\/file\" class=\"wp-block-file\"><object data-wp-bind--hidden=\"!state.hasPdfPreview\" hidden class=\"wp-block-file__embed\" data=\"http:\/\/burbiculo.com\/wp-content\/uploads\/2022\/04\/Ce-que-jaurais-voulu-2022.pdf\" type=\"application\/pdf\" style=\"width:100%;height:600px\" aria-label=\"Contenu embarqu\u00e9 Embed of Ce-que-jaurais-voulu-2022..\"><\/object><a id=\"wp-block-file--media-220d6ac4-9e5d-4eca-83ea-2e170cbaf1c2\" href=\"http:\/\/burbiculo.com\/wp-content\/uploads\/2022\/04\/Ce-que-jaurais-voulu-2022.pdf\">Ce-que-jaurais-voulu-2022<\/a><a href=\"http:\/\/burbiculo.com\/wp-content\/uploads\/2022\/04\/Ce-que-jaurais-voulu-2022.pdf\" class=\"wp-block-file__button\" download aria-describedby=\"wp-block-file--media-220d6ac4-9e5d-4eca-83ea-2e170cbaf1c2\">Download<\/a><\/div>\n\n\n\n<p class=\"has-orange-color has-text-color\">J\u2019ai \u00e9crit, illustr\u00e9, produit et auto-publi\u00e9 <em>Ce que j&rsquo;aurais voulu savoir avant de prendre des antid\u00e9presseurs<\/em> dans les mois suivant mon sevrage de m\u00e9dicaments psychotropes en 2016, comblant un besoin criant de partager mes connaissances des affres de la m\u00e9dication psychiatrique avec l&rsquo;intention de soutenir d\u2019autres personnes dans leur autonomie corporelle et m\u00e9dicale. Mon zine a re\u00e7u beaucoup d&rsquo;int\u00e9r\u00eat du public et a \u00e9t\u00e9 finaliste pour le prix Expozine 2016 dans la cat\u00e9gorie Meilleur zine en fran\u00e7ais.<\/p>\n\n\n\n<p class=\"has-orange-color has-text-color\">Je ne l&rsquo;avais jamais mis en ligne pour deux raisons : j&rsquo;avais mis beaucoup d&rsquo;amour et d&rsquo;effort dans ce zine comme objet en soi, et j&rsquo;aime beaucoup sa mat\u00e9rialit\u00e9. En plus, j&rsquo;ai travaill\u00e9 de mani\u00e8re inconstante sur une prochaine \u00e9dition du livre dans les derni\u00e8res ann\u00e9es, et j&rsquo;avais h\u00e2te de partager tout ce que j&rsquo;ai appris depuis sa premi\u00e8re publication. Cette r\u00e9\u00e9criture est devenu un projet de livre beaucoup plus complet que j&rsquo;ai toujours l&rsquo;intention de terminer un jour, dans plusieurs ann\u00e9es, quand ma carri\u00e8re en danse et en \u00e9ducation sexuelle somatique seront moins une priorit\u00e9. <\/p>\n\n\n\n<p class=\"has-orange-color has-text-color\">Le moment est venu de partager librement ce document, un morceau de moi tr\u00e8s pr\u00e9cieux. Six ans apr\u00e8s mon sevrage d&rsquo;antid\u00e9presseurs, je suis vivement impressionn\u00e9.e par mon d\u00e9sir de mieux-\u00eatre tellement radical qui m&rsquo;a pouss\u00e9.e \u00e0 changer ma vie, et par mon courage d&rsquo;avoir partag\u00e9 mon exp\u00e9rience. Je continue \u00e0 d\u00e9sapprendre le perfectionnisme et vous offre ce zine qui serait diff\u00e9rent si je le publiais aujourd&rsquo;hui. <\/p>\n\n\n\n<p class=\"has-orange-color has-text-color\">Si vous avez envie et la possibilit\u00e9 de contribuer, j&rsquo;accepte chaleureusement les dons de n&rsquo;importe quel montant \u00e0 <a rel=\"noreferrer noopener\" href=\"http:\/\/paypal.me\/floriannepb\" target=\"_blank\">paypal.me\/floriannepb<\/a>.<\/p>\n","protected":false},"excerpt":{"rendered":"<p>J\u2019ai \u00e9crit, illustr\u00e9, produit et auto-publi\u00e9 Ce que j&rsquo;aurais voulu savoir avant de prendre des antid\u00e9presseurs dans les mois suivant mon sevrage de m\u00e9dicaments psychotropes en 2016, comblant un besoin criant de partager mes connaissances des affres de la m\u00e9dication psychiatrique avec l&rsquo;intention de soutenir d\u2019autres personnes dans leur autonomie corporelle et m\u00e9dicale. Mon zine&hellip; <a class=\"more-link\" href=\"https:\/\/burbiculo.com\/fr\/trabajo-artistico\/ce-que-jaurais-voulu-savoir-avant-de-prendre-des-antidepresseurs\/\">Poursuivre la lecture <span class=\"screen-reader-text\">Ce que j&rsquo;aurais voulu savoir avant de prendre des antid\u00e9presseurs<\/span><\/a><\/p>\n","protected":false},"author":1,"featured_media":0,"parent":670,"menu_order":0,"comment_status":"closed","ping_status":"closed","template":"","meta":{"footnotes":""},"class_list":["post-1032","page","type-page","status-publish","hentry","entry"],"_links":{"self":[{"href":"https:\/\/burbiculo.com\/fr\/wp-json\/wp\/v2\/pages\/1032","targetHints":{"allow":["GET"]}}],"collection":[{"href":"https:\/\/burbiculo.com\/fr\/wp-json\/wp\/v2\/pages"}],"about":[{"href":"https:\/\/burbiculo.com\/fr\/wp-json\/wp\/v2\/types\/page"}],"author":[{"embeddable":true,"href":"https:\/\/burbiculo.com\/fr\/wp-json\/wp\/v2\/users\/1"}],"replies":[{"embeddable":true,"href":"https:\/\/burbiculo.com\/fr\/wp-json\/wp\/v2\/comments?post=1032"}],"version-history":[{"count":5,"href":"https:\/\/burbiculo.com\/fr\/wp-json\/wp\/v2\/pages\/1032\/revisions"}],"predecessor-version":[{"id":1052,"href":"https:\/\/burbiculo.com\/fr\/wp-json\/wp\/v2\/pages\/1032\/revisions\/1052"}],"up":[{"embeddable":true,"href":"https:\/\/burbiculo.com\/fr\/wp-json\/wp\/v2\/pages\/670"}],"wp:attachment":[{"href":"https:\/\/burbiculo.com\/fr\/wp-json\/wp\/v2\/media?parent=1032"}],"curies":[{"name":"wp","href":"https:\/\/api.w.org\/{rel}","templated":true}]}}