{"id":122,"date":"2021-06-14T18:56:49","date_gmt":"2021-06-14T18:56:49","guid":{"rendered":"http:\/\/burbiculo.com\/?page_id=122"},"modified":"2025-05-05T23:21:40","modified_gmt":"2025-05-05T23:21:40","slug":"education-sexuelle-somatique","status":"publish","type":"page","link":"https:\/\/burbiculo.com\/fr\/education-sexuelle-somatique\/","title":{"rendered":"\u00c9ducation Sexuelle Somatique"},"content":{"rendered":"\n<figure class=\"wp-block-embed is-type-video is-provider-vimeo wp-block-embed-vimeo wp-embed-aspect-16-9 wp-has-aspect-ratio\"><div class=\"wp-block-embed__wrapper\">\n<iframe loading=\"lazy\" title=\"Manifiesto - Queremos expandir nuestra experiencia del deseo y del placer de manera colectiva\" src=\"https:\/\/player.vimeo.com\/video\/586971263?dnt=1&amp;app_id=122963\" width=\"750\" height=\"422\" frameborder=\"0\" allow=\"autoplay; fullscreen; picture-in-picture; clipboard-write; encrypted-media\"><\/iframe>\n<\/div><figcaption class=\"wp-element-caption\">Ce manifeste \u00e9tait mon travail final pour mon cours 3 d&rsquo;\u00e9ducation sexuelle somatique, une certification que je suis \u00e0 l&rsquo;Institute for the Study of Somatic Sex Education, bas\u00e9 \u00e0 Victoria, au Canada.<\/figcaption><\/figure>\n\n\n\n<p class=\"has-drop-cap has-orange-color has-text-color\">Somatique vient du mot grec \u00ab soma \u00bb, qui signifie le corps mat\u00e9riel. J&rsquo;aime d\u00e9finir le corps somatique comme le corps per\u00e7u de l&rsquo;int\u00e9rieur, ce qui inclut ses aspects \u00e9motionnels et spirituels. L&rsquo;\u00e9ducation sexuelle somatique est un domaine en pleine croissance qui met l&#8217;emphase sur l&rsquo;exp\u00e9rience v\u00e9cue du corps. Le peu d&rsquo;\u00e9ducation sexuelle que j&rsquo;ai re\u00e7ue \u00e0 l&rsquo;\u00e9cole \u00e9tait ax\u00e9e sur des id\u00e9es rationnelles sur les risques et la reproduction. Tr\u00e8s peu de personnes sont \u00e9duqu\u00e9es \u00e0 propos du plaisir, du consentement et simplement d&rsquo;\u00eatre \u00e0 l&rsquo;\u00e9coute de leurs sensations. Je crois que cela limite notre exp\u00e9rience du plaisir et limite notre \u00e9panouissement sensuel et sexuel, puisque la sexualit\u00e9 est une exp\u00e9rience incarn\u00e9e.<\/p>\n\n\n\n<p class=\"has-orange-color has-text-color\">La culture dominante nous enseigne que notre plaisir est honteux et qu&rsquo;il faut le cacher. Nous limitons notre exp\u00e9rience au plaisir et peut-\u00eatre n&rsquo;associons le plaisir et l&rsquo;\u00e9rotisme qu&rsquo;aux rapports sexuels et aux id\u00e9es que nous avons sur ce que cela doit \u00eatre. Cependant, notre capacit\u00e9 au plaisir est \u00e0 peu pr\u00e8s illimit\u00e9e. Lorsque nous commen\u00e7ons \u00e0 nous connecter \u00e0 nos sensations, notre plaisir peut s&rsquo;\u00e9tendre lorsque nous pr\u00eatons attention aux textures, aux sons, \u00e0 notre respiration, etc.<\/p>\n\n\n\n<figure class=\"wp-block-image size-large\"><img loading=\"lazy\" decoding=\"async\" width=\"1024\" height=\"462\" src=\"http:\/\/burbiculo.com\/wp-content\/uploads\/2021\/06\/Capture-decran-197-1024x462.png\" alt=\"\" class=\"wp-image-229\" srcset=\"https:\/\/burbiculo.com\/wp-content\/uploads\/2021\/06\/Capture-decran-197-1024x462.png 1024w, https:\/\/burbiculo.com\/wp-content\/uploads\/2021\/06\/Capture-decran-197-300x135.png 300w, https:\/\/burbiculo.com\/wp-content\/uploads\/2021\/06\/Capture-decran-197-768x347.png 768w, https:\/\/burbiculo.com\/wp-content\/uploads\/2021\/06\/Capture-decran-197.png 1108w\" sizes=\"auto, (max-width: 1024px) 100vw, 1024px\" \/><\/figure>\n\n\n\n<p class=\"has-orange-color has-text-color\">Parfois, lorsque je demande aux personnes de se connecter avec ce que leur corps veut et d\u00e9sire, elles me demandent \u00ab&nbsp;comment puis-je le savoir&nbsp;?&nbsp;\u00bb C&rsquo;est une question tr\u00e8s l\u00e9gitime, car nous sommes \u00e9duqu\u00e9.e.s \u00e0 ne pas pr\u00eater attention \u00e0 nos besoins et d\u00e9sirs physiques. D\u00e8s l&rsquo;\u00e9cole primaire, nous apprenons \u00e0 ignorer notre besoin fonctionnel d&rsquo;aller aux toilettes pour le programmer avec les r\u00e9cr\u00e9ations scolaires. Dans un monde o\u00f9 nous commen\u00e7ons \u00e0 ignorer nos BESOINS \u00e0 un si jeune \u00e2ge, r\u00e9apprendre \u00e0 pr\u00eater attention et \u00e0 \u00e9couter ce que nous d\u00e9sirons est un processus d&rsquo;apprentissage qui demande de la pratique. <\/p>\n\n\n\n<p class=\"has-orange-color has-text-color\">Certaines choses qui peuvent limiter notre exp\u00e9rience de la sexualit\u00e9, \u00e0 part le manque d&rsquo;\u00e9ducation, sont la honte, les traumatismes et la douleur, pour en nommer quelques-unes. En tant qu&rsquo;\u00e9ducateur.trice.s sexuel.le.s somatiques, nous sommes form\u00e9.e.s pour accompagner des individus et des groupes dans leur cheminement vers la vie sensuelle et sexuelle qu&rsquo;ils et elles choisissent. Gr\u00e2ce \u00e0 des s\u00e9ances individuelles, des ateliers, un accompagnement en ligne et des groupes continus, nos client.e.s peuvent explorer de mani\u00e8re consciente la respiration, le mouvement et le toucher dans le cadre d&rsquo;une relation professionnelle s\u00e9curitaire. Nos client.e.s peuvent se pratiquer \u00e0 ressentir et exprimer leurs d\u00e9sirs, et \u00e0 communiquer et n\u00e9gocier dans le domaine \u00e9rotique. Nous aidons les client.e.s \u00e0 apporter plus de plaisir et de vitalit\u00e9 dans leur vie \u00e9rotique et leurs relations. Nous travaillons avec des exercices et des exp\u00e9riences corporelles qui incluent la conscience somatique, l&rsquo;orientation vers le plaisir, et la c\u00e9l\u00e9bration des d\u00e9sirs et limites.<\/p>\n\n\n\n<p class=\"has-orange-color has-text-color\">J&rsquo;ai \u00e9tudi\u00e9 \u00e0 l&rsquo;Institute for the Study of Somatic Sex Education (ISSSE), bas\u00e9 \u00e0 Victoria, Canada. J&rsquo;ai d\u00e9cid\u00e9 d&rsquo;\u00e9tudier \u00e0 l&rsquo;Institut car c&rsquo;est le seul qui offre une compr\u00e9hension approfondie de la diversit\u00e9 des genres, des traumatismes, du syst\u00e8me nerveux et des oppressions syst\u00e9miques. La formation en \u00e9ducation sexuelle somatique inclut le programme complet et \u00e9largi de Sexological Bodywork. Je suis \u00e9galement membre de la <a href=\"https:\/\/somaticsexeducators.com\/members\/407\/single-practitioner\/\">Somatic Sex Educators Association<\/a> et adh\u00e8re \u00e0 leur code d&rsquo;\u00e9thique professionnelle.<\/p>\n\n\n\n<figure class=\"wp-block-image size-large\"><img loading=\"lazy\" decoding=\"async\" width=\"1024\" height=\"456\" src=\"http:\/\/burbiculo.com\/wp-content\/uploads\/2021\/06\/Capture-decran-198-1024x456.png\" alt=\"\" class=\"wp-image-224\" srcset=\"https:\/\/burbiculo.com\/wp-content\/uploads\/2021\/06\/Capture-decran-198-1024x456.png 1024w, https:\/\/burbiculo.com\/wp-content\/uploads\/2021\/06\/Capture-decran-198-300x134.png 300w, https:\/\/burbiculo.com\/wp-content\/uploads\/2021\/06\/Capture-decran-198-768x342.png 768w, https:\/\/burbiculo.com\/wp-content\/uploads\/2021\/06\/Capture-decran-198.png 1110w\" sizes=\"auto, (max-width: 1024px) 100vw, 1024px\" \/><\/figure>\n\n\n\n<div class=\"wp-block-buttons alignwide is-content-justification-center is-layout-flex wp-container-core-buttons-is-layout-16018d1d wp-block-buttons-is-layout-flex\">\n<div class=\"wp-block-button\"><a class=\"wp-block-button__link wp-element-button\" href=\"https:\/\/burbiculo.com\/fr\/education-sexuelle-somatique\/accompagnement-en-ess\/\">Accompagnement en \u00e9ducation sexuelle somatique<\/a><\/div>\n\n\n\n<div class=\"wp-block-button\"><a class=\"wp-block-button__link wp-element-button\" href=\"https:\/\/burbiculo.com\/fr\/education-sexuelle-somatique\/bodywork\/\">Bodywork<\/a><\/div>\n\n\n\n<div class=\"wp-block-button\"><a class=\"wp-block-button__link has-text-align-center wp-element-button\" href=\"https:\/\/burbiculo.com\/fr\/cours\/\">Cours<\/a><\/div>\n<\/div>\n\n\n\n<h2 class=\"wp-block-heading alignfull has-orange-color has-text-color has-extra-large-font-size\"><\/h2>\n\n\n\n<p><\/p>\n","protected":false},"excerpt":{"rendered":"<p>Somatique vient du mot grec \u00ab soma \u00bb, qui signifie le corps mat\u00e9riel. J&rsquo;aime d\u00e9finir le corps somatique comme le corps per\u00e7u de l&rsquo;int\u00e9rieur, ce qui inclut ses aspects \u00e9motionnels et spirituels. L&rsquo;\u00e9ducation sexuelle somatique est un domaine en pleine croissance qui met l&#8217;emphase sur l&rsquo;exp\u00e9rience v\u00e9cue du corps. Le peu d&rsquo;\u00e9ducation sexuelle que j&rsquo;ai&hellip; <a class=\"more-link\" href=\"https:\/\/burbiculo.com\/fr\/education-sexuelle-somatique\/\">Poursuivre la lecture <span class=\"screen-reader-text\">\u00c9ducation Sexuelle Somatique<\/span><\/a><\/p>\n","protected":false},"author":1,"featured_media":0,"parent":0,"menu_order":0,"comment_status":"closed","ping_status":"closed","template":"","meta":{"footnotes":""},"class_list":["post-122","page","type-page","status-publish","hentry","entry"],"_links":{"self":[{"href":"https:\/\/burbiculo.com\/fr\/wp-json\/wp\/v2\/pages\/122","targetHints":{"allow":["GET"]}}],"collection":[{"href":"https:\/\/burbiculo.com\/fr\/wp-json\/wp\/v2\/pages"}],"about":[{"href":"https:\/\/burbiculo.com\/fr\/wp-json\/wp\/v2\/types\/page"}],"author":[{"embeddable":true,"href":"https:\/\/burbiculo.com\/fr\/wp-json\/wp\/v2\/users\/1"}],"replies":[{"embeddable":true,"href":"https:\/\/burbiculo.com\/fr\/wp-json\/wp\/v2\/comments?post=122"}],"version-history":[{"count":10,"href":"https:\/\/burbiculo.com\/fr\/wp-json\/wp\/v2\/pages\/122\/revisions"}],"predecessor-version":[{"id":2145,"href":"https:\/\/burbiculo.com\/fr\/wp-json\/wp\/v2\/pages\/122\/revisions\/2145"}],"wp:attachment":[{"href":"https:\/\/burbiculo.com\/fr\/wp-json\/wp\/v2\/media?parent=122"}],"curies":[{"name":"wp","href":"https:\/\/api.w.org\/{rel}","templated":true}]}}