{"id":1370,"date":"2022-10-25T19:35:48","date_gmt":"2022-10-25T19:35:48","guid":{"rendered":"http:\/\/burbiculo.com\/?page_id=1370"},"modified":"2022-10-25T19:35:49","modified_gmt":"2022-10-25T19:35:49","slug":"medias","status":"publish","type":"page","link":"https:\/\/burbiculo.com\/fr\/bio\/medias\/","title":{"rendered":"M\u00e9dias"},"content":{"rendered":"\n<h3 class=\"alignwide has-red-color has-text-color wp-block-heading\">Anglais<\/h3>\n\n\n\n<figure class=\"wp-block-embed is-type-rich is-provider-mixcloud wp-block-embed-mixcloud wp-embed-aspect-21-9 wp-has-aspect-ratio\"><div class=\"wp-block-embed__wrapper\">\n<iframe loading=\"lazy\" title=\"Sex Siren X Burbiculx\" width=\"100%\" height=\"120\" src=\"https:\/\/www.mixcloud.com\/widget\/iframe\/?feed=https%3A%2F%2Fwww.mixcloud.com%2FAudioSmut%2Fsex-siren-x-burbiculx%2F&amp;hide_cover=1\" frameborder=\"0\"><\/iframe>\n<\/div><figcaption>2020. Audiosmut X Burbiculo<br>Sex siren in the ballrooom culture, transness&amp;desirability, &amp; Somatic Sex Education training.<br><br><br><\/figcaption><\/figure>\n\n\n\n<h3 class=\"alignwide has-red-color has-text-color wp-block-heading\">Espagnol<\/h3>\n\n\n\n<figure class=\"wp-block-embed is-type-rich is-provider-mixcloud wp-block-embed-mixcloud wp-embed-aspect-21-9 wp-has-aspect-ratio\"><div class=\"wp-block-embed__wrapper\">\n<iframe loading=\"lazy\" title=\"Hogar #2 \/ 20 De Septiembre \/ Florianne Philippe-Beauchamp\" width=\"100%\" height=\"120\" src=\"https:\/\/www.mixcloud.com\/widget\/iframe\/?feed=https%3A%2F%2Fwww.mixcloud.com%2Fradionopal%2Fhogar-verano-cuerpo%2F&amp;hide_cover=1\" frameborder=\"0\"><\/iframe>\n<\/div><figcaption>2022. Verano &#8211; Cuerpo<br>Entrevista por Jimena a cerca del hogar-cuerpo-territorio, entretejiendo mis experiencias con la pr\u00e1ctica como hogar, salud integral, erotismo y pol\u00edtica som\u00e1tica.<br><br><br><\/figcaption><\/figure>\n\n\n\n<p><\/p>\n\n\n\n<p><\/p>\n\n\n\n<p><\/p>\n\n\n\n<figure class=\"wp-block-embed is-type-rich is-provider-spotify wp-block-embed-spotify wp-embed-aspect-21-9 wp-has-aspect-ratio\"><div class=\"wp-block-embed__wrapper\">\n<iframe title=\"Spotify Embed: E22. Relaciones (y Piernas) Abiertas con Burb\u00edculo\" style=\"border-radius: 12px\" width=\"100%\" height=\"152\" frameborder=\"0\" allowfullscreen allow=\"autoplay; clipboard-write; encrypted-media; fullscreen; picture-in-picture\" loading=\"lazy\" src=\"https:\/\/open.spotify.com\/embed\/episode\/2ARUJfTQP5XbktkL54Blt1?si=0012096199a042c2&#038;nd=1&#038;utm_source=oembed\"><\/iframe>\n<\/div><figcaption>2022. Relaciones (y Piernas) Abiertas<br>En este episodio de Calientes y Conscientes, podcast por Zhann (@vulvainilla) y David (@sexologodebolsillo), platicamos con Burb\u00edculo (@burbiculo_), educadorx en relaciones abiertas para que nos explique c\u00f3mo hacerle si queremos abrir nuestra relaci\u00f3n, qu\u00e9 podemos esperar y qu\u00e9 cuidados tenemos que tener.<br><br><br><\/figcaption><\/figure>\n\n\n\n<p><\/p>\n\n\n\n<p><\/p>\n\n\n\n<p><\/p>\n\n\n\n<figure class=\"wp-block-embed is-type-rich is-provider-mixcloud wp-block-embed-mixcloud wp-embed-aspect-21-9 wp-has-aspect-ratio\"><div class=\"wp-block-embed__wrapper\">\n<iframe loading=\"lazy\" title=\"Plaser_06_Burbiculo\" width=\"100%\" height=\"120\" src=\"https:\/\/www.mixcloud.com\/widget\/iframe\/?feed=https%3A%2F%2Fwww.mixcloud.com%2Fradionopal%2Fplaser_06_burbiculo%2F&amp;hide_cover=1\" frameborder=\"0\"><\/iframe>\n<\/div><figcaption>2022. PlaSer por Clitorito<br>Burbiculo nos comparte su percepci\u00f3n sobre el placer a trav\u00e9s de su trayectoria como performer, sex siren, educadorx sexual y exploraci\u00f3n de la constante transformaci\u00f3n del g\u00e9nero.<br><br><br><\/figcaption><\/figure>\n\n\n\n<figure class=\"wp-block-embed is-type-wp-embed is-provider-coolhuntermx wp-block-embed-coolhuntermx\"><div class=\"wp-block-embed__wrapper\">\n<blockquote class=\"wp-embedded-content\" data-secret=\"BJbPJvXs9E\"><a href=\"https:\/\/coolhuntermx.com\/lgbt-06-2022-corporalidades-disidentes-cinco-creativxs-y-activistas-lgbtiqa\/\">Corporalidades disidentes: 5 creativxs y activistas LGBTIQA+<\/a><\/blockquote><iframe loading=\"lazy\" class=\"wp-embedded-content\" sandbox=\"allow-scripts\" security=\"restricted\" style=\"position: absolute; clip: rect(1px, 1px, 1px, 1px);\" title=\"&#8220;Corporalidades disidentes: 5 creativxs y activistas LGBTIQA+&#8221; &#8212; Coolhuntermx \" src=\"https:\/\/coolhuntermx.com\/lgbt-06-2022-corporalidades-disidentes-cinco-creativxs-y-activistas-lgbtiqa\/embed\/#?secret=BJbPJvXs9E\" data-secret=\"BJbPJvXs9E\" width=\"600\" height=\"338\" frameborder=\"0\" marginwidth=\"0\" marginheight=\"0\" scrolling=\"no\"><\/iframe>\n<\/div><\/figure>\n\n\n\n<p><\/p>\n\n\n\n<figure class=\"wp-block-embed is-type-rich is-provider-spotify wp-block-embed-spotify wp-embed-aspect-21-9 wp-has-aspect-ratio\"><div class=\"wp-block-embed__wrapper\">\n<iframe title=\"Spotify Embed: 29: \u00bfMe deseas? | Chal de placer con Burbiculx y Maria Andrea\" style=\"border-radius: 12px\" width=\"100%\" height=\"152\" frameborder=\"0\" allowfullscreen allow=\"autoplay; clipboard-write; encrypted-media; fullscreen; picture-in-picture\" loading=\"lazy\" src=\"https:\/\/open.spotify.com\/embed\/episode\/3tIRX5WFEKrzNmKtktNPnr?si=5f9ffa3b77e945e5&#038;utm_source=oembed\"><\/iframe>\n<\/div><figcaption>2022. \u00bfMe deseas? Chal de placer con Burbiculo y Maria Andrea<br>\u00bfQu\u00e9 tanto est\u00e1s dispuestx a conocerte a trav\u00e9s del placer? \u00bfQu\u00e9 tanto puedes saber y conectar con tu sensualidad a trav\u00e9s de la corporalidad? Florianne Philippe-Beauchamp aka Burbiculo encontr\u00f3 la forma de expresarse en el ballroom siendo sexy y androgine, sin importarle absolutamente nada m\u00e1s que su aut\u00e9nticx ser.<br><br><br><\/figcaption><\/figure>\n\n\n\n<p><\/p>\n\n\n\n<p><\/p>\n\n\n\n<p><\/p>\n\n\n\n<figure class=\"wp-block-embed is-type-rich is-provider-mixcloud wp-block-embed-mixcloud wp-embed-aspect-21-9 wp-has-aspect-ratio\"><div class=\"wp-block-embed__wrapper\">\n<iframe loading=\"lazy\" title=\"La Escuela Desobediente #004 \/ 14 Mayo 2021 \/ Burbiculx\" width=\"100%\" height=\"120\" src=\"https:\/\/www.mixcloud.com\/widget\/iframe\/?feed=https%3A%2F%2Fwww.mixcloud.com%2Fradionopal%2Fla-escuela-desobediente-004-14-mayo-2021%2F&amp;hide_cover=1\" frameborder=\"0\"><\/iframe>\n<\/div><figcaption>2021. la escuela desobediente por La Hervidera<br>En este episodio, charlamos con Burbiculo y nos cont\u00f3 sobre sus proyectos y estrategias para conectar con el cuerpx desde la educaci\u00f3n sexual som\u00e1tica y mucho m\u00e1s\u2026<br><br><br><\/figcaption><\/figure>\n\n\n\n<figure class=\"wp-block-embed is-type-video is-provider-youtube wp-block-embed-youtube wp-embed-aspect-16-9 wp-has-aspect-ratio\"><div class=\"wp-block-embed__wrapper\">\n<iframe loading=\"lazy\" title=\"Pr\u00e1ctica virtual de ballroom + sex siren\" width=\"750\" height=\"422\" src=\"https:\/\/www.youtube.com\/embed\/UHJw5d7DdiM?feature=oembed\" frameborder=\"0\" allow=\"accelerometer; autoplay; clipboard-write; encrypted-media; gyroscope; picture-in-picture\" allowfullscreen><\/iframe>\n<\/div><figcaption>2020. Pr\u00e1ctica virtual de sex siren con Peligrosa (Purrlette) y Nina Nina, por Centro Cultural Espa\u00f1a<\/figcaption><\/figure>\n\n\n\n<p><\/p>\n\n\n\n<p><\/p>\n\n\n\n<figure class=\"wp-block-embed is-type-video is-provider-vimeo wp-block-embed-vimeo wp-embed-aspect-16-9 wp-has-aspect-ratio\"><div class=\"wp-block-embed__wrapper\">\n<iframe loading=\"lazy\" title=\"Exploraci&amp;oacute;n sensual con Burbiculo : platica sobre sexualidad y g&amp;eacute;nero\" src=\"https:\/\/player.vimeo.com\/video\/568562821?h=a072db85c0&amp;dnt=1&amp;app_id=122963\" width=\"750\" height=\"422\" frameborder=\"0\" allow=\"autoplay; fullscreen; picture-in-picture\" allowfullscreen><\/iframe>\n<\/div><figcaption>2020. Video colaboraci\u00f3n con Onda Mundial<br>Hablo de la forma que pude explorar mi g\u00e9nero explorando mi sensualidad en movimiento. Este proceso no fue f\u00e1cil, pero al final me permiti\u00f3 descubrir como puedo ser sensual siendo no binarix y androginx, y como puedo fluir con mi feminidad y masculinidad.<br><br><br><\/figcaption><\/figure>\n\n\n\n<p><\/p>\n\n\n\n<p><\/p>\n","protected":false},"excerpt":{"rendered":"<p>Anglais Espagnol<\/p>\n","protected":false},"author":1,"featured_media":0,"parent":83,"menu_order":1,"comment_status":"closed","ping_status":"closed","template":"","meta":{"footnotes":""},"class_list":["post-1370","page","type-page","status-publish","hentry","entry"],"_links":{"self":[{"href":"https:\/\/burbiculo.com\/fr\/wp-json\/wp\/v2\/pages\/1370","targetHints":{"allow":["GET"]}}],"collection":[{"href":"https:\/\/burbiculo.com\/fr\/wp-json\/wp\/v2\/pages"}],"about":[{"href":"https:\/\/burbiculo.com\/fr\/wp-json\/wp\/v2\/types\/page"}],"author":[{"embeddable":true,"href":"https:\/\/burbiculo.com\/fr\/wp-json\/wp\/v2\/users\/1"}],"replies":[{"embeddable":true,"href":"https:\/\/burbiculo.com\/fr\/wp-json\/wp\/v2\/comments?post=1370"}],"version-history":[{"count":1,"href":"https:\/\/burbiculo.com\/fr\/wp-json\/wp\/v2\/pages\/1370\/revisions"}],"predecessor-version":[{"id":1371,"href":"https:\/\/burbiculo.com\/fr\/wp-json\/wp\/v2\/pages\/1370\/revisions\/1371"}],"up":[{"embeddable":true,"href":"https:\/\/burbiculo.com\/fr\/wp-json\/wp\/v2\/pages\/83"}],"wp:attachment":[{"href":"https:\/\/burbiculo.com\/fr\/wp-json\/wp\/v2\/media?parent=1370"}],"curies":[{"name":"wp","href":"https:\/\/api.w.org\/{rel}","templated":true}]}}