{"id":1845,"date":"2023-12-19T00:39:09","date_gmt":"2023-12-19T00:39:09","guid":{"rendered":"http:\/\/burbiculo.com\/?page_id=1845"},"modified":"2023-12-19T00:39:10","modified_gmt":"2023-12-19T00:39:10","slug":"ningun-lugar-a-donde-ir","status":"publish","type":"page","link":"https:\/\/burbiculo.com\/fr\/trabajo-artistico\/ningun-lugar-a-donde-ir\/","title":{"rendered":"Ning\u00fan lugar a donde ir"},"content":{"rendered":"\n<p class=\"has-red-color has-text-color has-link-color wp-elements-c847e2ed35314acc95a10825bda2ed28\">Danseur.se et collaborateutr.trice, cr\u00e9ation de C\u00e9sar Brodermann, 2023<\/p>\n\n\n\n<figure class=\"wp-block-video aligncenter\"><video height=\"1920\" style=\"aspect-ratio: 1080 \/ 1920;\" width=\"1080\" controls src=\"http:\/\/burbiculo.com\/wp-content\/uploads\/2023\/12\/SaveInsta.App-3223199844401976912.mp4\"><\/video><figcaption class=\"wp-element-caption\">Vid\u00e9o: Maja Arteaga et Lalo Armor\u2063\u2063<\/figcaption><\/figure>\n\n\n\n<p class=\"has-red-color has-text-color has-link-color wp-elements-04e6f93b71a3ac37522790eb9907ea5c\">\u201cJe me rappelle du monde s&rsquo;\u00e9chappant de mes mains\u201d\u2063<\/p>\n\n\n\n<p class=\"has-red-color has-text-color has-link-color wp-elements-71853127ad0e812a942275c5c7750bf2\">Direction artistique : C\u00e9sar Brodermann\u2063\u2063<br>Chor\u00e9graphie : C\u00e9sar Brodermann en collaboration avec les interpr\u00e8tes<br>Interpr\u00e8tes : Aislinn Jim\u00e9nez, Eric Soto, Michelle Temoltzin, Santiago S\u00e1nchez, \u2063\u2063Aime Irasema S\u00e1nchez, Angie Albarran, \u2063\u2063Florianne Philippe-Beauchamp \u2063\u2063<br>Collaboratrices cr\u00e9atives : Laura Quintanilla et Miranda Garc\u00eda\u2063\u2063<br>Apprenti.e.s: Yume Takojima et Fernando P\u00e9rez\u2063<br>Directrice de r\u00e9p\u00e9titions et assistante \u00e0 la chor\u00e9graphie : Brenda P\u00e9rez\u2063\u2063<br>Directeur technique et design d&rsquo;illumination : Daniel Hern\u00e1ndez\u2063\u2063<br>Commissaire et dramaturge : Ilse Urquieta\u2063\u2063<br>Musique originale : Eduardo Caballero\u2063\u2063<br>Photographie : Jacobo R\u00edos\u2063\u2063<br>Costumes : C\u00e9sar Brodermann en collaboration avec les interpr\u00e8tes<br>Cr\u00e9ation de la sc\u00e9nographie : Jes\u00fas Ruiz Gonz\u00e1lez<br>\u201cProjet r\u00e9alis\u00e9 avec l&rsquo;appui du sistema de apoyos a la creaci\u00f3n y proyectos culturales (SACPC)\u00a0\u00bb<\/p>\n\n\n\n<figure class=\"wp-block-gallery has-nested-images columns-default is-cropped wp-block-gallery-1 is-layout-flex wp-block-gallery-is-layout-flex\">\n<figure class=\"wp-block-image size-full\"><img decoding=\"async\" data-id=\"1768\" src=\"http:\/\/burbiculo.com\/wp-content\/uploads\/2023\/12\/JAR5126.jpg\" alt=\"\" class=\"wp-image-1768\"\/><\/figure>\n\n\n\n<figure class=\"wp-block-image size-full\"><img decoding=\"async\" data-id=\"1772\" src=\"http:\/\/burbiculo.com\/wp-content\/uploads\/2023\/12\/JAR5131.jpg\" alt=\"\" class=\"wp-image-1772\"\/><\/figure>\n\n\n\n<figure class=\"wp-block-image size-full\"><img decoding=\"async\" data-id=\"1775\" src=\"http:\/\/burbiculo.com\/wp-content\/uploads\/2023\/12\/JAR5184.jpg\" alt=\"\" class=\"wp-image-1775\"\/><\/figure>\n\n\n\n<figure class=\"wp-block-image size-full\"><img decoding=\"async\" data-id=\"1803\" src=\"http:\/\/burbiculo.com\/wp-content\/uploads\/2023\/12\/JAR5180.jpg\" alt=\"\" class=\"wp-image-1803\"\/><\/figure>\n\n\n\n<figure class=\"wp-block-image size-full\"><img decoding=\"async\" data-id=\"1781\" src=\"http:\/\/burbiculo.com\/wp-content\/uploads\/2023\/12\/JAR5200.jpg\" alt=\"\" class=\"wp-image-1781\"\/><\/figure>\n\n\n\n<figure class=\"wp-block-image size-full\"><img decoding=\"async\" data-id=\"1787\" src=\"http:\/\/burbiculo.com\/wp-content\/uploads\/2023\/12\/JAR5270.jpg\" alt=\"\" class=\"wp-image-1787\"\/><\/figure>\n\n\n\n<figure class=\"wp-block-image size-full\"><img decoding=\"async\" data-id=\"1809\" src=\"http:\/\/burbiculo.com\/wp-content\/uploads\/2023\/12\/JAR5296.jpg\" alt=\"\" class=\"wp-image-1809\"\/><\/figure>\n\n\n<div class=\"wp-block-image\">\n<figure class=\"aligncenter size-large\"><img decoding=\"async\" data-id=\"1784\" src=\"http:\/\/burbiculo.com\/wp-content\/uploads\/2023\/12\/JAR5204.jpg\" alt=\"\" class=\"wp-image-1784\"\/><\/figure>\n<\/div>\n\n\n<figure class=\"wp-block-image size-full\"><img decoding=\"async\" data-id=\"1806\" src=\"http:\/\/burbiculo.com\/wp-content\/uploads\/2023\/12\/JAR5223.jpg\" alt=\"\" class=\"wp-image-1806\"\/><\/figure>\n\n\n\n<figure class=\"wp-block-image size-large\"><img decoding=\"async\" data-id=\"1712\" src=\"http:\/\/burbiculo.com\/wp-content\/uploads\/2023\/12\/JAR5525-1.jpg\" alt=\"\" class=\"wp-image-1712\"\/><\/figure>\n\n\n\n<figure class=\"wp-block-image size-large\"><img decoding=\"async\" data-id=\"1790\" src=\"http:\/\/burbiculo.com\/wp-content\/uploads\/2023\/12\/JAR5532.jpg\" alt=\"\" class=\"wp-image-1790\"\/><\/figure>\n\n\n\n<figure class=\"wp-block-image size-large\"><img decoding=\"async\" data-id=\"1793\" src=\"http:\/\/burbiculo.com\/wp-content\/uploads\/2023\/12\/JAR5443.jpg\" alt=\"\" class=\"wp-image-1793\"\/><\/figure>\n\n\n\n<figure class=\"wp-block-image size-large\"><img decoding=\"async\" data-id=\"1796\" src=\"http:\/\/burbiculo.com\/wp-content\/uploads\/2023\/12\/JAR5566.jpg\" alt=\"\" class=\"wp-image-1796\"\/><\/figure>\n\n\n<div class=\"wp-block-image\">\n<figure class=\"alignleft size-large\"><img loading=\"lazy\" decoding=\"async\" width=\"2560\" height=\"1707\" data-id=\"1819\" src=\"http:\/\/burbiculo.com\/wp-content\/uploads\/2023\/12\/JAR5407-scaled.jpg\" alt=\"\" class=\"wp-image-1819\" srcset=\"https:\/\/burbiculo.com\/wp-content\/uploads\/2023\/12\/JAR5407-scaled.jpg 2560w, https:\/\/burbiculo.com\/wp-content\/uploads\/2023\/12\/JAR5407-300x200.jpg 300w\" sizes=\"auto, (max-width: 2560px) 100vw, 2560px\" \/><\/figure>\n<\/div>\n\n\n<figure class=\"wp-block-image size-large\"><img loading=\"lazy\" decoding=\"async\" width=\"2560\" height=\"1707\" data-id=\"1813\" src=\"http:\/\/burbiculo.com\/wp-content\/uploads\/2023\/12\/JAR5401-scaled.jpg\" alt=\"\" class=\"wp-image-1813\" srcset=\"https:\/\/burbiculo.com\/wp-content\/uploads\/2023\/12\/JAR5401-scaled.jpg 2560w, https:\/\/burbiculo.com\/wp-content\/uploads\/2023\/12\/JAR5401-300x200.jpg 300w\" sizes=\"auto, (max-width: 2560px) 100vw, 2560px\" \/><\/figure>\n\n\n\n<figure class=\"wp-block-image size-large\"><img loading=\"lazy\" decoding=\"async\" width=\"2560\" height=\"1707\" data-id=\"1816\" src=\"http:\/\/burbiculo.com\/wp-content\/uploads\/2023\/12\/JAR5405-scaled.jpg\" alt=\"\" class=\"wp-image-1816\" srcset=\"https:\/\/burbiculo.com\/wp-content\/uploads\/2023\/12\/JAR5405-scaled.jpg 2560w, https:\/\/burbiculo.com\/wp-content\/uploads\/2023\/12\/JAR5405-300x200.jpg 300w\" sizes=\"auto, (max-width: 2560px) 100vw, 2560px\" \/><\/figure>\n\n\n\n<figure class=\"wp-block-image size-large\"><img decoding=\"async\" data-id=\"1822\" src=\"http:\/\/burbiculo.com\/wp-content\/uploads\/2023\/12\/JAR5434.jpg\" alt=\"\" class=\"wp-image-1822\"\/><\/figure>\n\n\n\n<figure class=\"wp-block-image size-large\"><img decoding=\"async\" data-id=\"1825\" src=\"http:\/\/burbiculo.com\/wp-content\/uploads\/2023\/12\/JAR5646.jpg\" alt=\"\" class=\"wp-image-1825\"\/><\/figure>\n<\/figure>\n","protected":false},"excerpt":{"rendered":"<p>Danseur.se et collaborateutr.trice, cr\u00e9ation de C\u00e9sar Brodermann, 2023 \u201cJe me rappelle du monde s&rsquo;\u00e9chappant de mes mains\u201d\u2063 Direction artistique : C\u00e9sar Brodermann\u2063\u2063Chor\u00e9graphie : C\u00e9sar Brodermann en collaboration avec les interpr\u00e8tesInterpr\u00e8tes : Aislinn Jim\u00e9nez, Eric Soto, Michelle Temoltzin, Santiago S\u00e1nchez, \u2063\u2063Aime Irasema S\u00e1nchez, Angie Albarran, \u2063\u2063Florianne Philippe-Beauchamp \u2063\u2063Collaboratrices cr\u00e9atives : Laura Quintanilla et Miranda Garc\u00eda\u2063\u2063Apprenti.e.s: Yume&hellip; <a class=\"more-link\" href=\"https:\/\/burbiculo.com\/fr\/trabajo-artistico\/ningun-lugar-a-donde-ir\/\">Poursuivre la lecture <span class=\"screen-reader-text\">Ning\u00fan lugar a donde ir<\/span><\/a><\/p>\n","protected":false},"author":1,"featured_media":0,"parent":670,"menu_order":0,"comment_status":"closed","ping_status":"closed","template":"","meta":{"footnotes":""},"class_list":["post-1845","page","type-page","status-publish","hentry","entry"],"_links":{"self":[{"href":"https:\/\/burbiculo.com\/fr\/wp-json\/wp\/v2\/pages\/1845","targetHints":{"allow":["GET"]}}],"collection":[{"href":"https:\/\/burbiculo.com\/fr\/wp-json\/wp\/v2\/pages"}],"about":[{"href":"https:\/\/burbiculo.com\/fr\/wp-json\/wp\/v2\/types\/page"}],"author":[{"embeddable":true,"href":"https:\/\/burbiculo.com\/fr\/wp-json\/wp\/v2\/users\/1"}],"replies":[{"embeddable":true,"href":"https:\/\/burbiculo.com\/fr\/wp-json\/wp\/v2\/comments?post=1845"}],"version-history":[{"count":1,"href":"https:\/\/burbiculo.com\/fr\/wp-json\/wp\/v2\/pages\/1845\/revisions"}],"predecessor-version":[{"id":1846,"href":"https:\/\/burbiculo.com\/fr\/wp-json\/wp\/v2\/pages\/1845\/revisions\/1846"}],"up":[{"embeddable":true,"href":"https:\/\/burbiculo.com\/fr\/wp-json\/wp\/v2\/pages\/670"}],"wp:attachment":[{"href":"https:\/\/burbiculo.com\/fr\/wp-json\/wp\/v2\/media?parent=1845"}],"curies":[{"name":"wp","href":"https:\/\/api.w.org\/{rel}","templated":true}]}}