{"id":1857,"date":"2023-12-19T01:18:25","date_gmt":"2023-12-19T01:18:25","guid":{"rendered":"http:\/\/burbiculo.com\/?page_id=1857"},"modified":"2023-12-19T01:18:25","modified_gmt":"2023-12-19T01:18:25","slug":"projet-de-recherche-et-creation-du-conseil-des-arts-du-canada","status":"publish","type":"page","link":"https:\/\/burbiculo.com\/fr\/trabajo-artistico\/projet-de-recherche-et-creation-du-conseil-des-arts-du-canada\/","title":{"rendered":"Projet de recherche et cr\u00e9ation du Conseil des arts du Canada"},"content":{"rendered":"\n<figure class=\"wp-block-embed is-type-video is-provider-vimeo wp-block-embed-vimeo wp-embed-aspect-16-9 wp-has-aspect-ratio\"><div class=\"wp-block-embed__wrapper\">\n<iframe loading=\"lazy\" title=\"Work in progress recherche et cr\u00e9ation\" src=\"https:\/\/player.vimeo.com\/video\/880666226?dnt=1&amp;app_id=122963\" width=\"750\" height=\"422\" frameborder=\"0\" allow=\"autoplay; fullscreen; picture-in-picture\"><\/iframe>\n<\/div><\/figure>\n\n\n\n<p class=\"has-red-color has-text-color has-link-color wp-elements-31db0b83f281aa90a4f98f78cdad71d1\">Pr\u00e9sentation du work-in-progress de mon projet de recherche et cr\u00e9ation financ\u00e9 par le Conseil des arts du Canada<br>Juin 2023<br>Film\u00e9 par Tatsumi Matsumoto<br>D\u00e9veloppement sonore : Fe Sexta<br>Conseiller.e.s de mouvement : Paulina Pulido et C\u00e9sar Brodermann<br><br>D\u2019avril \u00e0 juin 2023, j\u2019ai men\u00e9 un projet de recherche et cr\u00e9ation pour d\u00e9velopper un un solo de danse sur l\u2019apr\u00e8s-psychiatrisation, un projet que j&rsquo;avais commenc\u00e9 <a href=\"https:\/\/burbiculo.com\/fr\/trabajo-artistico\/residencia-artistica-ser\/\">en 2021 dans une r\u00e9sidence artistique<\/a>. Je me suis \u00e9galement replong\u00e9 dans mes propres archives psychiatriques. J\u2019ai \u00e9t\u00e9 accompagn\u00e9.e dans ces explorations de mouvement par deux conseiller.e.s qui m\u2019ont grandement aid\u00e9.e \u00e0 affiner et clarifier ma d\u00e9marche. Un autre axe d&rsquo;investigation \u00e9tait de trouver une fa\u00e7on pour reproduire mon rythme cardiaque en direct comme accompagnement sonore, ce qu&rsquo;a fait mon collaborateur Fe Sexta. Iel a d\u00e9velopp\u00e9 l\u2019appareil reproduisant mon rythme cardiaque en direct avec des morceaux de st\u00e9thoscope, des transmetteurs radio sans fil, des microphones sp\u00e9cialis\u00e9s, des consoles analogues et digitales, et diff\u00e9rents haut-parleurs et amplificateurs.<br><br>Comme il arrive en cr\u00e9ant, ma vision s\u2019est transform\u00e9e, et je d\u00e9sire que le produit final soit une performance multim\u00e9dia (qui inclut de la danse), plut\u00f4t qu\u2019un solo de danse. Je suis particuli\u00e8rement satisfait.e du travail fait avec Fe Sexta et d\u2019avoir r\u00e9ussi \u00e0 amplifier mes battements cardiaques, l\u2019effet est impressionnant. Justement, gr\u00e2ce \u00e0 cet aspect de la cr\u00e9ation, je m\u2019imagine \u00e0 pr\u00e9sent que pendant la performance, l\u2019illumination et les effets visuels des vid\u00e9os soient influenc\u00e9s par le rythme cardiaque. Ce serait possible gr\u00e2ce \u00e0 des codages assez simples entre syst\u00e8mes audio, vid\u00e9o et illumination. Je commence donc \u00e0 m\u2019incliner davantage vers les arts num\u00e9riques pour la suite de ce projet.<br><br>Malheureusement, je n\u2019ai re\u00e7u le financement d\u2019aucune des cinq demandes de subvention que j\u2019ai faites pour poursuivre le projet, qui en serait \u00e0 pr\u00e9sent \u00e0 l\u2019\u00e9tape de production. Je me vois donc forc\u00e9.e \u00e0 le pauser \u00e0 nouveau, puisque d\u00e9velopper ces syst\u00e8mes pour les aspect illumination, vid\u00e9o et arts num\u00e9riques implique des co\u00fbts que je ne peux assumer seul.e.<br><br>Une autre difficult\u00e9 importante pendant le d\u00e9veloppement du projet a \u00e9t\u00e9 de me confronter \u00e0 mon processus psychiatrique. Je croyais que ce projet allait me permettre une catharsis, comme l\u2019ont \u00e9t\u00e9 nombreuses autres de mes d\u00e9marches artistiques. Cependant, je me suis heurt\u00e9.e au fait que ces souvenirs me font encore mal, et ce fut confrontant et difficile de travailler \u00e0 partir d\u2019un sujet encore douloureux. J\u2019ai d\u00fb adapter mon projet \u00e0 cette r\u00e9alit\u00e9 pour mener la recherche et cr\u00e9ation \u00e0 terme sans en perdre la sant\u00e9.<\/p>\n","protected":false},"excerpt":{"rendered":"<p>Pr\u00e9sentation du work-in-progress de mon projet de recherche et cr\u00e9ation financ\u00e9 par le Conseil des arts du CanadaJuin 2023Film\u00e9 par Tatsumi MatsumotoD\u00e9veloppement sonore : Fe SextaConseiller.e.s de mouvement : Paulina Pulido et C\u00e9sar Brodermann D\u2019avril \u00e0 juin 2023, j\u2019ai men\u00e9 un projet de recherche et cr\u00e9ation pour d\u00e9velopper un un solo de danse sur l\u2019apr\u00e8s-psychiatrisation,&hellip; <a class=\"more-link\" href=\"https:\/\/burbiculo.com\/fr\/trabajo-artistico\/projet-de-recherche-et-creation-du-conseil-des-arts-du-canada\/\">Poursuivre la lecture <span class=\"screen-reader-text\">Projet de recherche et cr\u00e9ation du Conseil des arts du Canada<\/span><\/a><\/p>\n","protected":false},"author":1,"featured_media":0,"parent":670,"menu_order":0,"comment_status":"closed","ping_status":"closed","template":"","meta":{"footnotes":""},"class_list":["post-1857","page","type-page","status-publish","hentry","entry"],"_links":{"self":[{"href":"https:\/\/burbiculo.com\/fr\/wp-json\/wp\/v2\/pages\/1857","targetHints":{"allow":["GET"]}}],"collection":[{"href":"https:\/\/burbiculo.com\/fr\/wp-json\/wp\/v2\/pages"}],"about":[{"href":"https:\/\/burbiculo.com\/fr\/wp-json\/wp\/v2\/types\/page"}],"author":[{"embeddable":true,"href":"https:\/\/burbiculo.com\/fr\/wp-json\/wp\/v2\/users\/1"}],"replies":[{"embeddable":true,"href":"https:\/\/burbiculo.com\/fr\/wp-json\/wp\/v2\/comments?post=1857"}],"version-history":[{"count":1,"href":"https:\/\/burbiculo.com\/fr\/wp-json\/wp\/v2\/pages\/1857\/revisions"}],"predecessor-version":[{"id":1859,"href":"https:\/\/burbiculo.com\/fr\/wp-json\/wp\/v2\/pages\/1857\/revisions\/1859"}],"up":[{"embeddable":true,"href":"https:\/\/burbiculo.com\/fr\/wp-json\/wp\/v2\/pages\/670"}],"wp:attachment":[{"href":"https:\/\/burbiculo.com\/fr\/wp-json\/wp\/v2\/media?parent=1857"}],"curies":[{"name":"wp","href":"https:\/\/api.w.org\/{rel}","templated":true}]}}