{"id":2087,"date":"2023-12-15T20:20:52","date_gmt":"2023-12-15T20:20:52","guid":{"rendered":"https:\/\/burbiculo.com\/education-sexuelle-somatique\/terapia-manual\/"},"modified":"2025-05-05T23:20:17","modified_gmt":"2025-05-05T23:20:17","slug":"bodywork","status":"publish","type":"page","link":"https:\/\/burbiculo.com\/fr\/education-sexuelle-somatique\/bodywork\/","title":{"rendered":"Bodywork"},"content":{"rendered":"\n<h2 class=\"wp-block-heading alignwide has-red-color has-text-color has-link-color wp-elements-7dbebc1e1166236720839f964013c638\">Soins de cicatrices<\/h2>\n\n\n\n<figure class=\"wp-block-image size-large\"><img loading=\"lazy\" decoding=\"async\" width=\"1024\" height=\"683\" src=\"http:\/\/burbiculo.com\/wp-content\/uploads\/2023\/12\/MG_9660-1024x683.jpg\" alt=\"\" class=\"wp-image-1868\" srcset=\"https:\/\/burbiculo.com\/wp-content\/uploads\/2023\/12\/MG_9660-1024x683.jpg 1024w, https:\/\/burbiculo.com\/wp-content\/uploads\/2023\/12\/MG_9660-300x200.jpg 300w, https:\/\/burbiculo.com\/wp-content\/uploads\/2023\/12\/MG_9660-768x512.jpg 768w, https:\/\/burbiculo.com\/wp-content\/uploads\/2023\/12\/MG_9660-1536x1024.jpg 1536w, https:\/\/burbiculo.com\/wp-content\/uploads\/2023\/12\/MG_9660-1568x1045.jpg 1568w, https:\/\/burbiculo.com\/wp-content\/uploads\/2023\/12\/MG_9660.jpg 1920w\" sizes=\"auto, (max-width: 1024px) 100vw, 1024px\" \/><\/figure>\n\n\n\n<p class=\"has-red-color has-text-color has-link-color wp-elements-7bf30b5758b64236ee217a7d89911bcb\">Un service que j\u2019offre et qui me passionne \u00e9norm\u00e9ment est le soin des cicatrices. Une partie de ma formation en \u00e9ducation sexuelle somatique \u00e9tait concentr\u00e9e sur ce point, et j\u2019\u00e9tais \u00e9poustoufl\u00e9.e. Pour faire une tr\u00e8s br\u00e8ve histoire, le tissu cicatriciel, qui se d\u00e9veloppe apr\u00e8s des chirurgies, des blessures et parfois m\u00eame des inflammations ou traumatismes physiques, est un tissu conjonctif qui se d\u00e9veloppe avec des fibres diff\u00e9rentes de celles cr\u00e9\u00e9es par le corps sans cicatrices. Cela peut provoquer des adh\u00e9rences, c&rsquo;est-\u00e0-dire que des couches de tissu se collent les unes aux autres au lieu de glisser les unes sur les autres (par exemple, apr\u00e8s une c\u00e9sarienne, le muscle de l&rsquo;ut\u00e9rus, le fascia et les muscles abdominaux se collent tr\u00e8s souvent les uns aux autres). Les adh\u00e9rences peuvent provoquer des changements de sensation, comme l&rsquo;engourdissement ou la douleur.<strong> Personnellement, j\u2019ai \u00e9t\u00e9 compl\u00e8tement stup\u00e9faite d\u2019apprendre que de nombreuses personnes ayant une vulve ressentent des changements dans leurs sensations en raison de cicatrices pelviennes ou g\u00e9nitales apr\u00e8s des accouchements vaginaux, des c\u00e9sariennes ou des interventions chirurgicales, et que personne ne s\u2019attaque \u00e0 ces changements en se concentrant sur le plaisir.<\/strong><\/p>\n\n\n\n<p class=\"has-red-color has-text-color has-link-color wp-elements-ee607524649fa70085d6292592871475\"><strong>La m\u00e9decine occidentale propose peu de solutions pour les adh\u00e9rences de tissus cicatriciels, mais ceux-ci peuvent \u00eatre tr\u00e8s bien trait\u00e9s gr\u00e2ce \u00e0 la th\u00e9rapie manuelle comme les massages. <\/strong>\u00c0 Montr\u00e9al, j&rsquo;ai pu rencontrer deux coll\u00e8gues d&rsquo;\u00e9ducation sexuelle somatique (Ro et Kota) et une massoth\u00e9rapeute form\u00e9e au travail des cicatrices (<a href=\"https:\/\/www.healingresistance.org\/home\/scarwork\">Manna<\/a>) pour discuter de nos techniques de toucher des cicatrices. Je continue d\u2019apprendre avec chaque cicatrice que je touche, et je suis passionn\u00e9.e de continuer \u00e0 le faire.<\/p>\n\n\n\n<p class=\"has-red-color has-text-color has-link-color wp-elements-c90efdcaa524518406e8616143cf4bae\">Quels types de cicatrices ai-je trait\u00e9es ?<\/p>\n\n\n\n<ul class=\"wp-block-list\">\n<li class=\"has-red-color has-text-color has-link-color wp-elements-8bb2c0577e639ff61dd4357003d0a8f1\">Mastectomies d&rsquo;affirmation de genre (top surgery)<\/li>\n<\/ul>\n\n\n\n<ul class=\"wp-block-list has-red-color has-text-color has-link-color wp-elements-535e3d8b768c0792363105457be09f4e\">\n<li>Cicatrices g\u00e9nitales<\/li>\n<\/ul>\n\n\n\n<ul class=\"wp-block-list has-red-color has-text-color has-link-color wp-elements-10f66441ff54e4c317a3243ee45ac243\">\n<li>Vaginoplastie affirmative de genre<\/li>\n<\/ul>\n\n\n\n<ul class=\"wp-block-list has-red-color has-text-color has-link-color wp-elements-1b3a4294835961b719c3d7297b5174e1\">\n<li>Cicatrices pelviennes dues aux c\u00e9sariennes, aux hyst\u00e9rectomies et aux chirurgies de grossesse ectopique<\/li>\n<\/ul>\n\n\n\n<ul class=\"wp-block-list has-red-color has-text-color has-link-color wp-elements-ffcd3ffaa47d6c369ca4e25ea258ea7f\">\n<li>Mastectomie et implants en raison d&rsquo;un cancer du sein<\/li>\n<\/ul>\n\n\n\n<p class=\"has-red-color has-text-color has-link-color wp-elements-72b77f3efc9055aa1d2550bab888aa92\"><strong>En plus de l&rsquo;aspect physique, la th\u00e9rapie manuelle des cicatrices peut g\u00e9n\u00e9rer de nombreuses \u00e9motions et souvenirs, qu&rsquo;il me semble important d&rsquo;explorer dans un environnement s\u00fbr pour int\u00e9grer ces exp\u00e9riences. <\/strong>M\u00eame avec des cicatrices de chirurgie d&rsquo;affirmation de genre, il est tr\u00e8s courant de ressentir des \u00e9motions contradictoires, telles que l&rsquo;euphorie et le deuil, le confort et la d\u00e9connexion en m\u00eame temps. Encore une fois, tout cela est bienvenu avec moi.<\/p>\n\n\n\n<p class=\"has-red-color has-text-color has-link-color wp-elements-b24f790244b55b951fe93a3d04f4499d\">Vous pouvez planifier votre s\u00e9ance en m&rsquo;envoyant un email \u00e0 floriannepb@gmail.com <\/p>\n\n\n\n<h2 class=\"wp-block-heading alignwide has-red-color has-text-color has-link-color wp-elements-77b2d328e7a6baf8c2dd78709ae63e3c\">Soins pelviens<\/h2>\n\n\n\n<figure class=\"wp-block-gallery has-nested-images columns-default is-cropped wp-block-gallery-1 is-layout-flex wp-block-gallery-is-layout-flex\">\n<figure class=\"wp-block-image size-large\"><img loading=\"lazy\" decoding=\"async\" width=\"1024\" height=\"1024\" data-id=\"1893\" src=\"http:\/\/burbiculo.com\/wp-content\/uploads\/2023\/12\/dolor-pelvico1-1024x1024.jpg\" alt=\"\" class=\"wp-image-1893\" srcset=\"https:\/\/burbiculo.com\/wp-content\/uploads\/2023\/12\/dolor-pelvico1-1024x1024.jpg 1024w, https:\/\/burbiculo.com\/wp-content\/uploads\/2023\/12\/dolor-pelvico1-300x300.jpg 300w, https:\/\/burbiculo.com\/wp-content\/uploads\/2023\/12\/dolor-pelvico1-150x150.jpg 150w, https:\/\/burbiculo.com\/wp-content\/uploads\/2023\/12\/dolor-pelvico1-768x768.jpg 768w, https:\/\/burbiculo.com\/wp-content\/uploads\/2023\/12\/dolor-pelvico1.jpg 1080w\" sizes=\"auto, (max-width: 1024px) 100vw, 1024px\" \/><\/figure>\n\n\n\n<figure class=\"wp-block-image size-large\"><img loading=\"lazy\" decoding=\"async\" width=\"1024\" height=\"1024\" data-id=\"1898\" src=\"http:\/\/burbiculo.com\/wp-content\/uploads\/2023\/12\/dolor-pelvico2-1024x1024.jpg\" alt=\"\" class=\"wp-image-1898\" srcset=\"https:\/\/burbiculo.com\/wp-content\/uploads\/2023\/12\/dolor-pelvico2-1024x1024.jpg 1024w, https:\/\/burbiculo.com\/wp-content\/uploads\/2023\/12\/dolor-pelvico2-300x300.jpg 300w, https:\/\/burbiculo.com\/wp-content\/uploads\/2023\/12\/dolor-pelvico2-150x150.jpg 150w, https:\/\/burbiculo.com\/wp-content\/uploads\/2023\/12\/dolor-pelvico2-768x768.jpg 768w, https:\/\/burbiculo.com\/wp-content\/uploads\/2023\/12\/dolor-pelvico2.jpg 1080w\" sizes=\"auto, (max-width: 1024px) 100vw, 1024px\" \/><\/figure>\n\n\n\n<figure class=\"wp-block-image size-large\"><img loading=\"lazy\" decoding=\"async\" width=\"1024\" height=\"1024\" data-id=\"1896\" src=\"http:\/\/burbiculo.com\/wp-content\/uploads\/2023\/12\/dolor-pelvico3-1024x1024.jpg\" alt=\"\" class=\"wp-image-1896\" srcset=\"https:\/\/burbiculo.com\/wp-content\/uploads\/2023\/12\/dolor-pelvico3-1024x1024.jpg 1024w, https:\/\/burbiculo.com\/wp-content\/uploads\/2023\/12\/dolor-pelvico3-300x300.jpg 300w, https:\/\/burbiculo.com\/wp-content\/uploads\/2023\/12\/dolor-pelvico3-150x150.jpg 150w, https:\/\/burbiculo.com\/wp-content\/uploads\/2023\/12\/dolor-pelvico3-768x768.jpg 768w, https:\/\/burbiculo.com\/wp-content\/uploads\/2023\/12\/dolor-pelvico3.jpg 1080w\" sizes=\"auto, (max-width: 1024px) 100vw, 1024px\" \/><\/figure>\n\n\n\n<figure class=\"wp-block-image size-large\"><img loading=\"lazy\" decoding=\"async\" width=\"1024\" height=\"1024\" data-id=\"1906\" src=\"http:\/\/burbiculo.com\/wp-content\/uploads\/2023\/12\/dolor-pelvico4-1-1024x1024.jpg\" alt=\"\" class=\"wp-image-1906\" srcset=\"https:\/\/burbiculo.com\/wp-content\/uploads\/2023\/12\/dolor-pelvico4-1-1024x1024.jpg 1024w, https:\/\/burbiculo.com\/wp-content\/uploads\/2023\/12\/dolor-pelvico4-1-300x300.jpg 300w, https:\/\/burbiculo.com\/wp-content\/uploads\/2023\/12\/dolor-pelvico4-1-150x150.jpg 150w, https:\/\/burbiculo.com\/wp-content\/uploads\/2023\/12\/dolor-pelvico4-1-768x768.jpg 768w, https:\/\/burbiculo.com\/wp-content\/uploads\/2023\/12\/dolor-pelvico4-1.jpg 1080w\" sizes=\"auto, (max-width: 1024px) 100vw, 1024px\" \/><\/figure>\n\n\n\n<figure class=\"wp-block-image size-large\"><img loading=\"lazy\" decoding=\"async\" width=\"1024\" height=\"1024\" data-id=\"1897\" src=\"http:\/\/burbiculo.com\/wp-content\/uploads\/2023\/12\/dolor-pelvico5-1024x1024.jpg\" alt=\"\" class=\"wp-image-1897\" srcset=\"https:\/\/burbiculo.com\/wp-content\/uploads\/2023\/12\/dolor-pelvico5-1024x1024.jpg 1024w, https:\/\/burbiculo.com\/wp-content\/uploads\/2023\/12\/dolor-pelvico5-300x300.jpg 300w, https:\/\/burbiculo.com\/wp-content\/uploads\/2023\/12\/dolor-pelvico5-150x150.jpg 150w, https:\/\/burbiculo.com\/wp-content\/uploads\/2023\/12\/dolor-pelvico5-768x768.jpg 768w, https:\/\/burbiculo.com\/wp-content\/uploads\/2023\/12\/dolor-pelvico5.jpg 1080w\" sizes=\"auto, (max-width: 1024px) 100vw, 1024px\" \/><\/figure>\n<\/figure>\n\n\n\n<p class=\"has-red-color has-text-color has-link-color wp-elements-3e7bf1ea4584c141b98891405e07d2bb\">Le bassin est une structure tr\u00e8s importante du corps, \u00e9tant le centre de gravit\u00e9, l&rsquo;articulation entre les jambes et le tronc, et contenant nos organes digestifs et sexuels. Il contient \u00e9galement beaucoup de tension et physiologiquement, de nombreuses \u00e9motions peuvent \u00eatre somatis\u00e9es sous forme de tension pelvienne. Je pense que nous manquons d\u2019\u00e9ducation et de soins pelviens!<\/p>\n\n\n\n<p class=\"has-red-color has-text-color has-link-color wp-elements-4d231af07191fdacaddfa67583036250\">Les douleurs pelviennes sont tr\u00e8s courantes et peuvent limiter notre exp\u00e9rience du plaisir sexuel. Ces douleurs peuvent avoir des causes physiologiques, comme des cicatrices apr\u00e8s un accouchement, une \u00e9pisiotomie, un avortement, des abus sexuels ou des infections\u00a0; des causes structurelles telles que la posture, la tension ou l&rsquo;affaiblissement des muscles pelviens, les adh\u00e9rences cicatricielles dans l&rsquo;abdomen ; ou des causes \u00e9motionnelles\/psychosomatiques telles que la honte, les tabous sociaux li\u00e9s \u00e0 la sexualit\u00e9 (parfois inconscients), le deuil, etc.<\/p>\n\n\n\n<p class=\"has-red-color has-text-color has-link-color wp-elements-381de08e96ff73cae66e3a661c425d8a\">Les soins pelviens que je propose commencent toujours sans toucher, en partageant des exercices, des explications anatomiques et une conscience corporelle. Ils peuvent aider \u00e0 r\u00e9duire les douleurs pelviennes, \u00e0 augmenter le plaisir sexuel et \u00e0 lib\u00e9rer les \u00e9motions.<\/p>\n\n\n\n<p class=\"has-red-color has-text-color has-link-color wp-elements-8aed28ee2e4f6292ec7eeb66a4ec7704\">Les soins pelviens que j&rsquo;offre sont diff\u00e9rents de la physioth\u00e9rapie ou de la r\u00e9\u00e9ducation du plancher pelvien car<br>1- Nous abordons le plaisir, un sujet habituellement pass\u00e9 sous silence en physioth\u00e9rapie, m\u00eame s&rsquo;il s&rsquo;agit de physioth\u00e9rapie pelvienne qui implique les organes g\u00e9nitaux ;<br>2- Je n&rsquo;offre aucun toucher pelvien ou g\u00e9nital avec douleur, g\u00eane ou inconfort, ce qui est malheureusement tr\u00e8s fr\u00e9quent en r\u00e9\u00e9ducation du plancher pelvien (ainsi qu&rsquo;en gyn\u00e9cologie).<\/p>\n\n\n\n<p class=\"has-red-color has-text-color has-link-color wp-elements-ed11f864959c53ebf8cc9ad3c5753334\">Vous pouvez planifier votre s\u00e9ance en m&rsquo;envoyant un email \u00e0 floriannepb@gmail.com<\/p>\n\n\n\n<h2 class=\"wp-block-heading alignwide has-red-color has-text-color has-link-color wp-elements-af7cad0a8234ae7c97169edd64ff33b3\">Mes tarifs :<\/h2>\n\n\n\n<p class=\"has-red-color has-text-color has-link-color wp-elements-e1dfe78501fcab06ca3c4dc3ca91ba28\">$1000mx por sesi\u00f3n de una hora\/$1800mx por sesi\u00f3n de 2 horas  (+IVA si requiere factura)<br><br>La accesibilidad es un valor fundamental de mi pr\u00e1ctica. La mayor\u00eda de las personas con las que trabajo son personas LGBTQ+. Si tienen inter\u00e9s en mis servicios y no les son accesibles, por favor pregunten a <a href=\"mailto:floriannepb@gmail.com\">floriannepb@gmail.com<\/a><br><br>Para agendar una llamada de introducci\u00f3n sin costo conmigo, para hablarme de lo que est\u00e1s buscando y ver si te puedo acompa\u00f1ar, env\u00edame un correo a <a href=\"mailto:floriannepb@gmail.com\">floriannepb@gmail.com<\/a><\/p>\n\n\n\n<figure class=\"wp-block-image size-large\"><img loading=\"lazy\" decoding=\"async\" width=\"1024\" height=\"1024\" src=\"http:\/\/burbiculo.com\/wp-content\/uploads\/2023\/12\/Como-quieres-que-te-toque-1-1024x1024.jpg\" alt=\"\" class=\"wp-image-1876\" srcset=\"https:\/\/burbiculo.com\/wp-content\/uploads\/2023\/12\/Como-quieres-que-te-toque-1-1024x1024.jpg 1024w, https:\/\/burbiculo.com\/wp-content\/uploads\/2023\/12\/Como-quieres-que-te-toque-1-300x300.jpg 300w, https:\/\/burbiculo.com\/wp-content\/uploads\/2023\/12\/Como-quieres-que-te-toque-1-150x150.jpg 150w, https:\/\/burbiculo.com\/wp-content\/uploads\/2023\/12\/Como-quieres-que-te-toque-1-768x768.jpg 768w, https:\/\/burbiculo.com\/wp-content\/uploads\/2023\/12\/Como-quieres-que-te-toque-1.jpg 1080w\" sizes=\"auto, (max-width: 1024px) 100vw, 1024px\" \/><\/figure>\n","protected":false},"excerpt":{"rendered":"<p>Soins de cicatrices Un service que j\u2019offre et qui me passionne \u00e9norm\u00e9ment est le soin des cicatrices. Une partie de ma formation en \u00e9ducation sexuelle somatique \u00e9tait concentr\u00e9e sur ce point, et j\u2019\u00e9tais \u00e9poustoufl\u00e9.e. Pour faire une tr\u00e8s br\u00e8ve histoire, le tissu cicatriciel, qui se d\u00e9veloppe apr\u00e8s des chirurgies, des blessures et parfois m\u00eame des&hellip; <a class=\"more-link\" href=\"https:\/\/burbiculo.com\/fr\/education-sexuelle-somatique\/bodywork\/\">Poursuivre la lecture <span class=\"screen-reader-text\">Bodywork<\/span><\/a><\/p>\n","protected":false},"author":1,"featured_media":0,"parent":122,"menu_order":0,"comment_status":"closed","ping_status":"closed","template":"","meta":{"footnotes":""},"class_list":["post-2087","page","type-page","status-publish","hentry","entry"],"_links":{"self":[{"href":"https:\/\/burbiculo.com\/fr\/wp-json\/wp\/v2\/pages\/2087","targetHints":{"allow":["GET"]}}],"collection":[{"href":"https:\/\/burbiculo.com\/fr\/wp-json\/wp\/v2\/pages"}],"about":[{"href":"https:\/\/burbiculo.com\/fr\/wp-json\/wp\/v2\/types\/page"}],"author":[{"embeddable":true,"href":"https:\/\/burbiculo.com\/fr\/wp-json\/wp\/v2\/users\/1"}],"replies":[{"embeddable":true,"href":"https:\/\/burbiculo.com\/fr\/wp-json\/wp\/v2\/comments?post=2087"}],"version-history":[{"count":1,"href":"https:\/\/burbiculo.com\/fr\/wp-json\/wp\/v2\/pages\/2087\/revisions"}],"predecessor-version":[{"id":2143,"href":"https:\/\/burbiculo.com\/fr\/wp-json\/wp\/v2\/pages\/2087\/revisions\/2143"}],"up":[{"embeddable":true,"href":"https:\/\/burbiculo.com\/fr\/wp-json\/wp\/v2\/pages\/122"}],"wp:attachment":[{"href":"https:\/\/burbiculo.com\/fr\/wp-json\/wp\/v2\/media?parent=2087"}],"curies":[{"name":"wp","href":"https:\/\/api.w.org\/{rel}","templated":true}]}}