{"id":2089,"date":"2023-12-15T20:20:52","date_gmt":"2023-12-15T20:20:52","guid":{"rendered":"https:\/\/burbiculo.com\/education-sexuelle-somatique\/acompanamiento-en-ess-2\/"},"modified":"2025-05-05T23:25:55","modified_gmt":"2025-05-05T23:25:55","slug":"accompagnement-en-ess","status":"publish","type":"page","link":"https:\/\/burbiculo.com\/fr\/education-sexuelle-somatique\/accompagnement-en-ess\/","title":{"rendered":"Accompagnement en \u00e9ducation sexuelle somatique"},"content":{"rendered":"<div class=\"wp-block-image\">\n<figure class=\"aligncenter size-large\"><img loading=\"lazy\" decoding=\"async\" width=\"720\" height=\"960\" src=\"http:\/\/burbiculo.com\/wp-content\/uploads\/2023\/12\/IMG-20210724-WA00411-edited.jpg\" alt=\"\" class=\"wp-image-1763\" srcset=\"https:\/\/burbiculo.com\/wp-content\/uploads\/2023\/12\/IMG-20210724-WA00411-edited.jpg 720w, https:\/\/burbiculo.com\/wp-content\/uploads\/2023\/12\/IMG-20210724-WA00411-edited-225x300.jpg 225w\" sizes=\"auto, (max-width: 720px) 100vw, 720px\" \/><\/figure>\n<\/div>\n\n\n<p><\/p>\n\n\n\n<div class=\"wp-block-buttons alignwide is-content-justification-center is-layout-flex wp-container-core-buttons-is-layout-16018d1d wp-block-buttons-is-layout-flex\">\n<div class=\"wp-block-button\"><a class=\"wp-block-button__link wp-element-button\" href=\"https:\/\/burbiculo.com\/fr\/education-sexuelle-somatique\/\">Qu&rsquo;est-ce que l&rsquo;\u00e9ducation sexuelle somatique?<\/a><\/div>\n<\/div>\n\n\n\n<h2 class=\"wp-block-heading alignwide has-red-color has-text-color has-link-color wp-elements-14d2a6d3848df12e649de3c21085e8ee\">Pourquoi une personne voudrait-elle voir un.e \u00e9ducateur.rice sexuel.le somatique&nbsp;? <\/h2>\n\n\n\n<ul class=\"wp-block-list has-orange-color has-text-color\">\n<li>Explorer plus de sensations et de connexion aux sens<\/li>\n\n\n\n<li>\u00c9tendre les possibilit\u00e9s de plaisir dans le corps<\/li>\n\n\n\n<li>Pratiquer \u00e0 demander ce que vous voulez et \u00e0 \u00e9couter ce que vos proches veulent<\/li>\n\n\n\n<li>Apprendre \u00e0 n\u00e9gocier et \u00e9tablir des ententes dans vos relations<\/li>\n\n\n\n<li> Pratiquer donner et recevoir<\/li>\n\n\n\n<li>Approfondir votre compr\u00e9hension et votre conscience de vos d\u00e9sirs, limites et besoins, ainsi que du consentement<\/li>\n\n\n\n<li>D\u00e9couvrir ou renouer avec votre \u00eatre sensuel et sexuel <\/li>\n\n\n\n<li>Explorer une pratique sexuelle en solo et avoir plus d&rsquo;options avec la masturbation<\/li>\n\n\n\n<li>Explorer tout type de plaisir dans un contexte s\u00e9curitaire, \u00e9thique et professionnel<\/li>\n\n\n\n<li>Explorer l&rsquo;une des options pr\u00e9c\u00e9dentes en tant que survivant.e de traumatismes sexuels<\/li>\n\n\n\n<li>Explorer l&rsquo;une des options pr\u00e9c\u00e9dentes tout en naviguant une transition de genre<\/li>\n\n\n\n<li>Explorer l&rsquo;une des options pr\u00e9c\u00e9dentes tout en vivant avec une condition de sant\u00e9 ou un diagnostic d&rsquo;ITS<\/li>\n<\/ul>\n\n\n\n<h2 class=\"wp-block-heading alignfull has-orange-color has-text-color has-extra-large-font-size\">Que pouvons-nous faire pendant une s\u00e9ance? <\/h2>\n\n\n\n<p class=\"has-orange-color has-text-color\">Avant notre premi\u00e8re s\u00e9ance, nous discuterons de quelles sont vos intentions, vos int\u00e9r\u00eats et tout ce que vous voulez que je sache sur votre histoire sensuelle, sexuelle et corporelle. Au d\u00e9but de chaque session, nous effectuons un check-in. J&rsquo;aime commencer par un exercice somatique pour nous connecter avec notre corps. <\/p>\n\n\n\n<p class=\"has-orange-color has-text-color\">Les options pendant une session peuvent inclure : <\/p>\n\n\n\n<ul class=\"wp-block-list has-orange-color has-text-color\">\n<li>Exercices de prise de conscience de sensations corporelles <\/li>\n\n\n\n<li>Exercices pour explorer nos choix et pratiquer l&rsquo;utilisation de notre voix pour les exprimer <\/li>\n\n\n\n<li>Pratiques pour r\u00e9guler le syst\u00e8me nerveux autonome<\/li>\n\n\n\n<li>D\u00e9velopper une pratique \u00e9rotique en solo<\/li>\n\n\n\n<li>Exploration des fantasmes <\/li>\n\n\n\n<li>Cartographie du plaisir et cartographie g\u00e9nitale <\/li>\n\n\n\n<li>Exploration du genre <\/li>\n\n\n\n<li>La performance comme moyen d&rsquo;amplifier le d\u00e9sir ou le plaisir <\/li>\n<\/ul>\n\n\n\n<p class=\"has-orange-color has-text-color\">Ces s\u00e9ances ne sont pas cliniques; l&rsquo;\u00e9ducation sexuelle somatique n&rsquo;est pas une th\u00e9rapie ou un traitement m\u00e9dical. Il s&rsquo;agit plut\u00f4t d&rsquo;\u00e9ducation. Nous sommes guid\u00e9.e.s par votre \u00e9ducation, votre croissance et votre plaisir. Des r\u00e9f\u00e9rences sont fournies pour des professionnel.le.s de la sant\u00e9 physique et mentale au besoin. Si la s\u00e9ance est en personne et qu&rsquo;elle inclut des dynamiques de toucher, ce n&rsquo;est pas une dynamique \u00e9rotique et je demeure v\u00eatu.e. Je travaille \u00e9galement avec des couples ou partenaires qui souhaitent acqu\u00e9rir des comp\u00e9tences interpersonnelles, o\u00f9 iels peuvent explorer ensemble des dynamiques de toucher.<\/p>\n\n\n\n<h2 class=\"wp-block-heading alignfull has-orange-color has-text-color has-extra-large-font-size\">Mes tarifs : <\/h2>\n\n\n\n<p class=\"has-orange-color has-text-color\">Entre $75-$150CAD pour une s\u00e9ance d&rsquo;une heure.<\/p>\n\n\n\n<p class=\"has-red-color has-text-color has-link-color wp-elements-d453de58275959765c99a5cea0f5e606\">Je priorise les s\u00e9ances virtuelles pour :<br>&#8211; Les francophones<br>&#8211; Les personnes trans voulant un.e professionel.le trans<br>&#8211; Les personnes qui vivent dans une r\u00e9gion ou il n&rsquo;y a pas d&rsquo;\u00e9ducateurices sexuel.le.s somatiques<\/p>\n\n\n\n<p class=\"has-orange-color has-text-color\">L&rsquo;accessibilit\u00e9 est une valeur primordiale de ma pratique, c&rsquo;est pourquoi j&rsquo;ai une \u00e9chelle de prix. La plupart des personnes avec qui je travaille font partie de la communaut\u00e9 LGBTQ+ et vivent dans la pr\u00e9carit\u00e9. Vous remarquerez peut-\u00eatre que j&rsquo;ai des prix diff\u00e9rents pour ma pratique au Mexique. Si vous vivez dans une \u00e9conomie du nord global (Canada, \u00c9tats-Unis et Europe), mes tarifs sont ajust\u00e9s en cons\u00e9quence.<br><br>Pour planifier un appel d&rsquo;introduction gratuit pour discuter de ce que vous cherchez et voir si je peux vous aider, envoyez-moi un e-mail \u00e0 <a href=\"mailto:floriannepb@gmail.com\">floriannepb@gmail.com<\/a><\/p>\n\n\n\n<div class=\"wp-block-buttons is-content-justification-center is-layout-flex wp-container-core-buttons-is-layout-16018d1d wp-block-buttons-is-layout-flex\">\n<div class=\"wp-block-button\"><a class=\"wp-block-button__link wp-element-button\" href=\"https:\/\/burbiculo.com\/fr\/education-sexuelle-somatique\/bodywork\/\">Bodywork<\/a><\/div>\n\n\n\n<div class=\"wp-block-button\"><a class=\"wp-block-button__link wp-element-button\" href=\"https:\/\/burbiculo.com\/fr\/cours\/\">Cours<\/a><\/div>\n<\/div>\n\n\n\n<p><\/p>\n","protected":false},"excerpt":{"rendered":"<p>Pourquoi une personne voudrait-elle voir un.e \u00e9ducateur.rice sexuel.le somatique&nbsp;? Que pouvons-nous faire pendant une s\u00e9ance? Avant notre premi\u00e8re s\u00e9ance, nous discuterons de quelles sont vos intentions, vos int\u00e9r\u00eats et tout ce que vous voulez que je sache sur votre histoire sensuelle, sexuelle et corporelle. Au d\u00e9but de chaque session, nous effectuons un check-in. J&rsquo;aime commencer&hellip; <a class=\"more-link\" href=\"https:\/\/burbiculo.com\/fr\/education-sexuelle-somatique\/accompagnement-en-ess\/\">Poursuivre la lecture <span class=\"screen-reader-text\">Accompagnement en \u00e9ducation sexuelle somatique<\/span><\/a><\/p>\n","protected":false},"author":1,"featured_media":0,"parent":122,"menu_order":0,"comment_status":"closed","ping_status":"closed","template":"","meta":{"footnotes":""},"class_list":["post-2089","page","type-page","status-publish","hentry","entry"],"_links":{"self":[{"href":"https:\/\/burbiculo.com\/fr\/wp-json\/wp\/v2\/pages\/2089","targetHints":{"allow":["GET"]}}],"collection":[{"href":"https:\/\/burbiculo.com\/fr\/wp-json\/wp\/v2\/pages"}],"about":[{"href":"https:\/\/burbiculo.com\/fr\/wp-json\/wp\/v2\/types\/page"}],"author":[{"embeddable":true,"href":"https:\/\/burbiculo.com\/fr\/wp-json\/wp\/v2\/users\/1"}],"replies":[{"embeddable":true,"href":"https:\/\/burbiculo.com\/fr\/wp-json\/wp\/v2\/comments?post=2089"}],"version-history":[{"count":3,"href":"https:\/\/burbiculo.com\/fr\/wp-json\/wp\/v2\/pages\/2089\/revisions"}],"predecessor-version":[{"id":2150,"href":"https:\/\/burbiculo.com\/fr\/wp-json\/wp\/v2\/pages\/2089\/revisions\/2150"}],"up":[{"embeddable":true,"href":"https:\/\/burbiculo.com\/fr\/wp-json\/wp\/v2\/pages\/122"}],"wp:attachment":[{"href":"https:\/\/burbiculo.com\/fr\/wp-json\/wp\/v2\/media?parent=2089"}],"curies":[{"name":"wp","href":"https:\/\/api.w.org\/{rel}","templated":true}]}}