{"id":670,"date":"2021-06-08T22:03:50","date_gmt":"2021-06-08T22:03:50","guid":{"rendered":"http:\/\/burbiculo.com\/trabajo-artistico\/"},"modified":"2025-02-18T21:57:48","modified_gmt":"2025-02-18T21:57:48","slug":"trabajo-artistico","status":"publish","type":"page","link":"https:\/\/burbiculo.com\/fr\/trabajo-artistico\/","title":{"rendered":"Travail artistique"},"content":{"rendered":"\n<h2 class=\"wp-block-heading has-orange-color has-text-color\">Cr\u00e9ations<\/h2>\n\n\n\n<div class=\"wp-block-media-text alignwide has-media-on-the-right is-stacked-on-mobile is-style-twentytwentyone-border\"><div class=\"wp-block-media-text__content\">\n<h3 class=\"wp-block-heading has-text-align-center\"><a href=\"https:\/\/burbiculo.com\/fr\/trabajo-artistico\/projet-de-recherche-et-creation-du-conseil-des-arts-du-canada\/\">Projet de recherche et cr\u00e9ation du Conseil des arts du Canada<\/a><\/h3>\n\n\n\n<p class=\"has-text-align-center has-red-color has-text-color has-link-color wp-elements-18e172e7f570e9f246368d61cfb5d5eb\">Pr\u00e9sentation du work-in-progress de mon projet de recherche et cr\u00e9ation financ\u00e9 par le Conseil des arts du Canada, 2023<\/p>\n<\/div><figure class=\"wp-block-media-text__media\"><img loading=\"lazy\" decoding=\"async\" width=\"1024\" height=\"576\" src=\"http:\/\/burbiculo.com\/wp-content\/uploads\/2023\/12\/Capture-decran-du-2023-12-12-19-13-09-1024x576.png\" alt=\"\" class=\"wp-image-1724 size-full\" srcset=\"https:\/\/burbiculo.com\/wp-content\/uploads\/2023\/12\/Capture-decran-du-2023-12-12-19-13-09-1024x576.png 1024w, https:\/\/burbiculo.com\/wp-content\/uploads\/2023\/12\/Capture-decran-du-2023-12-12-19-13-09-300x169.png 300w, https:\/\/burbiculo.com\/wp-content\/uploads\/2023\/12\/Capture-decran-du-2023-12-12-19-13-09-768x432.png 768w, https:\/\/burbiculo.com\/wp-content\/uploads\/2023\/12\/Capture-decran-du-2023-12-12-19-13-09-1536x864.png 1536w, https:\/\/burbiculo.com\/wp-content\/uploads\/2023\/12\/Capture-decran-du-2023-12-12-19-13-09-1568x882.png 1568w, https:\/\/burbiculo.com\/wp-content\/uploads\/2023\/12\/Capture-decran-du-2023-12-12-19-13-09.png 1920w\" sizes=\"auto, (max-width: 1024px) 100vw, 1024px\" \/><\/figure><\/div>\n\n\n\n<div class=\"wp-block-media-text alignwide has-media-on-the-right is-stacked-on-mobile is-style-twentytwentyone-border\"><div class=\"wp-block-media-text__content\">\n<h3 class=\"wp-block-heading has-text-align-center\"><a href=\"https:\/\/burbiculo.com\/fr\/trabajo-artistico\/sanguaza\/\">SANGUAZA<\/a><\/h3>\n\n\n\n<p class=\"has-text-align-center has-red-color has-text-color\">Performance et installation, 2022<br>Produite en collaboration avec Rai Jacob et Manu Huesca Toledo<\/p>\n<\/div><figure class=\"wp-block-media-text__media\"><a href=\"https:\/\/burbiculo.com\/fr\/trabajo-artistico\/sanguaza\/\"><img loading=\"lazy\" decoding=\"async\" width=\"2560\" height=\"1707\" src=\"http:\/\/burbiculo.com\/wp-content\/uploads\/2022\/07\/IMG_1543-2-scaled.jpg\" alt=\"\" class=\"wp-image-1183 size-full\" srcset=\"https:\/\/burbiculo.com\/wp-content\/uploads\/2022\/07\/IMG_1543-2-scaled.jpg 2560w, https:\/\/burbiculo.com\/wp-content\/uploads\/2022\/07\/IMG_1543-2-300x200.jpg 300w\" sizes=\"auto, (max-width: 2560px) 100vw, 2560px\" \/><\/a><\/figure><\/div>\n\n\n\n<div class=\"wp-block-media-text alignwide has-media-on-the-right is-stacked-on-mobile is-style-twentytwentyone-border\"><div class=\"wp-block-media-text__content\">\n<h3 class=\"wp-block-heading has-text-align-center\"><a href=\"https:\/\/burbiculo.com\/fr\/trabajo-artistico\/residencia-artistica-ser\/\">R\u00e9sidence artistique SER<\/a><\/h3>\n\n\n\n<p class=\"has-text-align-center has-orange-color has-text-color\">Mat\u00e9riel vid\u00e9o de mon mois de r\u00e9sidence artistique \u00e0 SER, Zoncuantla, Veracruz, juillet 2021<\/p>\n<\/div><figure class=\"wp-block-media-text__media\"><img decoding=\"async\" src=\"http:\/\/burbiculo.com\/wp-content\/uploads\/2021\/10\/DSC_0089-2-scaled.jpg\" alt=\"\" class=\"wp-image-854 size-full\"\/><\/figure><\/div>\n\n\n\n<div class=\"wp-block-media-text alignwide has-media-on-the-right is-stacked-on-mobile is-vertically-aligned-center is-style-twentytwentyone-border\"><div class=\"wp-block-media-text__content\">\n<h3 class=\"wp-block-heading has-text-align-center has-orange-color has-text-color\"><a href=\"https:\/\/burbiculo.com\/fr\/trabajo-artistico\/moon-in-scorpio\/\" data-type=\"URL\" target=\"_blank\" rel=\"noreferrer noopener\">Moon in Scorpio<\/a><\/h3>\n\n\n\n<p class=\"has-text-align-center has-orange-color has-text-color\">Cr\u00e9ation vid\u00e9o, 2021<\/p>\n<\/div><figure class=\"wp-block-media-text__media\"><a href=\"https:\/\/burbiculo.com\/fr\/trabajo-artistico\/moon-in-scorpio\/\"><img loading=\"lazy\" decoding=\"async\" width=\"1366\" height=\"768\" src=\"http:\/\/burbiculo.com\/wp-content\/uploads\/2021\/06\/Capture-decran-128.png\" alt=\"\" class=\"wp-image-310 size-full\" srcset=\"https:\/\/burbiculo.com\/wp-content\/uploads\/2021\/06\/Capture-decran-128.png 1366w, https:\/\/burbiculo.com\/wp-content\/uploads\/2021\/06\/Capture-decran-128-300x169.png 300w, https:\/\/burbiculo.com\/wp-content\/uploads\/2021\/06\/Capture-decran-128-1024x576.png 1024w, https:\/\/burbiculo.com\/wp-content\/uploads\/2021\/06\/Capture-decran-128-768x432.png 768w\" sizes=\"auto, (max-width: 1366px) 100vw, 1366px\" \/><\/a><\/figure><\/div>\n\n\n\n<div class=\"wp-block-media-text alignwide has-media-on-the-right is-stacked-on-mobile is-vertically-aligned-center is-style-twentytwentyone-border\"><div class=\"wp-block-media-text__content\">\n<h3 class=\"wp-block-heading has-text-align-center has-orange-color has-text-color\"><a href=\"https:\/\/burbiculo.com\/fr\/trabajo-artistico\/la-solitude-lumineuse\/\" data-type=\"URL\" target=\"_blank\" rel=\"noreferrer noopener\">La solitude lumineuse<\/a><\/h3>\n\n\n\n<p class=\"has-text-align-center has-orange-color has-text-color\">Cr\u00e9ation vid\u00e9o, 2020<\/p>\n<\/div><figure class=\"wp-block-media-text__media\"><a href=\"https:\/\/burbiculo.com\/fr\/trabajo-artistico\/la-solitude-lumineuse\/\"><img loading=\"lazy\" decoding=\"async\" width=\"1024\" height=\"576\" src=\"http:\/\/burbiculo.com\/wp-content\/uploads\/2021\/06\/Capture-decran-200-1024x576.png\" alt=\"\" class=\"wp-image-325 size-full\" srcset=\"https:\/\/burbiculo.com\/wp-content\/uploads\/2021\/06\/Capture-decran-200-1024x576.png 1024w, https:\/\/burbiculo.com\/wp-content\/uploads\/2021\/06\/Capture-decran-200-300x169.png 300w, https:\/\/burbiculo.com\/wp-content\/uploads\/2021\/06\/Capture-decran-200-768x432.png 768w, https:\/\/burbiculo.com\/wp-content\/uploads\/2021\/06\/Capture-decran-200.png 1366w\" sizes=\"auto, (max-width: 1024px) 100vw, 1024px\" \/><\/a><\/figure><\/div>\n\n\n\n<div class=\"wp-block-media-text alignwide has-media-on-the-right is-stacked-on-mobile is-vertically-aligned-center is-style-twentytwentyone-border\"><div class=\"wp-block-media-text__content\">\n<h3 class=\"wp-block-heading has-text-align-center has-orange-color has-text-color\"><a href=\"https:\/\/burbiculo.com\/fr\/trabajo-artistico\/si-me-deseas-puedes-entrar-a-mi-jaula\/\" data-type=\"URL\" target=\"_blank\" rel=\"noreferrer noopener\">Si me deseas, puedes entrar a mi jaula<\/a><\/h3>\n\n\n\n<p class=\"has-text-align-center has-orange-color has-text-color\">Installation et performance, 2020<\/p>\n<\/div><figure class=\"wp-block-media-text__media\"><a href=\"https:\/\/burbiculo.com\/fr\/trabajo-artistico\/si-me-deseas-puedes-entrar-a-mi-jaula\/\"><img loading=\"lazy\" decoding=\"async\" width=\"1024\" height=\"683\" src=\"http:\/\/burbiculo.com\/wp-content\/uploads\/2021\/06\/LMB1973-1024x683.jpg\" alt=\"\" class=\"wp-image-338 size-full\" srcset=\"https:\/\/burbiculo.com\/wp-content\/uploads\/2021\/06\/LMB1973-1024x683.jpg 1024w, https:\/\/burbiculo.com\/wp-content\/uploads\/2021\/06\/LMB1973-300x200.jpg 300w, https:\/\/burbiculo.com\/wp-content\/uploads\/2021\/06\/LMB1973-768x512.jpg 768w, https:\/\/burbiculo.com\/wp-content\/uploads\/2021\/06\/LMB1973-1536x1024.jpg 1536w, https:\/\/burbiculo.com\/wp-content\/uploads\/2021\/06\/LMB1973-1568x1045.jpg 1568w, https:\/\/burbiculo.com\/wp-content\/uploads\/2021\/06\/LMB1973.jpg 2048w\" sizes=\"auto, (max-width: 1024px) 100vw, 1024px\" \/><\/a><\/figure><\/div>\n\n\n\n<div class=\"wp-block-media-text alignwide has-media-on-the-right is-stacked-on-mobile is-vertically-aligned-center is-style-twentytwentyone-border\"><div class=\"wp-block-media-text__content\">\n<h3 class=\"wp-block-heading has-text-align-center has-orange-color has-text-color\"><a href=\"https:\/\/burbiculo.com\/fr\/trabajo-artistico\/mi-cuerpa-es-un-territorio-de-guerra\/\" target=\"_blank\" rel=\"noreferrer noopener\">mi cuerpa es un territorio de guerra<\/a><\/h3>\n\n\n\n<p class=\"has-text-align-center has-orange-color has-text-color\">Performance, 2019<\/p>\n<\/div><figure class=\"wp-block-media-text__media\"><a href=\"https:\/\/burbiculo.com\/fr\/trabajo-artistico\/mi-cuerpa-es-un-territorio-de-guerra\/\"><img loading=\"lazy\" decoding=\"async\" width=\"640\" height=\"426\" src=\"http:\/\/burbiculo.com\/wp-content\/uploads\/2021\/06\/IMG_20190330_142643_294.jpg\" alt=\"\" class=\"wp-image-343 size-full\" srcset=\"https:\/\/burbiculo.com\/wp-content\/uploads\/2021\/06\/IMG_20190330_142643_294.jpg 640w, https:\/\/burbiculo.com\/wp-content\/uploads\/2021\/06\/IMG_20190330_142643_294-300x200.jpg 300w\" sizes=\"auto, (max-width: 640px) 100vw, 640px\" \/><\/a><\/figure><\/div>\n\n\n\n<div class=\"wp-block-media-text alignwide has-media-on-the-right is-stacked-on-mobile is-vertically-aligned-center is-style-twentytwentyone-border\"><div class=\"wp-block-media-text__content\">\n<h3 class=\"wp-block-heading has-text-align-center has-orange-color has-text-color\"><a href=\"https:\/\/burbiculo.com\/fr\/trabajo-artistico\/exploracion-sensual-con-burbiculo\/\" data-type=\"URL\" target=\"_blank\" rel=\"noreferrer noopener\">Exploraci\u00f3n sensual con Burbiculo<\/a><\/h3>\n\n\n\n<p class=\"has-text-align-center has-orange-color has-text-color\">Collaboration vid\u00e9o avec Onda Mundial, 2020<\/p>\n<\/div><figure class=\"wp-block-media-text__media\"><a href=\"https:\/\/burbiculo.com\/fr\/trabajo-artistico\/exploracion-sensual-con-burbiculo\/\"><img loading=\"lazy\" decoding=\"async\" width=\"1024\" height=\"576\" src=\"http:\/\/burbiculo.com\/wp-content\/uploads\/2021\/06\/Capture-decran-176-1024x576.png\" alt=\"\" class=\"wp-image-357 size-full\" srcset=\"https:\/\/burbiculo.com\/wp-content\/uploads\/2021\/06\/Capture-decran-176-1024x576.png 1024w, https:\/\/burbiculo.com\/wp-content\/uploads\/2021\/06\/Capture-decran-176-300x169.png 300w, https:\/\/burbiculo.com\/wp-content\/uploads\/2021\/06\/Capture-decran-176-768x432.png 768w, https:\/\/burbiculo.com\/wp-content\/uploads\/2021\/06\/Capture-decran-176.png 1366w\" sizes=\"auto, (max-width: 1024px) 100vw, 1024px\" \/><\/a><\/figure><\/div>\n\n\n\n<h2 class=\"wp-block-heading has-orange-color has-text-color\">Publications<\/h2>\n\n\n\n<div class=\"wp-block-media-text alignwide has-media-on-the-right is-stacked-on-mobile is-style-twentytwentyone-border\"><div class=\"wp-block-media-text__content\">\n<h3 class=\"wp-block-heading has-text-align-center has-orange-color has-text-color\"><a href=\"https:\/\/burbiculo.com\/fr\/trabajo-artistico\/ce-que-jaurais-voulu-savoir-avant-de-prendre-des-antidepresseurs\/\">Ce que j&rsquo;aurais voulu savoir avant de prendre des antid\u00e9presseurs<\/a><\/h3>\n\n\n\n<p class=\"has-text-align-center has-orange-color has-text-color\">Livre\/zine illustr\u00e9 auto-publi\u00e9, Montr\u00e9al, Canada, novembre 2016<br>Finaliste pour le prix Expozine 2016, cat\u00e9gorie Meilleur zine en fran\u00e7ais<\/p>\n<\/div><figure class=\"wp-block-media-text__media\"><img loading=\"lazy\" decoding=\"async\" width=\"787\" height=\"586\" src=\"http:\/\/burbiculo.com\/wp-content\/uploads\/2022\/04\/1ere-Couverture-2.jpg\" alt=\"\" class=\"wp-image-1044 size-full\" srcset=\"https:\/\/burbiculo.com\/wp-content\/uploads\/2022\/04\/1ere-Couverture-2.jpg 787w, https:\/\/burbiculo.com\/wp-content\/uploads\/2022\/04\/1ere-Couverture-2-300x223.jpg 300w, https:\/\/burbiculo.com\/wp-content\/uploads\/2022\/04\/1ere-Couverture-2-768x572.jpg 768w\" sizes=\"auto, (max-width: 787px) 100vw, 787px\" \/><\/figure><\/div>\n\n\n\n<h2 class=\"wp-block-heading has-orange-color has-text-color\">Collaborations<\/h2>\n\n\n\n<div class=\"wp-block-media-text alignwide has-media-on-the-right is-stacked-on-mobile is-style-twentytwentyone-border\"><div class=\"wp-block-media-text__content\">\n<h3 class=\"wp-block-heading has-text-align-center has-red-color has-text-color has-link-color wp-elements-e6d7b6cdb27ebbfa82fbf46f6421dd01\"><a href=\"https:\/\/burbiculo.com\/fr\/trabajo-artistico\/cuir-love\/\" data-type=\"page\" data-id=\"2049\">Cuir Love<\/a><\/h3>\n\n\n\n<p class=\"has-text-align-center has-red-color has-text-color has-link-color wp-elements-bc1a9fceffb73be22f7d2d124730da8b\">Interpr\u00e8te et collaborateur.trice, pi\u00e8ce de th\u00e9\u00e2tre documentaire par Laura Uribe et Sabina Aldana, 2024<\/p>\n<\/div><figure class=\"wp-block-media-text__media\"><img loading=\"lazy\" decoding=\"async\" width=\"1000\" height=\"667\" src=\"http:\/\/burbiculo.com\/wp-content\/uploads\/2025\/02\/CUIR-LOVE-284baja.jpg\" alt=\"\" class=\"wp-image-2024 size-full\" srcset=\"https:\/\/burbiculo.com\/wp-content\/uploads\/2025\/02\/CUIR-LOVE-284baja.jpg 1000w, https:\/\/burbiculo.com\/wp-content\/uploads\/2025\/02\/CUIR-LOVE-284baja-300x200.jpg 300w, https:\/\/burbiculo.com\/wp-content\/uploads\/2025\/02\/CUIR-LOVE-284baja-768x512.jpg 768w\" sizes=\"auto, (max-width: 1000px) 100vw, 1000px\" \/><\/figure><\/div>\n\n\n\n<div class=\"wp-block-media-text alignwide has-media-on-the-right is-stacked-on-mobile is-style-twentytwentyone-border has-red-color has-text-color has-link-color wp-elements-c16126ccf81a9f0ad0cd2b3f21778133\"><div class=\"wp-block-media-text__content\">\n<h3 class=\"wp-block-heading has-text-align-center\"><a href=\"https:\/\/burbiculo.com\/fr\/trabajo-artistico\/ningun-lugar-a-donde-ir\/\">Ning\u00fan lugar a donde ir<\/a><\/h3>\n\n\n\n<p class=\"has-text-align-center\">Danseur.se et collaborateur.trice, oeuvre de C\u00e9sar Brodermann, 2023<\/p>\n<\/div><figure class=\"wp-block-media-text__media\"><img decoding=\"async\" src=\"http:\/\/burbiculo.com\/wp-content\/uploads\/2023\/12\/JAR5525-1.jpg\" alt=\"\" class=\"wp-image-1714 size-full\"\/><\/figure><\/div>\n\n\n\n<div class=\"wp-block-media-text alignwide has-media-on-the-right is-stacked-on-mobile is-style-twentytwentyone-border\"><div class=\"wp-block-media-text__content\">\n<h3 class=\"wp-block-heading has-text-align-center has-red-color has-text-color has-link-color wp-elements-158ebfa9843b7e3713a68a786bec2eb4\"><a href=\"https:\/\/burbiculo.com\/fr\/trabajo-artistico\/las-pupilas-no-tienen-horizontes\/\">Las pupilas no tienen horizontes<\/a><\/h3>\n\n\n\n<p class=\"has-text-align-center has-red-color has-text-color\">Danseur.se et collaborateur.trice, oeuvre de C\u00e9sar Brodermann, 2023<\/p>\n<\/div><figure class=\"wp-block-media-text__media\"><a href=\"https:\/\/burbiculo.com\/fr\/trabajo-artistico\/las-pupilas-no-tienen-horizontes\/\"><img loading=\"lazy\" decoding=\"async\" width=\"1024\" height=\"577\" src=\"http:\/\/burbiculo.com\/wp-content\/uploads\/2023\/05\/LasPupilasNoTienenHorizontes_Dia2_-6-1-1024x577.jpg\" alt=\"\" class=\"wp-image-1451 size-full\" srcset=\"https:\/\/burbiculo.com\/wp-content\/uploads\/2023\/05\/LasPupilasNoTienenHorizontes_Dia2_-6-1-1024x577.jpg 1024w, https:\/\/burbiculo.com\/wp-content\/uploads\/2023\/05\/LasPupilasNoTienenHorizontes_Dia2_-6-1-300x169.jpg 300w, https:\/\/burbiculo.com\/wp-content\/uploads\/2023\/05\/LasPupilasNoTienenHorizontes_Dia2_-6-1-768x433.jpg 768w, https:\/\/burbiculo.com\/wp-content\/uploads\/2023\/05\/LasPupilasNoTienenHorizontes_Dia2_-6-1-1536x866.jpg 1536w, https:\/\/burbiculo.com\/wp-content\/uploads\/2023\/05\/LasPupilasNoTienenHorizontes_Dia2_-6-1-2048x1154.jpg 2048w, https:\/\/burbiculo.com\/wp-content\/uploads\/2023\/05\/LasPupilasNoTienenHorizontes_Dia2_-6-1-1568x884.jpg 1568w\" sizes=\"auto, (max-width: 1024px) 100vw, 1024px\" \/><\/a><\/figure><\/div>\n\n\n\n<div class=\"wp-block-media-text alignwide has-media-on-the-right is-stacked-on-mobile is-vertically-aligned-center is-style-twentytwentyone-border\"><div class=\"wp-block-media-text__content\">\n<h3 class=\"wp-block-heading has-text-align-center has-red-color has-text-color\"><a href=\"https:\/\/burbiculo.com\/fr\/trabajo-artistico\/el-grito\/\" target=\"_blank\" rel=\"noreferrer noopener\">El grito<\/a><\/h3>\n\n\n\n<p class=\"has-text-align-center has-orange-color has-text-color\">Performance collective dirig\u00e9e par Yolanda Benalba, 2020-2022<\/p>\n<\/div><figure class=\"wp-block-media-text__media\"><a href=\"https:\/\/burbiculo.com\/fr\/trabajo-artistico\/el-grito\/\"><img loading=\"lazy\" decoding=\"async\" width=\"1024\" height=\"581\" src=\"http:\/\/burbiculo.com\/wp-content\/uploads\/2021\/06\/IMG-20200208-WA0010-1024x581.jpg\" alt=\"\" class=\"wp-image-380 size-full\" srcset=\"https:\/\/burbiculo.com\/wp-content\/uploads\/2021\/06\/IMG-20200208-WA0010-1024x581.jpg 1024w, https:\/\/burbiculo.com\/wp-content\/uploads\/2021\/06\/IMG-20200208-WA0010-300x170.jpg 300w, https:\/\/burbiculo.com\/wp-content\/uploads\/2021\/06\/IMG-20200208-WA0010-768x436.jpg 768w, https:\/\/burbiculo.com\/wp-content\/uploads\/2021\/06\/IMG-20200208-WA0010.jpg 1195w\" sizes=\"auto, (max-width: 1024px) 100vw, 1024px\" \/><\/a><\/figure><\/div>\n\n\n\n<div class=\"wp-block-media-text alignwide has-media-on-the-right is-stacked-on-mobile is-vertically-aligned-center is-style-twentytwentyone-border\"><div class=\"wp-block-media-text__content\">\n<h3 class=\"wp-block-heading has-text-align-center has-orange-color has-text-color\"><a href=\"https:\/\/burbiculo.com\/fr\/trabajo-artistico\/public-private-parts-ou-lorigine-du-monde\/\" target=\"_blank\" rel=\"noreferrer noopener\">Public\/Private Parts ou L&rsquo;Origine du monde<\/a><\/h3>\n\n\n\n<p class=\"has-text-align-center has-orange-color has-text-color\">Interpr\u00e8te et collaborateur, \u0153uvre de Gerard X Reyes, 2021<\/p>\n<\/div><figure class=\"wp-block-media-text__media\"><a href=\"https:\/\/burbiculo.com\/fr\/trabajo-artistico\/public-private-parts-ou-lorigine-du-monde\/\"><img loading=\"lazy\" decoding=\"async\" width=\"1024\" height=\"472\" src=\"http:\/\/burbiculo.com\/wp-content\/uploads\/2021\/06\/fme0yc.jpg\" alt=\"\" class=\"wp-image-367 size-full\" srcset=\"https:\/\/burbiculo.com\/wp-content\/uploads\/2021\/06\/fme0yc.jpg 1024w, https:\/\/burbiculo.com\/wp-content\/uploads\/2021\/06\/fme0yc-300x138.jpg 300w, https:\/\/burbiculo.com\/wp-content\/uploads\/2021\/06\/fme0yc-768x354.jpg 768w\" sizes=\"auto, (max-width: 1024px) 100vw, 1024px\" \/><\/a><\/figure><\/div>\n\n\n\n<div class=\"wp-block-media-text alignwide has-media-on-the-right is-stacked-on-mobile is-vertically-aligned-center is-style-twentytwentyone-border\"><div class=\"wp-block-media-text__content\">\n<h3 class=\"wp-block-heading has-text-align-center has-orange-color has-text-color\"><a href=\"https:\/\/burbiculo.com\/fr\/trabajo-artistico\/zemmoa\/\" target=\"_blank\" rel=\"noreferrer noopener\">Zemmoa<\/a><\/h3>\n\n\n\n<p class=\"has-text-align-center has-orange-color has-text-color\">Chor\u00e9graphe et danseur.se pour l&rsquo;artiste Zemmoa, 2018-2020<\/p>\n<\/div><figure class=\"wp-block-media-text__media\"><a href=\"https:\/\/burbiculo.com\/fr\/trabajo-artistico\/zemmoa\/\"><img loading=\"lazy\" decoding=\"async\" width=\"960\" height=\"641\" src=\"http:\/\/burbiculo.com\/wp-content\/uploads\/2021\/06\/66064452_10162159833720089_3124059061062991872_n.jpg\" alt=\"\" class=\"wp-image-372 size-full\" srcset=\"https:\/\/burbiculo.com\/wp-content\/uploads\/2021\/06\/66064452_10162159833720089_3124059061062991872_n.jpg 960w, https:\/\/burbiculo.com\/wp-content\/uploads\/2021\/06\/66064452_10162159833720089_3124059061062991872_n-300x200.jpg 300w, https:\/\/burbiculo.com\/wp-content\/uploads\/2021\/06\/66064452_10162159833720089_3124059061062991872_n-768x513.jpg 768w\" sizes=\"auto, (max-width: 960px) 100vw, 960px\" \/><\/a><\/figure><\/div>\n\n\n\n<h2 class=\"wp-block-heading has-orange-color has-text-color\">Vid\u00e9oclips et publicit\u00e9<\/h2>\n\n\n\n<div class=\"wp-block-media-text alignwide has-media-on-the-right is-stacked-on-mobile is-vertically-aligned-center is-style-twentytwentyone-border\"><div class=\"wp-block-media-text__content\">\n<h3 class=\"wp-block-heading has-text-align-center has-orange-color has-text-color\"><a href=\"https:\/\/burbiculo.com\/fr\/trabajo-artistico\/videos-musicales-y-comerciales\/\" target=\"_blank\" rel=\"noreferrer noopener\">Vid\u00e9oclips et publicit\u00e9<\/a><\/h3>\n<\/div><figure class=\"wp-block-media-text__media\"><a href=\"https:\/\/burbiculo.com\/fr\/trabajo-artistico\/videos-musicales-y-comerciales\/\"><img loading=\"lazy\" decoding=\"async\" width=\"1024\" height=\"576\" src=\"http:\/\/burbiculo.com\/wp-content\/uploads\/2021\/06\/my-glitter-butt-1024x576.jpg\" alt=\"\" class=\"wp-image-237 size-full\" srcset=\"https:\/\/burbiculo.com\/wp-content\/uploads\/2021\/06\/my-glitter-butt-1024x576.jpg 1024w, https:\/\/burbiculo.com\/wp-content\/uploads\/2021\/06\/my-glitter-butt-300x169.jpg 300w, https:\/\/burbiculo.com\/wp-content\/uploads\/2021\/06\/my-glitter-butt-768x432.jpg 768w, https:\/\/burbiculo.com\/wp-content\/uploads\/2021\/06\/my-glitter-butt-1536x864.jpg 1536w, https:\/\/burbiculo.com\/wp-content\/uploads\/2021\/06\/my-glitter-butt-1568x882.jpg 1568w, https:\/\/burbiculo.com\/wp-content\/uploads\/2021\/06\/my-glitter-butt.jpg 1920w\" sizes=\"auto, (max-width: 1024px) 100vw, 1024px\" \/><\/a><\/figure><\/div>\n\n\n\n<p><\/p>\n","protected":false},"excerpt":{"rendered":"<p>Cr\u00e9ations Projet de recherche et cr\u00e9ation du Conseil des arts du Canada Pr\u00e9sentation du work-in-progress de mon projet de recherche et cr\u00e9ation financ\u00e9 par le Conseil des arts du Canada, 2023 SANGUAZA Performance et installation, 2022Produite en collaboration avec Rai Jacob et Manu Huesca Toledo R\u00e9sidence artistique SER Mat\u00e9riel vid\u00e9o de mon mois de r\u00e9sidence&hellip; <a class=\"more-link\" href=\"https:\/\/burbiculo.com\/fr\/trabajo-artistico\/\">Poursuivre la lecture <span class=\"screen-reader-text\">Travail artistique<\/span><\/a><\/p>\n","protected":false},"author":1,"featured_media":0,"parent":0,"menu_order":0,"comment_status":"closed","ping_status":"closed","template":"","meta":{"footnotes":""},"class_list":["post-670","page","type-page","status-publish","hentry","entry"],"_links":{"self":[{"href":"https:\/\/burbiculo.com\/fr\/wp-json\/wp\/v2\/pages\/670","targetHints":{"allow":["GET"]}}],"collection":[{"href":"https:\/\/burbiculo.com\/fr\/wp-json\/wp\/v2\/pages"}],"about":[{"href":"https:\/\/burbiculo.com\/fr\/wp-json\/wp\/v2\/types\/page"}],"author":[{"embeddable":true,"href":"https:\/\/burbiculo.com\/fr\/wp-json\/wp\/v2\/users\/1"}],"replies":[{"embeddable":true,"href":"https:\/\/burbiculo.com\/fr\/wp-json\/wp\/v2\/comments?post=670"}],"version-history":[{"count":10,"href":"https:\/\/burbiculo.com\/fr\/wp-json\/wp\/v2\/pages\/670\/revisions"}],"predecessor-version":[{"id":2052,"href":"https:\/\/burbiculo.com\/fr\/wp-json\/wp\/v2\/pages\/670\/revisions\/2052"}],"wp:attachment":[{"href":"https:\/\/burbiculo.com\/fr\/wp-json\/wp\/v2\/media?parent=670"}],"curies":[{"name":"wp","href":"https:\/\/api.w.org\/{rel}","templated":true}]}}