{"id":693,"date":"2021-06-28T22:24:44","date_gmt":"2021-06-28T22:24:44","guid":{"rendered":"http:\/\/burbiculo.com\/trabajo-artistico__trashed\/el-grito\/"},"modified":"2021-07-04T21:32:27","modified_gmt":"2021-07-04T21:32:27","slug":"el-grito","status":"publish","type":"page","link":"https:\/\/burbiculo.com\/fr\/trabajo-artistico\/el-grito\/","title":{"rendered":"El grito"},"content":{"rendered":"\n<p class=\"has-orange-color has-text-color\">Performance collective dirig\u00e9e par Yolanda Benalba, 2020<\/p>\n\n\n\n<figure class=\"wp-block-gallery columns-2 is-cropped wp-block-gallery-1 is-layout-flex wp-block-gallery-is-layout-flex\"><ul class=\"blocks-gallery-grid\"><li class=\"blocks-gallery-item\"><figure><img loading=\"lazy\" decoding=\"async\" width=\"1024\" height=\"581\" src=\"http:\/\/burbiculo.com\/wp-content\/uploads\/2021\/06\/IMG-20200208-WA0010-1-1024x581.jpg\" alt=\"\" data-id=\"640\" data-full-url=\"http:\/\/burbiculo.com\/wp-content\/uploads\/2021\/06\/IMG-20200208-WA0010-1.jpg\" data-link=\"http:\/\/burbiculo.com\/?attachment_id=640\" class=\"wp-image-640\" srcset=\"https:\/\/burbiculo.com\/wp-content\/uploads\/2021\/06\/IMG-20200208-WA0010-1-1024x581.jpg 1024w, https:\/\/burbiculo.com\/wp-content\/uploads\/2021\/06\/IMG-20200208-WA0010-1-300x170.jpg 300w, https:\/\/burbiculo.com\/wp-content\/uploads\/2021\/06\/IMG-20200208-WA0010-1-768x436.jpg 768w, https:\/\/burbiculo.com\/wp-content\/uploads\/2021\/06\/IMG-20200208-WA0010-1.jpg 1195w\" sizes=\"auto, (max-width: 1024px) 100vw, 1024px\" \/><\/figure><\/li><li class=\"blocks-gallery-item\"><figure><img loading=\"lazy\" decoding=\"async\" width=\"1024\" height=\"1024\" src=\"http:\/\/burbiculo.com\/wp-content\/uploads\/2021\/06\/IMG-20200206-WA0039-1024x1024.jpg\" alt=\"\" data-id=\"643\" data-full-url=\"http:\/\/burbiculo.com\/wp-content\/uploads\/2021\/06\/IMG-20200206-WA0039.jpg\" data-link=\"http:\/\/burbiculo.com\/?attachment_id=643\" class=\"wp-image-643\" srcset=\"https:\/\/burbiculo.com\/wp-content\/uploads\/2021\/06\/IMG-20200206-WA0039-1024x1024.jpg 1024w, https:\/\/burbiculo.com\/wp-content\/uploads\/2021\/06\/IMG-20200206-WA0039-300x300.jpg 300w, https:\/\/burbiculo.com\/wp-content\/uploads\/2021\/06\/IMG-20200206-WA0039-150x150.jpg 150w, https:\/\/burbiculo.com\/wp-content\/uploads\/2021\/06\/IMG-20200206-WA0039-768x768.jpg 768w, https:\/\/burbiculo.com\/wp-content\/uploads\/2021\/06\/IMG-20200206-WA0039.jpg 1080w\" sizes=\"auto, (max-width: 1024px) 100vw, 1024px\" \/><\/figure><\/li><\/ul><\/figure>\n\n\n\n<p class=\"has-text-align-center has-orange-color has-text-color\"><a rel=\"noreferrer noopener\" href=\"http:\/\/www.yolandabenalba.com\/El-grito\" target=\"_blank\">http:\/\/www.yolandabenalba.com\/El-grito<\/a><\/p>\n\n\n\n<p class=\"has-orange-color has-text-color\" id=\"tw-target-text\">Guid\u00e9e par Yolanda Benalba et Ilazki de Portuondo au MUCA Campus (Mexico City) entre f\u00e9vrier et mars 2020 dans le cadre du projet <em>El grito<\/em> pour <em>Pedir lo Imposible, Deuxi\u00e8me Biennale des Arts et du Design UNAM.<\/em><\/p>\n\n\n\n<p class=\"has-text-align-center has-gray-color has-orange-background-color has-text-color has-background has-large-font-size\"><br>\u00abNous avons lanc\u00e9 un appel public aux identit\u00e9s f\u00e9ministes et cuir (queer), entre d\u00e9cembre 2019 et janvier 2020, dans le but de crier des plaintes et des revendications sur les droits humains, sexuels, reproductifs et du travail. Le r\u00e9sultat a \u00e9t\u00e9 un groupe hybride compos\u00e9 d&rsquo;activistes et de cr\u00e9atrices.teurs de diff\u00e9rentes disciplines et domaines avec une tranche d&rsquo;\u00e2ge entre 20 et 63 ans.\u00bb<br><br> \u00abEn tant qu&rsquo;incantation, nous avons gu\u00e9ri de sentiments partag\u00e9s gr\u00e2ce \u00e0 la construction d&rsquo;un corps commun plein de forces, qui nous a permis de crier ensemble. Ce corps commun \u2014 qui tour \u00e0 tour crie, revendique, manifeste, des corps qui marchent ensemble ou la m\u00eame troupe d&rsquo;interpr\u00e8tes \u2014 est une m\u00e9taphore que je r\u00e9it\u00e8re dans d&rsquo;autres pi\u00e8ces.\u00bb<br><br><em><a rel=\"noreferrer noopener\" href=\"https:\/\/terremoto.mx\/revista\/no-se-va-a-caer-lo-vamos-a-tirar\/\" target=\"_blank\">No se va a caer, lo vamos a tirar: entrevista a Yolanda Benalba<\/a><\/em> (ma traduction)<\/p>\n\n\n\n<p class=\"has-orange-color has-text-color\">Participant.e.s: Abigail Maritxu Aranda M\u00e1rquez, Beatriz Balbir, Burbiculo, Ingrid C. Morg\u00e1n, Alma Garc\u00eda Gil, Manuel Huesca, Uriel Palma, Viridiana Manjarez, Santy Mito, irak morales, Manuela Pizarro, Jan de la Rosa et Sarai Valle.<\/p>\n","protected":false},"excerpt":{"rendered":"<p>Performance collective dirig\u00e9e par Yolanda Benalba, 2020 http:\/\/www.yolandabenalba.com\/El-grito Guid\u00e9e par Yolanda Benalba et Ilazki de Portuondo au MUCA Campus (Mexico City) entre f\u00e9vrier et mars 2020 dans le cadre du projet El grito pour Pedir lo Imposible, Deuxi\u00e8me Biennale des Arts et du Design UNAM. \u00abNous avons lanc\u00e9 un appel public aux identit\u00e9s f\u00e9ministes et&hellip; <a class=\"more-link\" href=\"https:\/\/burbiculo.com\/fr\/trabajo-artistico\/el-grito\/\">Poursuivre la lecture <span class=\"screen-reader-text\">El grito<\/span><\/a><\/p>\n","protected":false},"author":1,"featured_media":0,"parent":670,"menu_order":0,"comment_status":"closed","ping_status":"closed","template":"","meta":{"footnotes":""},"class_list":["post-693","page","type-page","status-publish","hentry","entry"],"_links":{"self":[{"href":"https:\/\/burbiculo.com\/fr\/wp-json\/wp\/v2\/pages\/693","targetHints":{"allow":["GET"]}}],"collection":[{"href":"https:\/\/burbiculo.com\/fr\/wp-json\/wp\/v2\/pages"}],"about":[{"href":"https:\/\/burbiculo.com\/fr\/wp-json\/wp\/v2\/types\/page"}],"author":[{"embeddable":true,"href":"https:\/\/burbiculo.com\/fr\/wp-json\/wp\/v2\/users\/1"}],"replies":[{"embeddable":true,"href":"https:\/\/burbiculo.com\/fr\/wp-json\/wp\/v2\/comments?post=693"}],"version-history":[{"count":4,"href":"https:\/\/burbiculo.com\/fr\/wp-json\/wp\/v2\/pages\/693\/revisions"}],"predecessor-version":[{"id":744,"href":"https:\/\/burbiculo.com\/fr\/wp-json\/wp\/v2\/pages\/693\/revisions\/744"}],"up":[{"embeddable":true,"href":"https:\/\/burbiculo.com\/fr\/wp-json\/wp\/v2\/pages\/670"}],"wp:attachment":[{"href":"https:\/\/burbiculo.com\/fr\/wp-json\/wp\/v2\/media?parent=693"}],"curies":[{"name":"wp","href":"https:\/\/api.w.org\/{rel}","templated":true}]}}