{"id":705,"date":"2021-06-29T23:05:59","date_gmt":"2021-06-29T23:05:59","guid":{"rendered":"http:\/\/burbiculo.com\/?page_id=705"},"modified":"2021-06-29T23:07:09","modified_gmt":"2021-06-29T23:07:09","slug":"moon-in-scorpio","status":"publish","type":"page","link":"https:\/\/burbiculo.com\/fr\/trabajo-artistico\/moon-in-scorpio\/","title":{"rendered":"Moon in Scorpio"},"content":{"rendered":"\n<figure class=\"wp-block-embed is-type-video is-provider-vimeo wp-block-embed-vimeo\"><div class=\"wp-block-embed__wrapper\">\n<iframe loading=\"lazy\" title=\"Moon in Scorpio\" src=\"https:\/\/player.vimeo.com\/video\/546299795?dnt=1&amp;app_id=122963\" width=\"750\" height=\"422\" frameborder=\"0\" allow=\"autoplay; fullscreen; picture-in-picture\" allowfullscreen><\/iframe>\n<\/div><\/figure>\n\n\n\n<p class=\"has-orange-color has-text-color\">Cr\u00e9ation vid\u00e9o, 2021<br>Vid\u00e9o et \u00e9dition par @thebohemiomx<br>Mouvement par moi<br>Chanson: Snow par Nasaya &amp; Myra<\/p>\n\n\n\n<p class=\"has-orange-color has-text-color\" id=\"tw-target-text\">Cette vid\u00e9o est la cl\u00f4ture d&rsquo;un chapitre de ce que la danse m&rsquo;a donn\u00e9 pendant la pand\u00e9mie et le confinement. Je danse mes deuils, ma tristesse, mes plaisirs, mes peurs, mon euphorie. Partager cela avec le monde est la chose la plus vuln\u00e9rable et intime. Je bouge parce que \u00e7a fait tellement du bien, parce que je me sens connect\u00e9.e \u00e0 l&rsquo;univers, aux arbres qui vivent dans une autre chronologie, au myc\u00e9lium et au magma sous mes pieds, \u00e0 la puissante \u00e9nergie qui coule en moi, qui me traverse et je deviens un lien avec tout. Je danse pieds nus, parce que \u00e7a fait du bien. Je danse cette fin de chapitre pendant la pleine lune en Scorpion.<\/p>\n","protected":false},"excerpt":{"rendered":"<p>Cr\u00e9ation vid\u00e9o, 2021Vid\u00e9o et \u00e9dition par @thebohemiomxMouvement par moiChanson: Snow par Nasaya &amp; Myra Cette vid\u00e9o est la cl\u00f4ture d&rsquo;un chapitre de ce que la danse m&rsquo;a donn\u00e9 pendant la pand\u00e9mie et le confinement. Je danse mes deuils, ma tristesse, mes plaisirs, mes peurs, mon euphorie. Partager cela avec le monde est la chose la&hellip; <a class=\"more-link\" href=\"https:\/\/burbiculo.com\/fr\/trabajo-artistico\/moon-in-scorpio\/\">Poursuivre la lecture <span class=\"screen-reader-text\">Moon in Scorpio<\/span><\/a><\/p>\n","protected":false},"author":1,"featured_media":0,"parent":670,"menu_order":0,"comment_status":"closed","ping_status":"closed","template":"","meta":{"footnotes":""},"class_list":["post-705","page","type-page","status-publish","hentry","entry"],"_links":{"self":[{"href":"https:\/\/burbiculo.com\/fr\/wp-json\/wp\/v2\/pages\/705","targetHints":{"allow":["GET"]}}],"collection":[{"href":"https:\/\/burbiculo.com\/fr\/wp-json\/wp\/v2\/pages"}],"about":[{"href":"https:\/\/burbiculo.com\/fr\/wp-json\/wp\/v2\/types\/page"}],"author":[{"embeddable":true,"href":"https:\/\/burbiculo.com\/fr\/wp-json\/wp\/v2\/users\/1"}],"replies":[{"embeddable":true,"href":"https:\/\/burbiculo.com\/fr\/wp-json\/wp\/v2\/comments?post=705"}],"version-history":[{"count":1,"href":"https:\/\/burbiculo.com\/fr\/wp-json\/wp\/v2\/pages\/705\/revisions"}],"predecessor-version":[{"id":706,"href":"https:\/\/burbiculo.com\/fr\/wp-json\/wp\/v2\/pages\/705\/revisions\/706"}],"up":[{"embeddable":true,"href":"https:\/\/burbiculo.com\/fr\/wp-json\/wp\/v2\/pages\/670"}],"wp:attachment":[{"href":"https:\/\/burbiculo.com\/fr\/wp-json\/wp\/v2\/media?parent=705"}],"curies":[{"name":"wp","href":"https:\/\/api.w.org\/{rel}","templated":true}]}}