{"id":709,"date":"2021-06-30T19:16:44","date_gmt":"2021-06-30T19:16:44","guid":{"rendered":"http:\/\/burbiculo.com\/?page_id=709"},"modified":"2021-07-04T21:25:34","modified_gmt":"2021-07-04T21:25:34","slug":"la-solitude-lumineuse","status":"publish","type":"page","link":"https:\/\/burbiculo.com\/fr\/trabajo-artistico\/la-solitude-lumineuse\/","title":{"rendered":"La solitude lumineuse"},"content":{"rendered":"\n<figure class=\"wp-block-embed is-type-video is-provider-vimeo wp-block-embed-vimeo\"><div class=\"wp-block-embed__wrapper\">\n<iframe loading=\"lazy\" title=\"La solitude lumineuse by Burbiculo\" src=\"https:\/\/player.vimeo.com\/video\/489462461?dnt=1&amp;app_id=122963\" width=\"750\" height=\"422\" frameborder=\"0\" allow=\"autoplay; fullscreen; picture-in-picture\" allowfullscreen><\/iframe>\n<\/div><\/figure>\n\n\n\n<p class=\"has-orange-color has-text-color\">Cr\u00e9ation vid\u00e9o, 2020<br>Vid\u00e9os, mouvement et \u00e9dition par Florianne Philippe-Beauchamp<br>Chanson: Underwaterfall par Bearcubs<\/p>\n\n\n\n<p class=\"has-orange-color has-text-color\" id=\"tw-target-text\">J&rsquo;ai cr\u00e9\u00e9 ceci pour mon propre atelier \u00abSensualidad : Alquimia y Sanacion\u00bb. Dans cet atelier, je partage mon processus cr\u00e9atif avec les participant.e.s, qui consiste \u00e0 transformer mes angoisse et mes douleurs en cr\u00e9ation. Pour cette vid\u00e9o en particulier, je travaillais avec ma peur et mon excitation contradictoires de commencer \u00e0 \u00e9tudier l&rsquo;\u00e9ducation sexuelle somatique. J&rsquo;avais peur de faire face \u00e0 mes propres traumatismes sexuels et de l&rsquo;isolement des relations intimes qui peut venir du travail d&rsquo;\u00e9ducation sexuelle. <br><br>Mais quand j&rsquo;ai regard\u00e9 le r\u00e9sultat final, cela m&rsquo;a envoy\u00e9 un message tellement diff\u00e9rent de mon intention. Je regarde cette vid\u00e9o et je vois une belle relation que j&rsquo;ai avec moi-m\u00eame. Toutes les vid\u00e9os ont \u00e9t\u00e9 enregistr\u00e9es par moi-m\u00eame, avec mon t\u00e9l\u00e9phone, en mode selfie, pendant les premiers mois de la pand\u00e9mie. Et au lieu de voir l&rsquo;isolement, je vois le pouvoir et la beaut\u00e9 de ma solitude. Je vois litt\u00e9ralement ce que je ressens lorsque mon corps est ma seule maison et comment je nourris cette relation au quotidien. Je me suis toujours senti.e le plus chez moi dans l&rsquo;espace liminal : entre les langues, entre les genres, entre les foyers, entre les pays ; J&rsquo;apprends de plus en plus que ma maison est ici, maintenant, en moi et dans la passion que me procure mon corps. Je me suis toujours senti.e le plus heureux en mouvement. Entre ici et l\u00e0-bas, profitant de la route.<br> <br>J&rsquo;ai d\u00e9velopp\u00e9 plus de compassion envers moi-m\u00eame en me comprenant dans une relation avec moi-m\u00eame. Si vous vous r\u00e9veillez \u00e0 c\u00f4t\u00e9 de la m\u00eame personne tous les jours et que vous n&rsquo;avez pas de pause, m\u00eame lorsque vous allez aux toilettes, vous allez probablement \u00eatre \u00e9nerv\u00e9.e.s. Je sais que moi oui. Et c&rsquo;est ce que je ressens envers moi-m\u00eame. Pendant toute ma vie, j&rsquo;ai eu beaucoup de mal \u00e0 appr\u00e9cier ma propre compagnie. Enfin, me penser comme ma.mon propre partenaire me fait voir que m\u00eame quand je m&rsquo;\u00e9nerve, je m&rsquo;aime. <br>* J&rsquo;avais perdu beaucoup de poids pour des raisons \u00e9motionnelles avant cette vid\u00e9o, ce que vous pouvez voir n&rsquo;est pas mon poids sant\u00e9.<\/p>\n","protected":false},"excerpt":{"rendered":"<p>Cr\u00e9ation vid\u00e9o, 2020Vid\u00e9os, mouvement et \u00e9dition par Florianne Philippe-BeauchampChanson: Underwaterfall par Bearcubs J&rsquo;ai cr\u00e9\u00e9 ceci pour mon propre atelier \u00abSensualidad : Alquimia y Sanacion\u00bb. Dans cet atelier, je partage mon processus cr\u00e9atif avec les participant.e.s, qui consiste \u00e0 transformer mes angoisse et mes douleurs en cr\u00e9ation. Pour cette vid\u00e9o en particulier, je travaillais avec ma&hellip; <a class=\"more-link\" href=\"https:\/\/burbiculo.com\/fr\/trabajo-artistico\/la-solitude-lumineuse\/\">Poursuivre la lecture <span class=\"screen-reader-text\">La solitude lumineuse<\/span><\/a><\/p>\n","protected":false},"author":1,"featured_media":0,"parent":670,"menu_order":0,"comment_status":"closed","ping_status":"closed","template":"","meta":{"footnotes":""},"class_list":["post-709","page","type-page","status-publish","hentry","entry"],"_links":{"self":[{"href":"https:\/\/burbiculo.com\/fr\/wp-json\/wp\/v2\/pages\/709","targetHints":{"allow":["GET"]}}],"collection":[{"href":"https:\/\/burbiculo.com\/fr\/wp-json\/wp\/v2\/pages"}],"about":[{"href":"https:\/\/burbiculo.com\/fr\/wp-json\/wp\/v2\/types\/page"}],"author":[{"embeddable":true,"href":"https:\/\/burbiculo.com\/fr\/wp-json\/wp\/v2\/users\/1"}],"replies":[{"embeddable":true,"href":"https:\/\/burbiculo.com\/fr\/wp-json\/wp\/v2\/comments?post=709"}],"version-history":[{"count":2,"href":"https:\/\/burbiculo.com\/fr\/wp-json\/wp\/v2\/pages\/709\/revisions"}],"predecessor-version":[{"id":740,"href":"https:\/\/burbiculo.com\/fr\/wp-json\/wp\/v2\/pages\/709\/revisions\/740"}],"up":[{"embeddable":true,"href":"https:\/\/burbiculo.com\/fr\/wp-json\/wp\/v2\/pages\/670"}],"wp:attachment":[{"href":"https:\/\/burbiculo.com\/fr\/wp-json\/wp\/v2\/media?parent=709"}],"curies":[{"name":"wp","href":"https:\/\/api.w.org\/{rel}","templated":true}]}}