{"id":721,"date":"2021-06-30T19:39:27","date_gmt":"2021-06-30T19:39:27","guid":{"rendered":"http:\/\/burbiculo.com\/?page_id=721"},"modified":"2021-07-07T16:13:16","modified_gmt":"2021-07-07T16:13:16","slug":"public-private-parts-ou-lorigine-du-monde","status":"publish","type":"page","link":"https:\/\/burbiculo.com\/fr\/trabajo-artistico\/public-private-parts-ou-lorigine-du-monde\/","title":{"rendered":"Public\/Private Parts ou L&rsquo;Origine du monde"},"content":{"rendered":"\n<p class=\"has-orange-color has-text-color\">Interpr\u00e8te et collaborateur.trice, \u0153uvre par Gerard X Reyes, 2021<\/p>\n\n\n\n<figure class=\"wp-block-video aligncenter\"><video height=\"800\" style=\"aspect-ratio: 640 \/ 800;\" width=\"640\" controls src=\"http:\/\/burbiculo.com\/wp-content\/uploads\/2021\/06\/182397597_224302692827094_8001769306502164390_n.mp4\"><\/video><figcaption>\u201cPublic \/ Private Parts ou L\u2019Origine du monde\u201d par Gerard X Reyes. Concept et \u0153uvre par Gerard X Reyes.<br>Vid\u00e9o par Juan David Padilla. Interpr\u00e8tes: Jontae McCrory, Gerard X Reyes et<br>Florianne Philippe-Beauchamp. Voix par Bishop Black.<\/figcaption><\/figure>\n\n\n\n<p class=\"has-orange-color has-text-color\">\u00ab<a rel=\"noreferrer noopener\" href=\"https:\/\/publicprivateparts.com\/\" target=\"_blank\">Dirig\u00e9 par l&rsquo;artiste et \u00e9ducateur sexuel somatique Gerard X Reyes, Public \/ Private Parts est une s\u00e9rie d&rsquo;\u0153uvres d&rsquo;art d\u00e9velopp\u00e9e en conversation et en collaboration avec des travailleurs\u00b7ses du sexe, des \u00e9ducateurs\u00b7rices sexuel\u00b7les somatiques, et des artistes de Berlin et de Montr\u00e9al. \u00c0 travers diff\u00e9rents m\u00e9diums (entrevues, performances en direct, installation vid\u00e9o, etc.), les collaborateurs\u00b7rices partagent notamment des perspectives brillantes sur le corps nu, l&rsquo;intimit\u00e9, les pratiques sensuelles, les relations et la morale tout comme l&rsquo;autocensure.<\/a>\u00bb<\/p>\n\n\n\n<p class=\"has-text-align-center\"><a href=\"https:\/\/publicprivateparts.com\/\">https:\/\/publicprivateparts.com\/<\/a><\/p>\n\n\n\n<figure class=\"wp-block-gallery columns-3 is-cropped wp-block-gallery-1 is-layout-flex wp-block-gallery-is-layout-flex\"><ul class=\"blocks-gallery-grid\"><li class=\"blocks-gallery-item\"><figure><img loading=\"lazy\" decoding=\"async\" width=\"1024\" height=\"1022\" src=\"http:\/\/burbiculo.com\/wp-content\/uploads\/2021\/06\/181049615_491786795500798_896528863069959407_n2-1024x1022.jpg\" alt=\"\" data-id=\"592\" data-full-url=\"http:\/\/burbiculo.com\/wp-content\/uploads\/2021\/06\/181049615_491786795500798_896528863069959407_n2.jpg\" data-link=\"http:\/\/burbiculo.com\/trabajo-artistico\/public-private-parts-ou-lorigine-du-monde\/attachment\/181049615_491786795500798_896528863069959407_n2\/\" class=\"wp-image-592\" srcset=\"https:\/\/burbiculo.com\/wp-content\/uploads\/2021\/06\/181049615_491786795500798_896528863069959407_n2-1024x1022.jpg 1024w, https:\/\/burbiculo.com\/wp-content\/uploads\/2021\/06\/181049615_491786795500798_896528863069959407_n2-300x300.jpg 300w, https:\/\/burbiculo.com\/wp-content\/uploads\/2021\/06\/181049615_491786795500798_896528863069959407_n2-150x150.jpg 150w, https:\/\/burbiculo.com\/wp-content\/uploads\/2021\/06\/181049615_491786795500798_896528863069959407_n2-768x767.jpg 768w, https:\/\/burbiculo.com\/wp-content\/uploads\/2021\/06\/181049615_491786795500798_896528863069959407_n2.jpg 1080w\" sizes=\"auto, (max-width: 1024px) 100vw, 1024px\" \/><\/figure><\/li><li class=\"blocks-gallery-item\"><figure><img loading=\"lazy\" decoding=\"async\" width=\"1024\" height=\"1022\" src=\"http:\/\/burbiculo.com\/wp-content\/uploads\/2021\/06\/182879984_216762233237821_340956872036677842_n-1-1024x1022.jpg\" alt=\"\" data-id=\"595\" data-full-url=\"http:\/\/burbiculo.com\/wp-content\/uploads\/2021\/06\/182879984_216762233237821_340956872036677842_n-1.jpg\" data-link=\"http:\/\/burbiculo.com\/trabajo-artistico\/public-private-parts-ou-lorigine-du-monde\/attachment\/182879984_216762233237821_340956872036677842_n-1\/\" class=\"wp-image-595\" srcset=\"https:\/\/burbiculo.com\/wp-content\/uploads\/2021\/06\/182879984_216762233237821_340956872036677842_n-1-1024x1022.jpg 1024w, https:\/\/burbiculo.com\/wp-content\/uploads\/2021\/06\/182879984_216762233237821_340956872036677842_n-1-300x300.jpg 300w, https:\/\/burbiculo.com\/wp-content\/uploads\/2021\/06\/182879984_216762233237821_340956872036677842_n-1-150x150.jpg 150w, https:\/\/burbiculo.com\/wp-content\/uploads\/2021\/06\/182879984_216762233237821_340956872036677842_n-1-768x767.jpg 768w, https:\/\/burbiculo.com\/wp-content\/uploads\/2021\/06\/182879984_216762233237821_340956872036677842_n-1.jpg 1080w\" sizes=\"auto, (max-width: 1024px) 100vw, 1024px\" \/><\/figure><\/li><li class=\"blocks-gallery-item\"><figure><img loading=\"lazy\" decoding=\"async\" width=\"1024\" height=\"1022\" src=\"http:\/\/burbiculo.com\/wp-content\/uploads\/2021\/06\/182718376_530190821720458_8034751893101955544_n-1024x1022.jpg\" alt=\"\" data-id=\"598\" data-full-url=\"http:\/\/burbiculo.com\/wp-content\/uploads\/2021\/06\/182718376_530190821720458_8034751893101955544_n.jpg\" data-link=\"http:\/\/burbiculo.com\/trabajo-artistico\/public-private-parts-ou-lorigine-du-monde\/attachment\/182718376_530190821720458_8034751893101955544_n\/\" class=\"wp-image-598\" srcset=\"https:\/\/burbiculo.com\/wp-content\/uploads\/2021\/06\/182718376_530190821720458_8034751893101955544_n-1024x1022.jpg 1024w, https:\/\/burbiculo.com\/wp-content\/uploads\/2021\/06\/182718376_530190821720458_8034751893101955544_n-300x300.jpg 300w, https:\/\/burbiculo.com\/wp-content\/uploads\/2021\/06\/182718376_530190821720458_8034751893101955544_n-150x150.jpg 150w, https:\/\/burbiculo.com\/wp-content\/uploads\/2021\/06\/182718376_530190821720458_8034751893101955544_n-768x767.jpg 768w, https:\/\/burbiculo.com\/wp-content\/uploads\/2021\/06\/182718376_530190821720458_8034751893101955544_n.jpg 1080w\" sizes=\"auto, (max-width: 1024px) 100vw, 1024px\" \/><\/figure><\/li><li class=\"blocks-gallery-item\"><figure><img loading=\"lazy\" decoding=\"async\" width=\"1024\" height=\"472\" src=\"http:\/\/burbiculo.com\/wp-content\/uploads\/2021\/06\/fme0yc-1.jpg\" alt=\"\" data-id=\"586\" data-full-url=\"http:\/\/burbiculo.com\/wp-content\/uploads\/2021\/06\/fme0yc-1.jpg\" data-link=\"http:\/\/burbiculo.com\/trabajo-artistico\/public-private-parts-ou-lorigine-du-monde\/attachment\/fme0yc-1\/\" class=\"wp-image-586\" srcset=\"https:\/\/burbiculo.com\/wp-content\/uploads\/2021\/06\/fme0yc-1.jpg 1024w, https:\/\/burbiculo.com\/wp-content\/uploads\/2021\/06\/fme0yc-1-300x138.jpg 300w, https:\/\/burbiculo.com\/wp-content\/uploads\/2021\/06\/fme0yc-1-768x354.jpg 768w\" sizes=\"auto, (max-width: 1024px) 100vw, 1024px\" \/><\/figure><\/li><li class=\"blocks-gallery-item\"><figure><img loading=\"lazy\" decoding=\"async\" width=\"1024\" height=\"683\" src=\"http:\/\/burbiculo.com\/wp-content\/uploads\/2021\/06\/187671568_138510281649139_2083594769197056497_n-3-1024x683.jpg\" alt=\"\" data-id=\"589\" data-full-url=\"http:\/\/burbiculo.com\/wp-content\/uploads\/2021\/06\/187671568_138510281649139_2083594769197056497_n-3.jpg\" data-link=\"http:\/\/burbiculo.com\/trabajo-artistico\/public-private-parts-ou-lorigine-du-monde\/attachment\/187671568_138510281649139_2083594769197056497_n-3\/\" class=\"wp-image-589\" srcset=\"https:\/\/burbiculo.com\/wp-content\/uploads\/2021\/06\/187671568_138510281649139_2083594769197056497_n-3-1024x683.jpg 1024w, https:\/\/burbiculo.com\/wp-content\/uploads\/2021\/06\/187671568_138510281649139_2083594769197056497_n-3-300x200.jpg 300w, https:\/\/burbiculo.com\/wp-content\/uploads\/2021\/06\/187671568_138510281649139_2083594769197056497_n-3-768x512.jpg 768w, https:\/\/burbiculo.com\/wp-content\/uploads\/2021\/06\/187671568_138510281649139_2083594769197056497_n-3.jpg 1080w\" sizes=\"auto, (max-width: 1024px) 100vw, 1024px\" \/><\/figure><\/li><\/ul><figcaption class=\"blocks-gallery-caption\">Photos par Juan David Padilla<\/figcaption><\/figure>\n","protected":false},"excerpt":{"rendered":"<p>Interpr\u00e8te et collaborateur.trice, \u0153uvre par Gerard X Reyes, 2021 \u00abDirig\u00e9 par l&rsquo;artiste et \u00e9ducateur sexuel somatique Gerard X Reyes, Public \/ Private Parts est une s\u00e9rie d&rsquo;\u0153uvres d&rsquo;art d\u00e9velopp\u00e9e en conversation et en collaboration avec des travailleurs\u00b7ses du sexe, des \u00e9ducateurs\u00b7rices sexuel\u00b7les somatiques, et des artistes de Berlin et de Montr\u00e9al. \u00c0 travers diff\u00e9rents m\u00e9diums&hellip; <a class=\"more-link\" href=\"https:\/\/burbiculo.com\/fr\/trabajo-artistico\/public-private-parts-ou-lorigine-du-monde\/\">Poursuivre la lecture <span class=\"screen-reader-text\">Public\/Private Parts ou L&rsquo;Origine du monde<\/span><\/a><\/p>\n","protected":false},"author":1,"featured_media":0,"parent":670,"menu_order":0,"comment_status":"closed","ping_status":"closed","template":"","meta":{"footnotes":""},"class_list":["post-721","page","type-page","status-publish","hentry","entry"],"_links":{"self":[{"href":"https:\/\/burbiculo.com\/fr\/wp-json\/wp\/v2\/pages\/721","targetHints":{"allow":["GET"]}}],"collection":[{"href":"https:\/\/burbiculo.com\/fr\/wp-json\/wp\/v2\/pages"}],"about":[{"href":"https:\/\/burbiculo.com\/fr\/wp-json\/wp\/v2\/types\/page"}],"author":[{"embeddable":true,"href":"https:\/\/burbiculo.com\/fr\/wp-json\/wp\/v2\/users\/1"}],"replies":[{"embeddable":true,"href":"https:\/\/burbiculo.com\/fr\/wp-json\/wp\/v2\/comments?post=721"}],"version-history":[{"count":3,"href":"https:\/\/burbiculo.com\/fr\/wp-json\/wp\/v2\/pages\/721\/revisions"}],"predecessor-version":[{"id":792,"href":"https:\/\/burbiculo.com\/fr\/wp-json\/wp\/v2\/pages\/721\/revisions\/792"}],"up":[{"embeddable":true,"href":"https:\/\/burbiculo.com\/fr\/wp-json\/wp\/v2\/pages\/670"}],"wp:attachment":[{"href":"https:\/\/burbiculo.com\/fr\/wp-json\/wp\/v2\/media?parent=721"}],"curies":[{"name":"wp","href":"https:\/\/api.w.org\/{rel}","templated":true}]}}