{"id":728,"date":"2021-07-04T21:07:40","date_gmt":"2021-07-04T21:07:40","guid":{"rendered":"http:\/\/burbiculo.com\/?page_id=728"},"modified":"2021-07-04T21:34:07","modified_gmt":"2021-07-04T21:34:07","slug":"si-me-deseas-puedes-entrar-a-mi-jaula","status":"publish","type":"page","link":"https:\/\/burbiculo.com\/fr\/trabajo-artistico\/si-me-deseas-puedes-entrar-a-mi-jaula\/","title":{"rendered":"Si me deseas, puedes entrar a mi jaula"},"content":{"rendered":"\n<figure class=\"wp-block-image size-large is-style-default\"><img loading=\"lazy\" decoding=\"async\" width=\"1024\" height=\"1024\" src=\"http:\/\/burbiculo.com\/wp-content\/uploads\/2021\/06\/LMB1908-1024x1024.jpg\" alt=\"\" class=\"wp-image-497\" srcset=\"https:\/\/burbiculo.com\/wp-content\/uploads\/2021\/06\/LMB1908-1024x1024.jpg 1024w, https:\/\/burbiculo.com\/wp-content\/uploads\/2021\/06\/LMB1908-300x300.jpg 300w, https:\/\/burbiculo.com\/wp-content\/uploads\/2021\/06\/LMB1908-150x150.jpg 150w, https:\/\/burbiculo.com\/wp-content\/uploads\/2021\/06\/LMB1908-768x768.jpg 768w, https:\/\/burbiculo.com\/wp-content\/uploads\/2021\/06\/LMB1908-1536x1536.jpg 1536w, https:\/\/burbiculo.com\/wp-content\/uploads\/2021\/06\/LMB1908.jpg 2048w, https:\/\/burbiculo.com\/wp-content\/uploads\/2021\/06\/LMB1908-1568x1568.jpg 1568w\" sizes=\"auto, (max-width: 1024px) 100vw, 1024px\" \/><\/figure>\n\n\n\n<p class=\"has-orange-color has-text-color\" id=\"tw-target-text\">Performance et installation, 2020<\/p>\n\n\n\n<p class=\"has-orange-color has-text-color\" id=\"tw-target-text\">Ma performance-installation <em><em>Si me deseas, puedes entrar a mi jaula<\/em><\/em> a \u00e9t\u00e9 pr\u00e9sent\u00e9e une premi\u00e8re fois lors du festival Backdoor \u00e0 Mexico en f\u00e9vrier 2020, lors d&rsquo;une f\u00eate dans une ancienne prison pour femmes \u00e0 Mexico. L&rsquo;espace de mon installation \u00e9tait une cellule de prison \u00e0 l&rsquo;ancienne, avec des barreaux. Les spectateurs.trices pouvaient donc observer de l&rsquo;ext\u00e9rieur de la cellule. L&rsquo;entr\u00e9e de ma cellule \u00e9tait situ\u00e9e dans le couloir qui menait aux \u00ab darkrooms \u00bb de la f\u00eate (les salles o\u00f9 les gens peuvent se rencontrer pour avoir des relations sexuelles). \u00c0 l&rsquo;int\u00e9rieur de ma cellule, en plus de l&rsquo;installation multim\u00e9dia dont je parlerai sous peu, j&rsquo;avais \u00e0 ma disposition un large banc avec mes propositions sur des papiers d\u00e9coup\u00e9s \u00e9crites et de la testost\u00e9rone en gel. Sur les barreaux de la porte de la cellule, il \u00e9tait \u00e9crit&nbsp;: \u00abMe d\u00e9sires-tu? Je suis non-binaire. As-tu peur de ton d\u00e9sir? De nombreuses fois, j&rsquo;ai senti qu&rsquo;\u00eatre non-binaire m&rsquo;a rendu.e asexuel.le aux yeux des gens. Si tu me d\u00e9sires, tu peux entrer dans ma cellule.\u00bb<\/p>\n\n\n\n<p class=\"has-orange-color has-text-color\" id=\"tw-target-text\">Sur le mur de ma cellule, cette vid\u00e9o avec ma voix en off \u00e9tait projet\u00e9e en boucle.<\/p>\n\n\n\n<figure class=\"wp-block-embed is-type-video is-provider-vimeo wp-block-embed-vimeo\"><div class=\"wp-block-embed__wrapper\">\n<iframe loading=\"lazy\" title=\"Si me deseas, puedes entrar a mi jaula\" src=\"https:\/\/player.vimeo.com\/video\/468725140?dnt=1&amp;app_id=122963\" width=\"750\" height=\"422\" frameborder=\"0\" allow=\"autoplay; fullscreen; picture-in-picture\" allowfullscreen><\/iframe>\n<\/div><figcaption>Vid\u00e9o film\u00e9 par Marimacha Satanico, \u00e9dit\u00e9 par moi-m\u00eame<\/figcaption><\/figure>\n\n\n\n<p class=\"has-orange-color has-text-color\">\u00c0 l&rsquo;int\u00e9rieur de ma cellule, j&rsquo;explorais l&rsquo;espace en bougeant, et en s\u00e9duisant mes spectateurs.trices\/voyeur.se.s en empruntant les codes de la masculinit\u00e9 et de la f\u00e9minit\u00e9 en alternance. J&rsquo;ai aussi appliqu\u00e9 deux sachets de 50mg de testost\u00e9rone en gel sur mon ventre et mes \u00e9paules au courant de la nuit. Les personnes qui d\u00e9cidaient d&rsquo;entrer dans mon espace \u2013 et donc qui, selon l&rsquo;invitation \u00e0 l&rsquo;entr\u00e9e, me d\u00e9siraient \u2013 \u00e9taient invit\u00e9es \u00e0 venir s&rsquo;asseoir avec moi sur le banc. Je leur expliquais alors que je m&rsquo;\u00e9tais appliqu\u00e9 de la testost\u00e9rone en gel et que cette hormone est absorb\u00e9e par la peau pour arriver au sang \u2013 ainsi, en me touchant, ils.elles couraient le risque d&rsquo;absorber de la testost\u00e9rone aussi. Cette information pouvait influencer leurs interactions subs\u00e9quentes avec moi. Nous discutions alors de mon d\u00e9sir de confronter mes contradictions avec cette performance&nbsp;: d&rsquo;un c\u00f4t\u00e9, j&rsquo;ai senti \u00e0 plusieurs reprises que mon genre non-binaire limitait mes interactions sexuelles et sentimentales; de l&rsquo;autre, je me suis rendu.e compte que je cr\u00e9ais moi-m\u00eame ce sentiment en croyant \u00e0 cette histoire et en repoussant des personnes attir\u00e9es envers moi. La prise de testost\u00e9rone et la position dans laquelle je mettais les personnes qui d\u00e9siraient interagir avec moi exemplifiait cette tension entre attirer et repousser l&rsquo;intimit\u00e9. Apr\u00e8s avoir discut\u00e9 de la testost\u00e9rone, de mon genre et de l&rsquo;intimit\u00e9 avec les personnes qui entraient dans ma cellule, je choisissais une proposition sur un des papiers sur mon banc et leur offrais. Parmi les propositions lors de cette premi\u00e8re pr\u00e9sentation, j&rsquo;ai offert \u00ab sens-moi sans me toucher \u00bb, \u00ab mets une main dans mes cheveux et une main o\u00f9 tu veux \u00bb, \u00ab fais-moi un lapdance \u00bb, \u00ab danse avec moi \u00bb, \u00ab tape-moi les fesses \u00bb, et \u00ab fais-moi ce que tu veux \u00bb. Je choisissais le papier que la personne m&rsquo;inspirait.<\/p>\n\n\n\n<p class=\"has-orange-color has-text-color\">L&rsquo;aspect interactif de ma performance, o\u00f9 il y a une interaction r\u00e9elle et intime entre des corps, me semble profond\u00e9ment int\u00e9ressant pour illustrer que nous pouvons vivre des connexions \u00e9rotiques authentiques avec d&rsquo;autres humains hors de la sph\u00e8re priv\u00e9e de la chambre \u00e0 coucher. L&rsquo;espace de la performance \u00e9tait int\u00e9ressant aussi parce qu&rsquo;il cr\u00e9ait un rapport de voyeur.se pour les spectateurs.trices qui restaient \u00e0 l&rsquo;ext\u00e9rieur de la cellule en regardant l&rsquo;action intime se d\u00e9roulant \u00e0 l&rsquo;int\u00e9rieur. L&#8217;emplacement dans le couloir qui menait aux \u00ab darkrooms \u00bb ajoutait un questionnement aux passant.e.s&nbsp;: qu&rsquo;est-ce que le sexe et l&rsquo;intimit\u00e9? De quelle mani\u00e8re nos d\u00e9sirs sont influenc\u00e9s et se manifestent-ils?<\/p>\n\n\n\n<figure class=\"wp-block-gallery alignfull columns-3 is-cropped wp-block-gallery-1 is-layout-flex wp-block-gallery-is-layout-flex\"><ul class=\"blocks-gallery-grid\"><li class=\"blocks-gallery-item\"><figure><img loading=\"lazy\" decoding=\"async\" width=\"1024\" height=\"683\" src=\"http:\/\/burbiculo.com\/wp-content\/uploads\/2021\/06\/LMB1708-2-1024x683.jpg\" alt=\"\" data-id=\"537\" data-link=\"http:\/\/burbiculo.com\/trabajo-artistico\/si-me-deseas-puedes-entrar-a-mi-jaula\/attachment\/lmb1708-2\/\" class=\"wp-image-537\" srcset=\"https:\/\/burbiculo.com\/wp-content\/uploads\/2021\/06\/LMB1708-2-1024x683.jpg 1024w, https:\/\/burbiculo.com\/wp-content\/uploads\/2021\/06\/LMB1708-2-300x200.jpg 300w, https:\/\/burbiculo.com\/wp-content\/uploads\/2021\/06\/LMB1708-2-768x512.jpg 768w, https:\/\/burbiculo.com\/wp-content\/uploads\/2021\/06\/LMB1708-2-1536x1024.jpg 1536w, https:\/\/burbiculo.com\/wp-content\/uploads\/2021\/06\/LMB1708-2-1568x1045.jpg 1568w, https:\/\/burbiculo.com\/wp-content\/uploads\/2021\/06\/LMB1708-2.jpg 2048w\" sizes=\"auto, (max-width: 1024px) 100vw, 1024px\" \/><\/figure><\/li><li class=\"blocks-gallery-item\"><figure><img loading=\"lazy\" decoding=\"async\" width=\"1024\" height=\"683\" src=\"http:\/\/burbiculo.com\/wp-content\/uploads\/2021\/06\/LMB1711-1024x683.jpg\" alt=\"\" data-id=\"403\" data-link=\"http:\/\/burbiculo.com\/trabajo-artistico\/si-me-deseas-puedes-entrar-a-mi-jaula\/attachment\/lmb1711\/\" class=\"wp-image-403\" srcset=\"https:\/\/burbiculo.com\/wp-content\/uploads\/2021\/06\/LMB1711-1024x683.jpg 1024w, https:\/\/burbiculo.com\/wp-content\/uploads\/2021\/06\/LMB1711-300x200.jpg 300w, https:\/\/burbiculo.com\/wp-content\/uploads\/2021\/06\/LMB1711-768x512.jpg 768w, https:\/\/burbiculo.com\/wp-content\/uploads\/2021\/06\/LMB1711-1536x1024.jpg 1536w, https:\/\/burbiculo.com\/wp-content\/uploads\/2021\/06\/LMB1711-1568x1045.jpg 1568w, https:\/\/burbiculo.com\/wp-content\/uploads\/2021\/06\/LMB1711.jpg 2048w\" sizes=\"auto, (max-width: 1024px) 100vw, 1024px\" \/><\/figure><\/li><li class=\"blocks-gallery-item\"><figure><img loading=\"lazy\" decoding=\"async\" width=\"1024\" height=\"683\" src=\"http:\/\/burbiculo.com\/wp-content\/uploads\/2021\/06\/LMB1719-1024x683.jpg\" alt=\"\" data-id=\"406\" data-link=\"http:\/\/burbiculo.com\/trabajo-artistico\/si-me-deseas-puedes-entrar-a-mi-jaula\/attachment\/lmb1719\/\" class=\"wp-image-406\" srcset=\"https:\/\/burbiculo.com\/wp-content\/uploads\/2021\/06\/LMB1719-1024x683.jpg 1024w, https:\/\/burbiculo.com\/wp-content\/uploads\/2021\/06\/LMB1719-300x200.jpg 300w, https:\/\/burbiculo.com\/wp-content\/uploads\/2021\/06\/LMB1719-768x512.jpg 768w, https:\/\/burbiculo.com\/wp-content\/uploads\/2021\/06\/LMB1719-1536x1024.jpg 1536w, https:\/\/burbiculo.com\/wp-content\/uploads\/2021\/06\/LMB1719-1568x1045.jpg 1568w, https:\/\/burbiculo.com\/wp-content\/uploads\/2021\/06\/LMB1719.jpg 2048w\" sizes=\"auto, (max-width: 1024px) 100vw, 1024px\" \/><\/figure><\/li><li class=\"blocks-gallery-item\"><figure><img loading=\"lazy\" decoding=\"async\" width=\"1024\" height=\"683\" src=\"http:\/\/burbiculo.com\/wp-content\/uploads\/2021\/06\/LMB1739-1024x683.jpg\" alt=\"\" data-id=\"415\" data-link=\"http:\/\/burbiculo.com\/trabajo-artistico\/si-me-deseas-puedes-entrar-a-mi-jaula\/attachment\/lmb1739\/\" class=\"wp-image-415\" srcset=\"https:\/\/burbiculo.com\/wp-content\/uploads\/2021\/06\/LMB1739-1024x683.jpg 1024w, https:\/\/burbiculo.com\/wp-content\/uploads\/2021\/06\/LMB1739-300x200.jpg 300w, https:\/\/burbiculo.com\/wp-content\/uploads\/2021\/06\/LMB1739-768x512.jpg 768w, https:\/\/burbiculo.com\/wp-content\/uploads\/2021\/06\/LMB1739-1536x1024.jpg 1536w, https:\/\/burbiculo.com\/wp-content\/uploads\/2021\/06\/LMB1739-1568x1045.jpg 1568w, https:\/\/burbiculo.com\/wp-content\/uploads\/2021\/06\/LMB1739.jpg 2048w\" sizes=\"auto, (max-width: 1024px) 100vw, 1024px\" \/><\/figure><\/li><li class=\"blocks-gallery-item\"><figure><img loading=\"lazy\" decoding=\"async\" width=\"1024\" height=\"683\" src=\"http:\/\/burbiculo.com\/wp-content\/uploads\/2021\/06\/LMB1777-1024x683.jpg\" alt=\"\" data-id=\"424\" data-link=\"http:\/\/burbiculo.com\/trabajo-artistico\/si-me-deseas-puedes-entrar-a-mi-jaula\/attachment\/lmb1777\/\" class=\"wp-image-424\" srcset=\"https:\/\/burbiculo.com\/wp-content\/uploads\/2021\/06\/LMB1777-1024x683.jpg 1024w, https:\/\/burbiculo.com\/wp-content\/uploads\/2021\/06\/LMB1777-300x200.jpg 300w, https:\/\/burbiculo.com\/wp-content\/uploads\/2021\/06\/LMB1777-768x512.jpg 768w, https:\/\/burbiculo.com\/wp-content\/uploads\/2021\/06\/LMB1777-1536x1024.jpg 1536w, https:\/\/burbiculo.com\/wp-content\/uploads\/2021\/06\/LMB1777-1568x1045.jpg 1568w, https:\/\/burbiculo.com\/wp-content\/uploads\/2021\/06\/LMB1777.jpg 2048w\" sizes=\"auto, (max-width: 1024px) 100vw, 1024px\" \/><\/figure><\/li><li class=\"blocks-gallery-item\"><figure><img loading=\"lazy\" decoding=\"async\" width=\"1024\" height=\"683\" src=\"http:\/\/burbiculo.com\/wp-content\/uploads\/2021\/06\/LMB1791-1024x683.jpg\" alt=\"\" data-id=\"430\" data-link=\"http:\/\/burbiculo.com\/trabajo-artistico\/si-me-deseas-puedes-entrar-a-mi-jaula\/attachment\/lmb1791\/\" class=\"wp-image-430\" srcset=\"https:\/\/burbiculo.com\/wp-content\/uploads\/2021\/06\/LMB1791-1024x683.jpg 1024w, https:\/\/burbiculo.com\/wp-content\/uploads\/2021\/06\/LMB1791-300x200.jpg 300w, https:\/\/burbiculo.com\/wp-content\/uploads\/2021\/06\/LMB1791-768x512.jpg 768w, https:\/\/burbiculo.com\/wp-content\/uploads\/2021\/06\/LMB1791-1536x1024.jpg 1536w, https:\/\/burbiculo.com\/wp-content\/uploads\/2021\/06\/LMB1791-1568x1045.jpg 1568w, https:\/\/burbiculo.com\/wp-content\/uploads\/2021\/06\/LMB1791.jpg 2048w\" sizes=\"auto, (max-width: 1024px) 100vw, 1024px\" \/><\/figure><\/li><li class=\"blocks-gallery-item\"><figure><img loading=\"lazy\" decoding=\"async\" width=\"1024\" height=\"683\" src=\"http:\/\/burbiculo.com\/wp-content\/uploads\/2021\/06\/LMB1804-1024x683.jpg\" alt=\"\" data-id=\"442\" data-link=\"http:\/\/burbiculo.com\/trabajo-artistico\/si-me-deseas-puedes-entrar-a-mi-jaula\/attachment\/lmb1804\/\" class=\"wp-image-442\" srcset=\"https:\/\/burbiculo.com\/wp-content\/uploads\/2021\/06\/LMB1804-1024x683.jpg 1024w, https:\/\/burbiculo.com\/wp-content\/uploads\/2021\/06\/LMB1804-300x200.jpg 300w, https:\/\/burbiculo.com\/wp-content\/uploads\/2021\/06\/LMB1804-768x512.jpg 768w, https:\/\/burbiculo.com\/wp-content\/uploads\/2021\/06\/LMB1804-1536x1024.jpg 1536w, https:\/\/burbiculo.com\/wp-content\/uploads\/2021\/06\/LMB1804-1568x1045.jpg 1568w, https:\/\/burbiculo.com\/wp-content\/uploads\/2021\/06\/LMB1804.jpg 2048w\" sizes=\"auto, (max-width: 1024px) 100vw, 1024px\" \/><\/figure><\/li><li class=\"blocks-gallery-item\"><figure><img loading=\"lazy\" decoding=\"async\" width=\"1024\" height=\"683\" src=\"http:\/\/burbiculo.com\/wp-content\/uploads\/2021\/06\/LMB1807-1024x683.jpg\" alt=\"\" data-id=\"445\" data-link=\"http:\/\/burbiculo.com\/trabajo-artistico\/si-me-deseas-puedes-entrar-a-mi-jaula\/attachment\/lmb1807\/\" class=\"wp-image-445\" srcset=\"https:\/\/burbiculo.com\/wp-content\/uploads\/2021\/06\/LMB1807-1024x683.jpg 1024w, https:\/\/burbiculo.com\/wp-content\/uploads\/2021\/06\/LMB1807-300x200.jpg 300w, https:\/\/burbiculo.com\/wp-content\/uploads\/2021\/06\/LMB1807-768x512.jpg 768w, https:\/\/burbiculo.com\/wp-content\/uploads\/2021\/06\/LMB1807-1536x1024.jpg 1536w, https:\/\/burbiculo.com\/wp-content\/uploads\/2021\/06\/LMB1807-1568x1045.jpg 1568w, https:\/\/burbiculo.com\/wp-content\/uploads\/2021\/06\/LMB1807.jpg 2048w\" sizes=\"auto, (max-width: 1024px) 100vw, 1024px\" \/><\/figure><\/li><li class=\"blocks-gallery-item\"><figure><img loading=\"lazy\" decoding=\"async\" width=\"1024\" height=\"683\" src=\"http:\/\/burbiculo.com\/wp-content\/uploads\/2021\/06\/LMB1822-1024x683.jpg\" alt=\"\" data-id=\"457\" data-link=\"http:\/\/burbiculo.com\/trabajo-artistico\/si-me-deseas-puedes-entrar-a-mi-jaula\/attachment\/lmb1822\/\" class=\"wp-image-457\" srcset=\"https:\/\/burbiculo.com\/wp-content\/uploads\/2021\/06\/LMB1822-1024x683.jpg 1024w, https:\/\/burbiculo.com\/wp-content\/uploads\/2021\/06\/LMB1822-300x200.jpg 300w, https:\/\/burbiculo.com\/wp-content\/uploads\/2021\/06\/LMB1822-768x512.jpg 768w, https:\/\/burbiculo.com\/wp-content\/uploads\/2021\/06\/LMB1822-1536x1024.jpg 1536w, https:\/\/burbiculo.com\/wp-content\/uploads\/2021\/06\/LMB1822-1568x1045.jpg 1568w, https:\/\/burbiculo.com\/wp-content\/uploads\/2021\/06\/LMB1822.jpg 2048w\" sizes=\"auto, (max-width: 1024px) 100vw, 1024px\" \/><\/figure><\/li><li class=\"blocks-gallery-item\"><figure><img loading=\"lazy\" decoding=\"async\" width=\"1024\" height=\"683\" src=\"http:\/\/burbiculo.com\/wp-content\/uploads\/2021\/06\/LMB1849-1024x683.jpg\" alt=\"\" data-id=\"469\" data-link=\"http:\/\/burbiculo.com\/trabajo-artistico\/si-me-deseas-puedes-entrar-a-mi-jaula\/attachment\/lmb1849\/\" class=\"wp-image-469\" srcset=\"https:\/\/burbiculo.com\/wp-content\/uploads\/2021\/06\/LMB1849-1024x683.jpg 1024w, https:\/\/burbiculo.com\/wp-content\/uploads\/2021\/06\/LMB1849-300x200.jpg 300w, https:\/\/burbiculo.com\/wp-content\/uploads\/2021\/06\/LMB1849-768x512.jpg 768w, https:\/\/burbiculo.com\/wp-content\/uploads\/2021\/06\/LMB1849-1536x1024.jpg 1536w, https:\/\/burbiculo.com\/wp-content\/uploads\/2021\/06\/LMB1849-1568x1045.jpg 1568w, https:\/\/burbiculo.com\/wp-content\/uploads\/2021\/06\/LMB1849.jpg 2048w\" sizes=\"auto, (max-width: 1024px) 100vw, 1024px\" \/><\/figure><\/li><li class=\"blocks-gallery-item\"><figure><img loading=\"lazy\" decoding=\"async\" width=\"1024\" height=\"1024\" src=\"http:\/\/burbiculo.com\/wp-content\/uploads\/2021\/06\/LMB1857-1024x1024.jpg\" alt=\"\" data-id=\"478\" data-link=\"http:\/\/burbiculo.com\/trabajo-artistico\/si-me-deseas-puedes-entrar-a-mi-jaula\/attachment\/lmb1857\/\" class=\"wp-image-478\" srcset=\"https:\/\/burbiculo.com\/wp-content\/uploads\/2021\/06\/LMB1857-1024x1024.jpg 1024w, https:\/\/burbiculo.com\/wp-content\/uploads\/2021\/06\/LMB1857-300x300.jpg 300w, https:\/\/burbiculo.com\/wp-content\/uploads\/2021\/06\/LMB1857-150x150.jpg 150w, https:\/\/burbiculo.com\/wp-content\/uploads\/2021\/06\/LMB1857-768x768.jpg 768w, https:\/\/burbiculo.com\/wp-content\/uploads\/2021\/06\/LMB1857-1536x1536.jpg 1536w, https:\/\/burbiculo.com\/wp-content\/uploads\/2021\/06\/LMB1857.jpg 2048w, https:\/\/burbiculo.com\/wp-content\/uploads\/2021\/06\/LMB1857-1568x1568.jpg 1568w\" sizes=\"auto, (max-width: 1024px) 100vw, 1024px\" \/><\/figure><\/li><li class=\"blocks-gallery-item\"><figure><img loading=\"lazy\" decoding=\"async\" width=\"1024\" height=\"1024\" src=\"http:\/\/burbiculo.com\/wp-content\/uploads\/2021\/06\/LMB1919-1024x1024.jpg\" alt=\"\" data-id=\"501\" data-link=\"http:\/\/burbiculo.com\/trabajo-artistico\/si-me-deseas-puedes-entrar-a-mi-jaula\/attachment\/lmb1919\/\" class=\"wp-image-501\" srcset=\"https:\/\/burbiculo.com\/wp-content\/uploads\/2021\/06\/LMB1919-1024x1024.jpg 1024w, https:\/\/burbiculo.com\/wp-content\/uploads\/2021\/06\/LMB1919-300x300.jpg 300w, https:\/\/burbiculo.com\/wp-content\/uploads\/2021\/06\/LMB1919-150x150.jpg 150w, https:\/\/burbiculo.com\/wp-content\/uploads\/2021\/06\/LMB1919-768x768.jpg 768w, https:\/\/burbiculo.com\/wp-content\/uploads\/2021\/06\/LMB1919-1536x1536.jpg 1536w, https:\/\/burbiculo.com\/wp-content\/uploads\/2021\/06\/LMB1919.jpg 2048w, https:\/\/burbiculo.com\/wp-content\/uploads\/2021\/06\/LMB1919-1568x1568.jpg 1568w\" sizes=\"auto, (max-width: 1024px) 100vw, 1024px\" \/><\/figure><\/li><li class=\"blocks-gallery-item\"><figure><img loading=\"lazy\" decoding=\"async\" width=\"1024\" height=\"683\" src=\"http:\/\/burbiculo.com\/wp-content\/uploads\/2021\/06\/LMB1973-1-1024x683.jpg\" alt=\"\" data-id=\"511\" data-link=\"http:\/\/burbiculo.com\/trabajo-artistico\/si-me-deseas-puedes-entrar-a-mi-jaula\/attachment\/lmb1973-1\/\" class=\"wp-image-511\" srcset=\"https:\/\/burbiculo.com\/wp-content\/uploads\/2021\/06\/LMB1973-1-1024x683.jpg 1024w, https:\/\/burbiculo.com\/wp-content\/uploads\/2021\/06\/LMB1973-1-300x200.jpg 300w, https:\/\/burbiculo.com\/wp-content\/uploads\/2021\/06\/LMB1973-1-768x512.jpg 768w, https:\/\/burbiculo.com\/wp-content\/uploads\/2021\/06\/LMB1973-1-1536x1024.jpg 1536w, https:\/\/burbiculo.com\/wp-content\/uploads\/2021\/06\/LMB1973-1-1568x1045.jpg 1568w, https:\/\/burbiculo.com\/wp-content\/uploads\/2021\/06\/LMB1973-1.jpg 2048w\" sizes=\"auto, (max-width: 1024px) 100vw, 1024px\" \/><\/figure><\/li><li class=\"blocks-gallery-item\"><figure><img loading=\"lazy\" decoding=\"async\" width=\"1024\" height=\"683\" src=\"http:\/\/burbiculo.com\/wp-content\/uploads\/2021\/06\/LMB1979-1024x683.jpg\" alt=\"\" data-id=\"515\" data-link=\"http:\/\/burbiculo.com\/trabajo-artistico\/si-me-deseas-puedes-entrar-a-mi-jaula\/attachment\/lmb1979\/\" class=\"wp-image-515\" srcset=\"https:\/\/burbiculo.com\/wp-content\/uploads\/2021\/06\/LMB1979-1024x683.jpg 1024w, https:\/\/burbiculo.com\/wp-content\/uploads\/2021\/06\/LMB1979-300x200.jpg 300w, https:\/\/burbiculo.com\/wp-content\/uploads\/2021\/06\/LMB1979-768x512.jpg 768w, https:\/\/burbiculo.com\/wp-content\/uploads\/2021\/06\/LMB1979-1536x1024.jpg 1536w, https:\/\/burbiculo.com\/wp-content\/uploads\/2021\/06\/LMB1979-1568x1045.jpg 1568w, https:\/\/burbiculo.com\/wp-content\/uploads\/2021\/06\/LMB1979.jpg 2048w\" sizes=\"auto, (max-width: 1024px) 100vw, 1024px\" \/><\/figure><\/li><li class=\"blocks-gallery-item\"><figure><img loading=\"lazy\" decoding=\"async\" width=\"1024\" height=\"683\" src=\"http:\/\/burbiculo.com\/wp-content\/uploads\/2021\/06\/LMB1997-1024x683.jpg\" alt=\"\" data-id=\"522\" data-link=\"http:\/\/burbiculo.com\/trabajo-artistico\/si-me-deseas-puedes-entrar-a-mi-jaula\/attachment\/lmb1997\/\" class=\"wp-image-522\" srcset=\"https:\/\/burbiculo.com\/wp-content\/uploads\/2021\/06\/LMB1997-1024x683.jpg 1024w, https:\/\/burbiculo.com\/wp-content\/uploads\/2021\/06\/LMB1997-300x200.jpg 300w, https:\/\/burbiculo.com\/wp-content\/uploads\/2021\/06\/LMB1997-768x512.jpg 768w, https:\/\/burbiculo.com\/wp-content\/uploads\/2021\/06\/LMB1997-1536x1024.jpg 1536w, https:\/\/burbiculo.com\/wp-content\/uploads\/2021\/06\/LMB1997-1568x1045.jpg 1568w, https:\/\/burbiculo.com\/wp-content\/uploads\/2021\/06\/LMB1997.jpg 2048w\" sizes=\"auto, (max-width: 1024px) 100vw, 1024px\" \/><\/figure><\/li><li class=\"blocks-gallery-item\"><figure><img loading=\"lazy\" decoding=\"async\" width=\"1024\" height=\"683\" src=\"http:\/\/burbiculo.com\/wp-content\/uploads\/2021\/06\/LMB2046-1024x683.jpg\" alt=\"\" data-id=\"542\" data-full-url=\"http:\/\/burbiculo.com\/wp-content\/uploads\/2021\/06\/LMB2046.jpg\" data-link=\"http:\/\/burbiculo.com\/trabajo-artistico\/si-me-deseas-puedes-entrar-a-mi-jaula\/attachment\/lmb2046\/\" class=\"wp-image-542\" srcset=\"https:\/\/burbiculo.com\/wp-content\/uploads\/2021\/06\/LMB2046-1024x683.jpg 1024w, https:\/\/burbiculo.com\/wp-content\/uploads\/2021\/06\/LMB2046-300x200.jpg 300w, https:\/\/burbiculo.com\/wp-content\/uploads\/2021\/06\/LMB2046-768x512.jpg 768w, https:\/\/burbiculo.com\/wp-content\/uploads\/2021\/06\/LMB2046-1536x1024.jpg 1536w, https:\/\/burbiculo.com\/wp-content\/uploads\/2021\/06\/LMB2046-1568x1045.jpg 1568w, https:\/\/burbiculo.com\/wp-content\/uploads\/2021\/06\/LMB2046.jpg 2048w\" sizes=\"auto, (max-width: 1024px) 100vw, 1024px\" \/><\/figure><\/li><li class=\"blocks-gallery-item\"><figure><img loading=\"lazy\" decoding=\"async\" width=\"1024\" height=\"683\" src=\"http:\/\/burbiculo.com\/wp-content\/uploads\/2021\/06\/LMB2133-1024x683.jpg\" alt=\"\" data-id=\"545\" data-full-url=\"http:\/\/burbiculo.com\/wp-content\/uploads\/2021\/06\/LMB2133.jpg\" data-link=\"http:\/\/burbiculo.com\/trabajo-artistico\/si-me-deseas-puedes-entrar-a-mi-jaula\/attachment\/lmb2133\/\" class=\"wp-image-545\" srcset=\"https:\/\/burbiculo.com\/wp-content\/uploads\/2021\/06\/LMB2133-1024x683.jpg 1024w, https:\/\/burbiculo.com\/wp-content\/uploads\/2021\/06\/LMB2133-300x200.jpg 300w, https:\/\/burbiculo.com\/wp-content\/uploads\/2021\/06\/LMB2133-768x512.jpg 768w, https:\/\/burbiculo.com\/wp-content\/uploads\/2021\/06\/LMB2133-1536x1024.jpg 1536w, https:\/\/burbiculo.com\/wp-content\/uploads\/2021\/06\/LMB2133-1568x1045.jpg 1568w, https:\/\/burbiculo.com\/wp-content\/uploads\/2021\/06\/LMB2133.jpg 2048w\" sizes=\"auto, (max-width: 1024px) 100vw, 1024px\" \/><\/figure><\/li><li class=\"blocks-gallery-item\"><figure><img loading=\"lazy\" decoding=\"async\" width=\"1024\" height=\"1024\" src=\"http:\/\/burbiculo.com\/wp-content\/uploads\/2021\/06\/LMB2143-1024x1024.jpg\" alt=\"\" data-id=\"548\" data-full-url=\"http:\/\/burbiculo.com\/wp-content\/uploads\/2021\/06\/LMB2143.jpg\" data-link=\"http:\/\/burbiculo.com\/trabajo-artistico\/si-me-deseas-puedes-entrar-a-mi-jaula\/attachment\/lmb2143\/\" class=\"wp-image-548\" srcset=\"https:\/\/burbiculo.com\/wp-content\/uploads\/2021\/06\/LMB2143-1024x1024.jpg 1024w, https:\/\/burbiculo.com\/wp-content\/uploads\/2021\/06\/LMB2143-300x300.jpg 300w, https:\/\/burbiculo.com\/wp-content\/uploads\/2021\/06\/LMB2143-150x150.jpg 150w, https:\/\/burbiculo.com\/wp-content\/uploads\/2021\/06\/LMB2143-768x768.jpg 768w, https:\/\/burbiculo.com\/wp-content\/uploads\/2021\/06\/LMB2143-1536x1536.jpg 1536w, https:\/\/burbiculo.com\/wp-content\/uploads\/2021\/06\/LMB2143.jpg 2048w, https:\/\/burbiculo.com\/wp-content\/uploads\/2021\/06\/LMB2143-1568x1568.jpg 1568w\" sizes=\"auto, (max-width: 1024px) 100vw, 1024px\" \/><\/figure><\/li><\/ul><figcaption class=\"blocks-gallery-caption\">Photos par Luis Ma Barranco<\/figcaption><\/figure>\n","protected":false},"excerpt":{"rendered":"<p>Performance et installation, 2020 Ma performance-installation Si me deseas, puedes entrar a mi jaula a \u00e9t\u00e9 pr\u00e9sent\u00e9e une premi\u00e8re fois lors du festival Backdoor \u00e0 Mexico en f\u00e9vrier 2020, lors d&rsquo;une f\u00eate dans une ancienne prison pour femmes \u00e0 Mexico. L&rsquo;espace de mon installation \u00e9tait une cellule de prison \u00e0 l&rsquo;ancienne, avec des barreaux. Les&hellip; <a class=\"more-link\" href=\"https:\/\/burbiculo.com\/fr\/trabajo-artistico\/si-me-deseas-puedes-entrar-a-mi-jaula\/\">Poursuivre la lecture <span class=\"screen-reader-text\">Si me deseas, puedes entrar a mi jaula<\/span><\/a><\/p>\n","protected":false},"author":1,"featured_media":0,"parent":670,"menu_order":0,"comment_status":"closed","ping_status":"closed","template":"","meta":{"footnotes":""},"class_list":["post-728","page","type-page","status-publish","hentry","entry"],"_links":{"self":[{"href":"https:\/\/burbiculo.com\/fr\/wp-json\/wp\/v2\/pages\/728","targetHints":{"allow":["GET"]}}],"collection":[{"href":"https:\/\/burbiculo.com\/fr\/wp-json\/wp\/v2\/pages"}],"about":[{"href":"https:\/\/burbiculo.com\/fr\/wp-json\/wp\/v2\/types\/page"}],"author":[{"embeddable":true,"href":"https:\/\/burbiculo.com\/fr\/wp-json\/wp\/v2\/users\/1"}],"replies":[{"embeddable":true,"href":"https:\/\/burbiculo.com\/fr\/wp-json\/wp\/v2\/comments?post=728"}],"version-history":[{"count":3,"href":"https:\/\/burbiculo.com\/fr\/wp-json\/wp\/v2\/pages\/728\/revisions"}],"predecessor-version":[{"id":746,"href":"https:\/\/burbiculo.com\/fr\/wp-json\/wp\/v2\/pages\/728\/revisions\/746"}],"up":[{"embeddable":true,"href":"https:\/\/burbiculo.com\/fr\/wp-json\/wp\/v2\/pages\/670"}],"wp:attachment":[{"href":"https:\/\/burbiculo.com\/fr\/wp-json\/wp\/v2\/media?parent=728"}],"curies":[{"name":"wp","href":"https:\/\/api.w.org\/{rel}","templated":true}]}}