{"id":737,"date":"2021-07-04T21:21:59","date_gmt":"2021-07-04T21:21:59","guid":{"rendered":"http:\/\/burbiculo.com\/?page_id=737"},"modified":"2021-07-04T21:22:07","modified_gmt":"2021-07-04T21:22:07","slug":"zemmoa","status":"publish","type":"page","link":"https:\/\/burbiculo.com\/fr\/trabajo-artistico\/zemmoa\/","title":{"rendered":"Zemmoa"},"content":{"rendered":"\n<p class=\"has-orange-color has-text-color\">Je collabore avec <a rel=\"noreferrer noopener\" href=\"https:\/\/zemmoa.com\/\" target=\"_blank\">Zemmoa<\/a> depuis 2018 en tant que danseur.se et co-chor\u00e9graphe. Nous avons cr\u00e9\u00e9 et pr\u00e9sent\u00e9 des spectacles pour la Marche de la Fiert\u00e9 LGBT de Mexico en 2018 et 2019, pour le festival Mix et le festival FIDS, et lors d&rsquo;\u00e9v\u00e9nements et de f\u00eates. La danseuse avec qui je partage toujours la sc\u00e8ne est <a rel=\"noreferrer noopener\" href=\"https:\/\/www.instagram.com\/doloresdebernardo\/\" target=\"_blank\">Dolores<\/a>, une amie ch\u00e8re et grande complice artistique.<\/p>\n\n\n\n<figure class=\"wp-block-embed is-type-rich is-provider-prise-en-charge-des-contenus-embarques wp-block-embed-prise-en-charge-des-contenus-embarques wp-embed-aspect-16-9 wp-has-aspect-ratio\"><div class=\"wp-block-embed__wrapper\">\n<iframe loading=\"lazy\" title=\"Zemmoa \u00b7 Guerrera de la Diversidad\" width=\"750\" height=\"422\" src=\"https:\/\/www.youtube.com\/embed\/6XZipF0AwaY?feature=oembed\" frameborder=\"0\" allow=\"accelerometer; autoplay; clipboard-write; encrypted-media; gyroscope; picture-in-picture\" allowfullscreen><\/iframe>\n<\/div><\/figure>\n\n\n\n<p class=\"has-orange-color has-text-color\" id=\"tw-target-text\">Cette vid\u00e9o qui documente le processus de cr\u00e9ation et le spectacle de la 41e Marche des la Fiert\u00e9 LGBT de Mexico 2019 est l&rsquo;une de mes vid\u00e9os pr\u00e9f\u00e9r\u00e9es \u00e0 vie. Je n&rsquo;ai pas grand chose \u00e0 ajouter \u00e0 ce qui est dit dans cette vid\u00e9o. Elle me rend fier.e et content.e. <br>Vid\u00e9o d&rsquo;Arturo Gomez.<\/p>\n\n\n\n<figure class=\"wp-block-video\"><video height=\"402\" style=\"aspect-ratio: 720 \/ 402;\" width=\"720\" controls poster=\"http:\/\/burbiculo.com\/wp-content\/uploads\/2021\/06\/Capture-decran-201.png\" src=\"http:\/\/burbiculo.com\/wp-content\/uploads\/2021\/06\/Zemm-Teatro-de-la-ciudad.mp4\"><\/video><\/figure>\n\n\n\n<p class=\"has-orange-color has-text-color\">Inauguration du 23e Festival Mix: Cine y Diversidad Sexual, Teatro de la Ciudad Esperanza Iris, 16 mai 2019<\/p>\n\n\n\n<figure class=\"wp-block-video\"><video height=\"406\" style=\"aspect-ratio: 720 \/ 406;\" width=\"720\" controls poster=\"http:\/\/burbiculo.com\/wp-content\/uploads\/2021\/06\/Capture-decran-203.png\" src=\"http:\/\/burbiculo.com\/wp-content\/uploads\/2021\/06\/El-gato-y-yo-Chopo.mp4\"><\/video><\/figure>\n\n\n\n<p class=\"has-orange-color has-text-color\"><em>El gato y yo<\/em>, 32e Festival Internacional por la Diversidad Sexual\u00a0(FIDS) (Festival International pour la Diversit\u00e9 Sexuelle), Museo del Chopo, 15 juin 2019<\/p>\n\n\n\n<figure class=\"wp-block-video\"><video height=\"406\" style=\"aspect-ratio: 720 \/ 406;\" width=\"720\" controls poster=\"http:\/\/burbiculo.com\/wp-content\/uploads\/2021\/06\/Capture-decran-202.png\" src=\"http:\/\/burbiculo.com\/wp-content\/uploads\/2021\/06\/No-pensar-en-ti-Chopo-caida-Dolores.mp4\"><\/video><\/figure>\n\n\n\n<p class=\"has-orange-color has-text-color\"><em>No pensar en ti<\/em>, 32e Festival Internacional por la Diversidad Sexual (FIDS) (Festival International pour la Diversit\u00e9 Sexuelle), Museo del Chopo, 15 juin 2019<\/p>\n\n\n\n<figure class=\"wp-block-video aligncenter\"><video controls src=\"http:\/\/burbiculo.com\/wp-content\/uploads\/2021\/06\/Preview-2-Zemmoa.mp4\"><\/video><\/figure>\n\n\n\n<p class=\"has-orange-color has-text-color\">Bande-annonce du court film documentaire <em>Guerrera de la diversidad<\/em><br>Vid\u00e9o d&rsquo;Arturo Gomez<\/p>\n","protected":false},"excerpt":{"rendered":"<p>Je collabore avec Zemmoa depuis 2018 en tant que danseur.se et co-chor\u00e9graphe. Nous avons cr\u00e9\u00e9 et pr\u00e9sent\u00e9 des spectacles pour la Marche de la Fiert\u00e9 LGBT de Mexico en 2018 et 2019, pour le festival Mix et le festival FIDS, et lors d&rsquo;\u00e9v\u00e9nements et de f\u00eates. La danseuse avec qui je partage toujours la sc\u00e8ne&hellip; <a class=\"more-link\" href=\"https:\/\/burbiculo.com\/fr\/trabajo-artistico\/zemmoa\/\">Poursuivre la lecture <span class=\"screen-reader-text\">Zemmoa<\/span><\/a><\/p>\n","protected":false},"author":1,"featured_media":0,"parent":670,"menu_order":0,"comment_status":"closed","ping_status":"closed","template":"","meta":{"footnotes":""},"class_list":["post-737","page","type-page","status-publish","hentry","entry"],"_links":{"self":[{"href":"https:\/\/burbiculo.com\/fr\/wp-json\/wp\/v2\/pages\/737","targetHints":{"allow":["GET"]}}],"collection":[{"href":"https:\/\/burbiculo.com\/fr\/wp-json\/wp\/v2\/pages"}],"about":[{"href":"https:\/\/burbiculo.com\/fr\/wp-json\/wp\/v2\/types\/page"}],"author":[{"embeddable":true,"href":"https:\/\/burbiculo.com\/fr\/wp-json\/wp\/v2\/users\/1"}],"replies":[{"embeddable":true,"href":"https:\/\/burbiculo.com\/fr\/wp-json\/wp\/v2\/comments?post=737"}],"version-history":[{"count":1,"href":"https:\/\/burbiculo.com\/fr\/wp-json\/wp\/v2\/pages\/737\/revisions"}],"predecessor-version":[{"id":738,"href":"https:\/\/burbiculo.com\/fr\/wp-json\/wp\/v2\/pages\/737\/revisions\/738"}],"up":[{"embeddable":true,"href":"https:\/\/burbiculo.com\/fr\/wp-json\/wp\/v2\/pages\/670"}],"wp:attachment":[{"href":"https:\/\/burbiculo.com\/fr\/wp-json\/wp\/v2\/media?parent=737"}],"curies":[{"name":"wp","href":"https:\/\/api.w.org\/{rel}","templated":true}]}}