{"id":83,"date":"2021-06-09T20:56:07","date_gmt":"2021-06-09T20:56:07","guid":{"rendered":"http:\/\/burbiculo.com\/?page_id=83"},"modified":"2025-03-25T20:18:12","modified_gmt":"2025-03-25T20:18:12","slug":"bio","status":"publish","type":"page","link":"https:\/\/burbiculo.com\/fr\/","title":{"rendered":"Bio"},"content":{"rendered":"\n<div class=\"wp-block-group alignfull has-orange-color has-text-color\"><div class=\"wp-block-group__inner-container is-layout-flow wp-block-group-is-layout-flow\">\n<h2 class=\"wp-block-heading alignfull has-orange-color has-text-color\">Burbiculo \/ Florianne Philippe-Beauchamp<\/h2>\n\n\n\n<figure class=\"wp-block-image size-large\"><img loading=\"lazy\" decoding=\"async\" width=\"1024\" height=\"576\" src=\"http:\/\/burbiculo.com\/wp-content\/uploads\/2021\/06\/187671568_138510281649139_2083594769197056497_n-2-edited-1024x576.jpg\" alt=\"\" class=\"wp-image-79\" srcset=\"https:\/\/burbiculo.com\/wp-content\/uploads\/2021\/06\/187671568_138510281649139_2083594769197056497_n-2-edited-1024x576.jpg 1024w, https:\/\/burbiculo.com\/wp-content\/uploads\/2021\/06\/187671568_138510281649139_2083594769197056497_n-2-edited-300x169.jpg 300w, https:\/\/burbiculo.com\/wp-content\/uploads\/2021\/06\/187671568_138510281649139_2083594769197056497_n-2-edited-768x432.jpg 768w, https:\/\/burbiculo.com\/wp-content\/uploads\/2021\/06\/187671568_138510281649139_2083594769197056497_n-2-edited.jpg 1080w\" sizes=\"auto, (max-width: 1024px) 100vw, 1024px\" \/><figcaption class=\"wp-element-caption\"><sup><sup>\u201cPublic \/ Private Parts ou L\u2019Origine du monde\u201d par Gerard X Reyes.<\/sup><br><sup>Interpr\u00e8te: Florianne Philippe-Beauchamp. Photographe: Juan David Padilla.<\/sup><\/sup><\/figcaption><\/figure>\n\n\n\n<p class=\"has-drop-cap has-red-color has-text-color\">Burbiculo\/Florianne Philippe-Beauchamp est danseur.se, artiste de performance et \u00e9ducateur sexuel somatique. Iel se d\u00e9veloppe dans un environnement artistique pluridisciplinaire et sa pratique est ax\u00e9e sur l&rsquo;\u00e9tude du corps vivant, avec ses transformations et ses limites, ce qui implique un int\u00e9r\u00eat pour les potentialit\u00e9s de la sensualit\u00e9, du d\u00e9sir, du genre, de la folie et de la f\u00eate. Son travail prend la forme de performances, d&rsquo;installations immersives, de pi\u00e8ces de danse et de vid\u00e9os.<\/p>\n\n\n\n<p>Florianne a re\u00e7u une formation en danse classique de 8 ans avant d&rsquo;explorer les danses urbaines, ce qui l&rsquo;a amen\u00e9.e \u00e0 apprendre le dancehall et \u00e0 approfondir sa formation en Jama\u00efque. Grandir dans le <em>nightlife<\/em> \u00e0 Montr\u00e9al, puis \u00e0 Mexico, a eu un impact qui se r\u00e9percute sur son identit\u00e9 comme danseur.se. Ses recherches l\u2019ont men\u00e9.e \u00e0 se former comme \u00e9ducatrice sexuelle somatique \u00e0 l\u2019Institute for the Study of Somatic Sex Education (ISSSE, Victoria, Canada). Son travail p\u00e9dagogique sur la sensualit\u00e9 en mouvement a une port\u00e9e internationale.<\/p>\n\n\n\n<p>Burbiculo a collabor\u00e9 avec le Mus\u00e9e Caba\u00f1as, le festival Ceremonia, le Centro Cultural del Bosque, le Centro Cultural Espa\u00f1a au Mexique, le Centro de la Imagen, le collectif Traici\u00f3n, l&rsquo;Arenero et l&rsquo;Espacio Sin Nombre (Mexique), le festival Pervers\/cit\u00e9 (Canada) et l&rsquo;Universit\u00e9 des Beaux-Arts de M\u00fcnster (Allemagne). Iel a \u00e9t\u00e9 chor\u00e9graphe et danseur.se pour l&rsquo;artiste Zemmoa, avec qui iel a dans\u00e9 au Z\u00f3calo, au Teatro de la Ciudad Esperanza Iris et au Museo universitario del Chopo. Florianne a travaill\u00e9 avec le chor\u00e9graphe C\u00e9sar Brodermann et sa compagnie Aterno, avec qui iel a dans\u00e9 au Conjunto Santander et \u00e0 Danza UNAM, et pendant la Mexico City Art Week. La performance de Florianne SANGUAZA a \u00e9t\u00e9 nomin\u00e9e pour la meilleure \u0153uvre de l&rsquo;ann\u00e9e 2022 par \u00ab\u00a0Obras de Arte Comentadas\u00a0\u00bb. Iel a re\u00e7u une bourse de cr\u00e9ation du Conseil des arts du Canada en 2023.<\/p>\n<\/div><\/div>\n\n\n\n<p><\/p>\n","protected":false},"excerpt":{"rendered":"<p>Burbiculo \/ Florianne Philippe-Beauchamp Burbiculo\/Florianne Philippe-Beauchamp est danseur.se, artiste de performance et \u00e9ducateur sexuel somatique. Iel se d\u00e9veloppe dans un environnement artistique pluridisciplinaire et sa pratique est ax\u00e9e sur l&rsquo;\u00e9tude du corps vivant, avec ses transformations et ses limites, ce qui implique un int\u00e9r\u00eat pour les potentialit\u00e9s de la sensualit\u00e9, du d\u00e9sir, du genre, de&hellip; <a class=\"more-link\" href=\"https:\/\/burbiculo.com\/fr\/\">Poursuivre la lecture <span class=\"screen-reader-text\">Bio<\/span><\/a><\/p>\n","protected":false},"author":1,"featured_media":0,"parent":0,"menu_order":0,"comment_status":"closed","ping_status":"closed","template":"","meta":{"footnotes":""},"class_list":["post-83","page","type-page","status-publish","hentry","entry"],"_links":{"self":[{"href":"https:\/\/burbiculo.com\/fr\/wp-json\/wp\/v2\/pages\/83","targetHints":{"allow":["GET"]}}],"collection":[{"href":"https:\/\/burbiculo.com\/fr\/wp-json\/wp\/v2\/pages"}],"about":[{"href":"https:\/\/burbiculo.com\/fr\/wp-json\/wp\/v2\/types\/page"}],"author":[{"embeddable":true,"href":"https:\/\/burbiculo.com\/fr\/wp-json\/wp\/v2\/users\/1"}],"replies":[{"embeddable":true,"href":"https:\/\/burbiculo.com\/fr\/wp-json\/wp\/v2\/comments?post=83"}],"version-history":[{"count":12,"href":"https:\/\/burbiculo.com\/fr\/wp-json\/wp\/v2\/pages\/83\/revisions"}],"predecessor-version":[{"id":2068,"href":"https:\/\/burbiculo.com\/fr\/wp-json\/wp\/v2\/pages\/83\/revisions\/2068"}],"wp:attachment":[{"href":"https:\/\/burbiculo.com\/fr\/wp-json\/wp\/v2\/media?parent=83"}],"curies":[{"name":"wp","href":"https:\/\/api.w.org\/{rel}","templated":true}]}}