{"id":860,"date":"2021-10-01T23:32:15","date_gmt":"2021-10-01T23:32:15","guid":{"rendered":"http:\/\/burbiculo.com\/?page_id=860"},"modified":"2021-10-01T23:32:16","modified_gmt":"2021-10-01T23:32:16","slug":"residencia-artistica-ser","status":"publish","type":"page","link":"https:\/\/burbiculo.com\/fr\/trabajo-artistico\/residencia-artistica-ser\/","title":{"rendered":"R\u00e9sidence artistique SER"},"content":{"rendered":"\n<figure class=\"wp-block-embed is-type-video is-provider-vimeo wp-block-embed-vimeo wp-embed-aspect-16-9 wp-has-aspect-ratio\"><div class=\"wp-block-embed__wrapper\">\n<iframe loading=\"lazy\" title=\"Archivo residencia SER\" src=\"https:\/\/player.vimeo.com\/video\/613980832?h=f3071f5cba&amp;dnt=1&amp;app_id=122963\" width=\"750\" height=\"422\" frameborder=\"0\" allow=\"autoplay; fullscreen; picture-in-picture\" allowfullscreen><\/iframe>\n<\/div><\/figure>\n\n\n\n<p class=\"has-orange-color has-text-color\">Composition vid\u00e9o d&rsquo;investigations chor\u00e9graphiques r\u00e9alis\u00e9e dans le cadre de ma r\u00e9sidence artistique \u00e0 SER (School of Empathetic Research @empatheticresearch), juillet 2021.<\/p>\n\n\n\n<p class=\"has-orange-color has-text-color\">Vid\u00e9os de Rai Jacobo Velasco<br>Musique : Gimme Some de Weval<br>\u00c9dition vid\u00e9o : Florianne Philippe-Beauchamp<\/p>\n\n\n\n<p class=\"has-orange-color has-text-color\">J&rsquo;ai pass\u00e9 le mois de juillet \u00e0 Zoncuantla, pr\u00e8s de Xalapa, Veracruz (Mexique), en r\u00e9sidence artistique au SER. J&rsquo;ai beaucoup aim\u00e9 danser dans la rivi\u00e8re, dans le jardin et dans la for\u00eat. J&rsquo;ai fait des recherches chor\u00e9graphiques sur les mouvements thoraciques et abdominaux, les mouvements isol\u00e9s des omoplates, les mouvements tr\u00e8s lents, et les jeux entre les plans verticaux et horizontaux. J&rsquo;ai aussi beaucoup lu sur la respiration, son anatomie, ses fonctions inconnues et spirituelles. Pendant la m\u00eame p\u00e9riode, un organisme de ressources alternatives en sant\u00e9 mentale de Montr\u00e9al (o\u00f9 j&rsquo;ai grandi) m&rsquo;a contact\u00e9.e pour que je partage mon histoire de servrage des m\u00e9dicaments psychiatriques dans un documentaire (j&rsquo;ai \u00e9crit et auto-publi\u00e9 un petit livre sur le sujet en 2016, apr\u00e8s avoir \u00e9t\u00e9 m\u00e9dicament\u00e9.e pendant 4 ans et demi). Mon mois de solitude dans la for\u00eat de brume m&rsquo;a permis de continuer ma d\u00e9marche avec les traumatismes profonds que la psychiatrie m&rsquo;a laiss\u00e9s. Ma recherche chor\u00e9graphique a \u00e0 voir avec \u00e7a ; une sorte d&rsquo;exorcisme de la psychiatrie de mon corps par le mouvement. J&rsquo;entame un processus de cr\u00e9ation qui va \u00eatre long.<\/p>\n","protected":false},"excerpt":{"rendered":"<p>Composition vid\u00e9o d&rsquo;investigations chor\u00e9graphiques r\u00e9alis\u00e9e dans le cadre de ma r\u00e9sidence artistique \u00e0 SER (School of Empathetic Research @empatheticresearch), juillet 2021. Vid\u00e9os de Rai Jacobo VelascoMusique : Gimme Some de Weval\u00c9dition vid\u00e9o : Florianne Philippe-Beauchamp J&rsquo;ai pass\u00e9 le mois de juillet \u00e0 Zoncuantla, pr\u00e8s de Xalapa, Veracruz (Mexique), en r\u00e9sidence artistique au SER. J&rsquo;ai beaucoup&hellip; <a class=\"more-link\" href=\"https:\/\/burbiculo.com\/fr\/trabajo-artistico\/residencia-artistica-ser\/\">Poursuivre la lecture <span class=\"screen-reader-text\">R\u00e9sidence artistique SER<\/span><\/a><\/p>\n","protected":false},"author":1,"featured_media":0,"parent":670,"menu_order":0,"comment_status":"closed","ping_status":"closed","template":"","meta":{"footnotes":""},"class_list":["post-860","page","type-page","status-publish","hentry","entry"],"_links":{"self":[{"href":"https:\/\/burbiculo.com\/fr\/wp-json\/wp\/v2\/pages\/860","targetHints":{"allow":["GET"]}}],"collection":[{"href":"https:\/\/burbiculo.com\/fr\/wp-json\/wp\/v2\/pages"}],"about":[{"href":"https:\/\/burbiculo.com\/fr\/wp-json\/wp\/v2\/types\/page"}],"author":[{"embeddable":true,"href":"https:\/\/burbiculo.com\/fr\/wp-json\/wp\/v2\/users\/1"}],"replies":[{"embeddable":true,"href":"https:\/\/burbiculo.com\/fr\/wp-json\/wp\/v2\/comments?post=860"}],"version-history":[{"count":1,"href":"https:\/\/burbiculo.com\/fr\/wp-json\/wp\/v2\/pages\/860\/revisions"}],"predecessor-version":[{"id":861,"href":"https:\/\/burbiculo.com\/fr\/wp-json\/wp\/v2\/pages\/860\/revisions\/861"}],"up":[{"embeddable":true,"href":"https:\/\/burbiculo.com\/fr\/wp-json\/wp\/v2\/pages\/670"}],"wp:attachment":[{"href":"https:\/\/burbiculo.com\/fr\/wp-json\/wp\/v2\/media?parent=860"}],"curies":[{"name":"wp","href":"https:\/\/api.w.org\/{rel}","templated":true}]}}